{"id":3762,"date":"2025-12-03T15:04:31","date_gmt":"2025-12-03T15:04:31","guid":{"rendered":"https:\/\/previntegral.com\/producto\/especialitat-en-muntatge-destructures-tubulars\/"},"modified":"2026-03-16T18:32:31","modified_gmt":"2026-03-16T18:32:31","slug":"especializados-en-el-desmontaje-destructivo-de-estructuras-tubulares","status":"publish","type":"product","link":"https:\/\/previntegral.com\/es\/producto\/especialitat-en-muntatge-destructures-tubulars\/","title":{"rendered":"Especialidad en Montaje de estructuras tubulares"},"content":{"rendered":"<p>Si trabajas en el sector de la construcci\u00f3n o quieres entrar en \u00e9l, es imprescindible tener una formaci\u00f3n espec\u00edfica en <strong>Montaje de estructuras tubulares<\/strong>, que garantiza la seguridad y la eficacia en el lugar de trabajo. Este curso <strong>presencial<\/strong> de <strong>6 horas<\/strong> cumple plenamente con el marco legal y normativo de <strong>Convenio colectivo para el sector de la construcci\u00f3n<\/strong>, proporcion\u00e1ndole las habilidades y conocimientos esenciales para llevar a cabo las tareas espec\u00edficas relacionadas con las estructuras tubulares. Adem\u00e1s de aprender t\u00e9cnicas pr\u00e1cticas, este curso pone especial \u00e9nfasis en el <strong>prevenci\u00f3n de riesgos laborales<\/strong>, un aspecto clave para garantizar un entorno seguro en la obra. La formaci\u00f3n en esta especializaci\u00f3n te permite estar preparado para cumplir con los requisitos de formaci\u00f3n y fomentar una actitud profesional responsable que respete la normativa vigente y garantice la m\u00e1xima calidad y seguridad en las tareas de montaje.<\/p>","protected":false},"excerpt":{"rendered":"<p>Si treballes en el sector de la construcci\u00f3 o hi vols entrar, \u00e9s imprescindible comptar amb una formaci\u00f3 espec\u00edfica en muntatge d&#8217;estructures tubulars, que garanteixi la seguretat i l&#8217;efic\u00e0cia al lloc de treball. Aquest curs presencial de 6 hores s\u2019adapta completament al marc legal i normatiu del conveni col\u00b7lectiu del sector de la construcci\u00f3, oferint-te [&hellip;]<\/p>\n","protected":false},"featured_media":3764,"comment_status":"open","ping_status":"closed","template":"","meta":{"_acf_changed":false},"product_brand":[],"product_cat":[38],"product_tag":[],"class_list":{"0":"post-3762","1":"product","2":"type-product","3":"status-publish","4":"has-post-thumbnail","6":"product_cat-construccio","8":"first","9":"instock","10":"virtual","11":"taxable","12":"purchasable","13":"product-type-curso"},"acf":[],"precio_regular_curso":150.04,"precio_bonificado_curso":157.3,"_links":{"self":[{"href":"https:\/\/previntegral.com\/es\/wp-json\/wp\/v2\/product\/3762","targetHints":{"allow":["GET"]}}],"collection":[{"href":"https:\/\/previntegral.com\/es\/wp-json\/wp\/v2\/product"}],"about":[{"href":"https:\/\/previntegral.com\/es\/wp-json\/wp\/v2\/types\/product"}],"replies":[{"embeddable":true,"href":"https:\/\/previntegral.com\/es\/wp-json\/wp\/v2\/comments?post=3762"}],"wp:featuredmedia":[{"embeddable":true,"href":"https:\/\/previntegral.com\/es\/wp-json\/wp\/v2\/media\/3764"}],"wp:attachment":[{"href":"https:\/\/previntegral.com\/es\/wp-json\/wp\/v2\/media?parent=3762"}],"wp:term":[{"taxonomy":"product_brand","embeddable":true,"href":"https:\/\/previntegral.com\/es\/wp-json\/wp\/v2\/product_brand?post=3762"},{"taxonomy":"product_cat","embeddable":true,"href":"https:\/\/previntegral.com\/es\/wp-json\/wp\/v2\/product_cat?post=3762"},{"taxonomy":"product_tag","embeddable":true,"href":"https:\/\/previntegral.com\/es\/wp-json\/wp\/v2\/product_tag?post=3762"}],"curies":[{"name":"WordPress","href":"https:\/\/api.w.org\/{rel}","templated":true}]}}