{"id":3768,"date":"2025-12-03T15:05:30","date_gmt":"2025-12-03T15:05:30","guid":{"rendered":"https:\/\/previntegral.com\/producto\/especialitat-en-operadors-de-vehicles-i-maquinaria-de-moviment-de-terres\/"},"modified":"2026-03-16T18:32:31","modified_gmt":"2026-03-16T18:32:31","slug":"especializados-en-operadores-de-vehiculos-y-maquinaria-de-movimiento-de-tierras","status":"publish","type":"product","link":"https:\/\/previntegral.com\/es\/producto\/especialitat-en-operadors-de-vehicles-i-maquinaria-de-moviment-de-terres\/","title":{"rendered":"Especializados en conductores de veh\u00edculos y maquinaria de movimiento de tierras"},"content":{"rendered":"<p>Si trabajas en el sector de la construcci\u00f3n como operador de veh\u00edculos y maquinaria de movimiento de tierras, esta formaci\u00f3n presencial de seis horas es imprescindible para ti. El curso ofrece una preparaci\u00f3n completa para adquirir las competencias necesarias. <strong>Habilidades b\u00e1sicas<\/strong> necesarios para el uso seguro y eficaz de este tipo de maquinaria, de conformidad con la normativa vigente en materia de prevenci\u00f3n de riesgos laborales. Est\u00e1 dise\u00f1ado para abarcar tanto los aspectos comunes aplicables a todos los oficios como los requisitos espec\u00edficos del manejo de maquinaria pesada en la obra. Impartido por un centro acreditado por la Construction Labour Foundation, este curso garantiza el cumplimiento de la <strong>obligaciones de formaci\u00f3n<\/strong> Regulada por el convenio colectivo del sector, contribuye a crear un entorno de trabajo m\u00e1s seguro. Esta formaci\u00f3n presencial es fundamental para poder acceder a las obras y trabajar con garant\u00edas profesionales y de seguridad, de conformidad con la legislaci\u00f3n vigente y los requisitos del sector.<\/p>","protected":false},"excerpt":{"rendered":"<p>Si treballes en el sector de la construcci\u00f3 com a operador de vehicles i maquin\u00e0ria de moviment de terres, aquesta formaci\u00f3 presencial de 6 hores \u00e9s imprescindible per a tu. El curs ofereix una preparaci\u00f3 completa per adquirir les compet\u00e8ncies b\u00e0siques necess\u00e0ries per a l&#8217;\u00fas segur i efica\u00e7 d\u2019aquest tipus de maquin\u00e0ria, d\u2019acord amb la [&hellip;]<\/p>\n","protected":false},"featured_media":3770,"comment_status":"open","ping_status":"closed","template":"","meta":{"_acf_changed":false},"product_brand":[],"product_cat":[38],"product_tag":[],"class_list":{"0":"post-3768","1":"product","2":"type-product","3":"status-publish","4":"has-post-thumbnail","6":"product_cat-construccio","8":"first","9":"instock","10":"virtual","11":"taxable","12":"purchasable","13":"product-type-curso"},"acf":[],"precio_regular_curso":150.04,"precio_bonificado_curso":157.3,"_links":{"self":[{"href":"https:\/\/previntegral.com\/es\/wp-json\/wp\/v2\/product\/3768","targetHints":{"allow":["GET"]}}],"collection":[{"href":"https:\/\/previntegral.com\/es\/wp-json\/wp\/v2\/product"}],"about":[{"href":"https:\/\/previntegral.com\/es\/wp-json\/wp\/v2\/types\/product"}],"replies":[{"embeddable":true,"href":"https:\/\/previntegral.com\/es\/wp-json\/wp\/v2\/comments?post=3768"}],"wp:featuredmedia":[{"embeddable":true,"href":"https:\/\/previntegral.com\/es\/wp-json\/wp\/v2\/media\/3770"}],"wp:attachment":[{"href":"https:\/\/previntegral.com\/es\/wp-json\/wp\/v2\/media?parent=3768"}],"wp:term":[{"taxonomy":"product_brand","embeddable":true,"href":"https:\/\/previntegral.com\/es\/wp-json\/wp\/v2\/product_brand?post=3768"},{"taxonomy":"product_cat","embeddable":true,"href":"https:\/\/previntegral.com\/es\/wp-json\/wp\/v2\/product_cat?post=3768"},{"taxonomy":"product_tag","embeddable":true,"href":"https:\/\/previntegral.com\/es\/wp-json\/wp\/v2\/product_tag?post=3768"}],"curies":[{"name":"WordPress","href":"https:\/\/api.w.org\/{rel}","templated":true}]}}