{"id":3771,"date":"2025-12-03T15:06:08","date_gmt":"2025-12-03T15:06:08","guid":{"rendered":"https:\/\/previntegral.com\/producto\/especialitat-en-operadors-dequips-manuals\/"},"modified":"2026-03-16T18:32:31","modified_gmt":"2026-03-16T18:32:31","slug":"especializacion-en-operadores-de-maquinaria-manual","status":"publish","type":"product","link":"https:\/\/previntegral.com\/es\/producto\/especialitat-en-operadors-dequips-manuals\/","title":{"rendered":"Especializaci\u00f3n en operadores de equipos manuales"},"content":{"rendered":"<p>En el sector de la construcci\u00f3n, el <strong>Formaci\u00f3n espec\u00edfica<\/strong> El manejo del equipo manual es fundamental para garantizar la <strong>Seguridad en el lugar de trabajo<\/strong> y el cumplimiento de la normativa vigente. Este curso, de seis horas de duraci\u00f3n, se imparte en formato 100%. <strong>presencial<\/strong>, est\u00e1 dise\u00f1ado para proporcionar a los participantes los conocimientos y las <strong>habilidades pr\u00e1cticas<\/strong> necesario para manejar equipos manuales de forma segura y eficaz. Adaptado a los requisitos de la <strong>Convenio colectivo para el sector de la construcci\u00f3n<\/strong>, la formaci\u00f3n hace especial hincapi\u00e9 en el <strong>prevenci\u00f3n de riesgos laborales<\/strong> espec\u00edficos de esta actividad. Con un enfoque pr\u00e1ctico y centrado en la aplicaci\u00f3n directa en el trabajo, este curso es ideal para los trabajadores que deseen cumplir con las <strong>obligaciones de formaci\u00f3n<\/strong> normativa y mejorar su capacidad profesional en el sector, garantizando un entorno de trabajo m\u00e1s seguro para todos.<\/p>","protected":false},"excerpt":{"rendered":"<p>En el sector de la construcci\u00f3, la formaci\u00f3 espec\u00edfica en el maneig d\u2019equips manuals \u00e9s clau per garantir la seguretat laboral i el compliment de la normativa vigent. Aquest curs, d\u2019una durada de 6 hores i impartit de manera 100% presencial, est\u00e0 dissenyat per proporcionar als participants els coneixements i les habilitats pr\u00e0ctiques necess\u00e0ries per [&hellip;]<\/p>\n","protected":false},"featured_media":3773,"comment_status":"open","ping_status":"closed","template":"","meta":{"_acf_changed":false},"product_brand":[],"product_cat":[38],"product_tag":[],"class_list":{"0":"post-3771","1":"product","2":"type-product","3":"status-publish","4":"has-post-thumbnail","6":"product_cat-construccio","8":"first","9":"instock","10":"virtual","11":"taxable","12":"purchasable","13":"product-type-curso"},"acf":[],"precio_regular_curso":150.04,"precio_bonificado_curso":157.3,"_links":{"self":[{"href":"https:\/\/previntegral.com\/es\/wp-json\/wp\/v2\/product\/3771","targetHints":{"allow":["GET"]}}],"collection":[{"href":"https:\/\/previntegral.com\/es\/wp-json\/wp\/v2\/product"}],"about":[{"href":"https:\/\/previntegral.com\/es\/wp-json\/wp\/v2\/types\/product"}],"replies":[{"embeddable":true,"href":"https:\/\/previntegral.com\/es\/wp-json\/wp\/v2\/comments?post=3771"}],"wp:featuredmedia":[{"embeddable":true,"href":"https:\/\/previntegral.com\/es\/wp-json\/wp\/v2\/media\/3773"}],"wp:attachment":[{"href":"https:\/\/previntegral.com\/es\/wp-json\/wp\/v2\/media?parent=3771"}],"wp:term":[{"taxonomy":"product_brand","embeddable":true,"href":"https:\/\/previntegral.com\/es\/wp-json\/wp\/v2\/product_brand?post=3771"},{"taxonomy":"product_cat","embeddable":true,"href":"https:\/\/previntegral.com\/es\/wp-json\/wp\/v2\/product_cat?post=3771"},{"taxonomy":"product_tag","embeddable":true,"href":"https:\/\/previntegral.com\/es\/wp-json\/wp\/v2\/product_tag?post=3771"}],"curies":[{"name":"WordPress","href":"https:\/\/api.w.org\/{rel}","templated":true}]}}