{"id":3774,"date":"2025-12-03T15:06:22","date_gmt":"2025-12-03T15:06:22","guid":{"rendered":"https:\/\/previntegral.com\/producto\/especialitat-en-operari-de-taller-de-materials-pedres-industrials-tractament-o-transformacio-de-materials-picapedrers-i-similars\/"},"modified":"2026-03-16T18:32:31","modified_gmt":"2026-03-16T18:32:31","slug":"especialidad-en-operario-de-taller-de-materiales-de-piedra-industrial-tratamiento-o-transformacion-de-materiales-canteros-y-similares","status":"publish","type":"product","link":"https:\/\/previntegral.com\/es\/producto\/especialitat-en-operari-de-taller-de-materials-pedres-industrials-tractament-o-transformacio-de-materials-picapedrers-i-similars\/","title":{"rendered":"Especialidad en operario de taller de materiales: piedras industriales, tratamiento o transformaci\u00f3n de materiales, canteros y oficios similares."},"content":{"rendered":"<p>Si vols treballar com a <strong>Operario de taller<\/strong> en el sector de la construcci\u00f3n, especialmente en el tratamiento o transformaci\u00f3n de materiales como las piedras industriales, este curso presencial de 6 horas es ideal para ti. Con una formaci\u00f3n adaptada a las exigencias del <strong>Convenio colectivo para el sector de la construcci\u00f3n<\/strong>, aprender\u00e1s las <strong>Habilidades y conocimientos t\u00e9cnicos<\/strong> imprescindibles para desarrollar tus tareas con la m\u00e1xima seguridad y eficiencia. El curso pone especial \u00e9nfasis en la <strong>prevenci\u00f3n de riesgos laborales<\/strong>, garantizando que puedas trabajar de manera responsable y conforme a la normativa vigente. Previntegral, centro acreditado por la Fundaci\u00f3n Laboral de la Construcci\u00f3n, te proporciona una formaci\u00f3n homologada que facilita el acceso y el rendimiento en los puestos de trabajo vinculados a la transformaci\u00f3n y manipulaci\u00f3n de piedras y materiales similares dentro de los talleres del sector.<\/p>","protected":false},"excerpt":{"rendered":"<p>Si vols treballar com a operari de taller en el sector de la construcci\u00f3, especialment en el tractament o transformaci\u00f3 de materials com les pedres industrials, aquest curs presencial de 6 hores \u00e9s ideal per a tu. Amb una formaci\u00f3 adaptada a les exig\u00e8ncies del Conven\u00ed Col\u00b7lectiu del Sector de la Construcci\u00f3, aprendr\u00e0s les habilitats [&hellip;]<\/p>\n","protected":false},"featured_media":3776,"comment_status":"open","ping_status":"closed","template":"","meta":{"_acf_changed":false},"product_brand":[],"product_cat":[38],"product_tag":[],"class_list":{"0":"post-3774","1":"product","2":"type-product","3":"status-publish","4":"has-post-thumbnail","6":"product_cat-construccio","8":"first","9":"instock","10":"virtual","11":"taxable","12":"purchasable","13":"product-type-curso"},"acf":[],"precio_regular_curso":150.04,"precio_bonificado_curso":157.3,"_links":{"self":[{"href":"https:\/\/previntegral.com\/es\/wp-json\/wp\/v2\/product\/3774","targetHints":{"allow":["GET"]}}],"collection":[{"href":"https:\/\/previntegral.com\/es\/wp-json\/wp\/v2\/product"}],"about":[{"href":"https:\/\/previntegral.com\/es\/wp-json\/wp\/v2\/types\/product"}],"replies":[{"embeddable":true,"href":"https:\/\/previntegral.com\/es\/wp-json\/wp\/v2\/comments?post=3774"}],"wp:featuredmedia":[{"embeddable":true,"href":"https:\/\/previntegral.com\/es\/wp-json\/wp\/v2\/media\/3776"}],"wp:attachment":[{"href":"https:\/\/previntegral.com\/es\/wp-json\/wp\/v2\/media?parent=3774"}],"wp:term":[{"taxonomy":"product_brand","embeddable":true,"href":"https:\/\/previntegral.com\/es\/wp-json\/wp\/v2\/product_brand?post=3774"},{"taxonomy":"product_cat","embeddable":true,"href":"https:\/\/previntegral.com\/es\/wp-json\/wp\/v2\/product_cat?post=3774"},{"taxonomy":"product_tag","embeddable":true,"href":"https:\/\/previntegral.com\/es\/wp-json\/wp\/v2\/product_tag?post=3774"}],"curies":[{"name":"WordPress","href":"https:\/\/api.w.org\/{rel}","templated":true}]}}