{"id":3777,"date":"2025-12-03T15:06:52","date_gmt":"2025-12-03T15:06:52","guid":{"rendered":"https:\/\/previntegral.com\/producto\/especialitat-en-operari-dinstal%c2%b7lacions-temporals-dobra-i-auxiliars-plantes-daglomerat-de-formigo-de-trituracio-i-classificacio-darids\/"},"modified":"2026-03-16T18:32:31","modified_gmt":"2026-03-16T18:32:31","slug":"especialitat-en-operari-dinstal%c2%b7lacions-temporals-dobra-i-auxiliars-plantes-daglomerat-de-formigo-de-trituracio-i-classificacio-darids","status":"publish","type":"product","link":"https:\/\/previntegral.com\/es\/producto\/especialitat-en-operari-dinstal%c2%b7lacions-temporals-dobra-i-auxiliars-plantes-daglomerat-de-formigo-de-trituracio-i-classificacio-darids\/","title":{"rendered":"Especializaci\u00f3n en operadores de instalaciones de construcci\u00f3n temporales y auxiliares: plantas de asfalto, hormig\u00f3n y de trituraci\u00f3n y cribado de \u00e1ridos."},"content":{"rendered":"<p>Si treballes o vols treballar en el sector de la construcci\u00f3 com a operari d\u2019instal\u00b7lacions temporals d\u2019obra i auxiliars, aquest curs de 6 hores en modalitat <strong>presencial<\/strong> t\u2019ofereix la formaci\u00f3 necess\u00e0ria per complir amb el Conveni Col\u00b7lectiu del Sector de la Construcci\u00f3. Aprendr\u00e0s a operar i mantenir correctament plantes d\u2019aglomerat, formig\u00f3, trituraci\u00f3 i classificaci\u00f3 d\u2019\u00e0rids, tot garantint el compliment de la normativa vigent en <strong>prevenci\u00f3n de riesgos laborales<\/strong>. La formaci\u00f3, impartida en centres homologats per la Fundaci\u00f3 Laboral de la Construcci\u00f3, et dotar\u00e0 de les <strong>competencias b\u00e1sicas y espec\u00edficas<\/strong> perqu\u00e8 puguis desenvolupar les teves tasques amb seguretat i efici\u00e8ncia. A m\u00e9s, adquirir\u00e0s les habilitats per manipular la maquin\u00e0ria i equips espec\u00edfics, millorant la teva qualificaci\u00f3 professional i contribuint a l\u2019increment de la <strong>qualitat i seguretat<\/strong> en les obres on s\u2019utilitzen plantes temporals. Aquesta capacitaci\u00f3 \u00e9s imprescindible per garantir un treball segur i d\u2019excel\u00b7l\u00e8ncia.<\/p>","protected":false},"excerpt":{"rendered":"<p>Si treballes o vols treballar en el sector de la construcci\u00f3 com a operari d\u2019instal\u00b7lacions temporals d\u2019obra i auxiliars, aquest curs de 6 hores en modalitat presencial t\u2019ofereix la formaci\u00f3 necess\u00e0ria per complir amb el Conveni Col\u00b7lectiu del Sector de la Construcci\u00f3. Aprendr\u00e0s a operar i mantenir correctament plantes d\u2019aglomerat, formig\u00f3, trituraci\u00f3 i classificaci\u00f3 d\u2019\u00e0rids, [&hellip;]<\/p>\n","protected":false},"featured_media":3779,"comment_status":"open","ping_status":"closed","template":"","meta":{"_acf_changed":false},"product_brand":[],"product_cat":[38],"product_tag":[],"class_list":{"0":"post-3777","1":"product","2":"type-product","3":"status-publish","4":"has-post-thumbnail","6":"product_cat-construccio","8":"first","9":"instock","10":"virtual","11":"taxable","12":"purchasable","13":"product-type-curso"},"acf":[],"precio_regular_curso":150.04,"precio_bonificado_curso":157.3,"_links":{"self":[{"href":"https:\/\/previntegral.com\/es\/wp-json\/wp\/v2\/product\/3777","targetHints":{"allow":["GET"]}}],"collection":[{"href":"https:\/\/previntegral.com\/es\/wp-json\/wp\/v2\/product"}],"about":[{"href":"https:\/\/previntegral.com\/es\/wp-json\/wp\/v2\/types\/product"}],"replies":[{"embeddable":true,"href":"https:\/\/previntegral.com\/es\/wp-json\/wp\/v2\/comments?post=3777"}],"wp:featuredmedia":[{"embeddable":true,"href":"https:\/\/previntegral.com\/es\/wp-json\/wp\/v2\/media\/3779"}],"wp:attachment":[{"href":"https:\/\/previntegral.com\/es\/wp-json\/wp\/v2\/media?parent=3777"}],"wp:term":[{"taxonomy":"product_brand","embeddable":true,"href":"https:\/\/previntegral.com\/es\/wp-json\/wp\/v2\/product_brand?post=3777"},{"taxonomy":"product_cat","embeddable":true,"href":"https:\/\/previntegral.com\/es\/wp-json\/wp\/v2\/product_cat?post=3777"},{"taxonomy":"product_tag","embeddable":true,"href":"https:\/\/previntegral.com\/es\/wp-json\/wp\/v2\/product_tag?post=3777"}],"curies":[{"name":"WordPress","href":"https:\/\/api.w.org\/{rel}","templated":true}]}}