{"id":3780,"date":"2025-12-03T15:07:18","date_gmt":"2025-12-03T15:07:18","guid":{"rendered":"https:\/\/previntegral.com\/producto\/especialitat-en-paleteria\/"},"modified":"2026-03-16T18:32:31","modified_gmt":"2026-03-16T18:32:31","slug":"especialidad-en-carpinteria","status":"publish","type":"product","link":"https:\/\/previntegral.com\/es\/producto\/especialitat-en-paleteria\/","title":{"rendered":"Especialidad en alba\u00f1iler\u00eda"},"content":{"rendered":"<p>Si quieres especializarte en el mundo de la construcci\u00f3n dentro del oficio de la alba\u00f1iler\u00eda, este curso presencial de 6 horas es la mejor opci\u00f3n para adquirir los <strong>competencias b\u00e1sicas y espec\u00edficas<\/strong> necesarias. Dise\u00f1ado seg\u00fan el <strong>Convenio colectivo para el sector de la construcci\u00f3n<\/strong> Bajo los criterios de la Fundaci\u00f3n Laboral de la Construcci\u00f3n, esta formaci\u00f3n te preparar\u00e1 para llevar a cabo tus tareas de manera segura y eficiente, respetando siempre la normativa vigente en <strong>prevenci\u00f3n de riesgos laborales<\/strong>. El curso combina contenidos comunes y una especializaci\u00f3n concreta que te ayudar\u00e1 a dominar el uso correcto de t\u00e9cnicas y materiales propios del sector, mejorando tu capacidad y seguridad en obra. Con esta preparaci\u00f3n, podr\u00e1s acceder a trabajar en obras con garant\u00edas, cumpliendo los requisitos legales que exige el sector y ampliando tus oportunidades profesionales dentro de empresas que apliquen este convenio.<\/p>","protected":false},"excerpt":{"rendered":"<p>Si vols especialitzar-te en el m\u00f3n de la construcci\u00f3 dins de l\u2019ofici de la paleteria, aquest curs presencial de 6 hores \u00e9s la millor opci\u00f3 per adquirir les compet\u00e8ncies b\u00e0siques i espec\u00edfiques necess\u00e0ries. Disenyat segons el Conven\u00ed Col\u00b7lectiu del Sector de la Construcci\u00f3 i sota els criteris de la Fundaci\u00f3 Laboral de la Construcci\u00f3, aquesta [&hellip;]<\/p>\n","protected":false},"featured_media":3782,"comment_status":"open","ping_status":"closed","template":"","meta":{"_acf_changed":false},"product_brand":[],"product_cat":[38],"product_tag":[],"class_list":{"0":"post-3780","1":"product","2":"type-product","3":"status-publish","4":"has-post-thumbnail","6":"product_cat-construccio","8":"first","9":"instock","10":"virtual","11":"taxable","12":"purchasable","13":"product-type-curso"},"acf":[],"precio_regular_curso":150.04,"precio_bonificado_curso":157.3,"_links":{"self":[{"href":"https:\/\/previntegral.com\/es\/wp-json\/wp\/v2\/product\/3780","targetHints":{"allow":["GET"]}}],"collection":[{"href":"https:\/\/previntegral.com\/es\/wp-json\/wp\/v2\/product"}],"about":[{"href":"https:\/\/previntegral.com\/es\/wp-json\/wp\/v2\/types\/product"}],"replies":[{"embeddable":true,"href":"https:\/\/previntegral.com\/es\/wp-json\/wp\/v2\/comments?post=3780"}],"wp:featuredmedia":[{"embeddable":true,"href":"https:\/\/previntegral.com\/es\/wp-json\/wp\/v2\/media\/3782"}],"wp:attachment":[{"href":"https:\/\/previntegral.com\/es\/wp-json\/wp\/v2\/media?parent=3780"}],"wp:term":[{"taxonomy":"product_brand","embeddable":true,"href":"https:\/\/previntegral.com\/es\/wp-json\/wp\/v2\/product_brand?post=3780"},{"taxonomy":"product_cat","embeddable":true,"href":"https:\/\/previntegral.com\/es\/wp-json\/wp\/v2\/product_cat?post=3780"},{"taxonomy":"product_tag","embeddable":true,"href":"https:\/\/previntegral.com\/es\/wp-json\/wp\/v2\/product_tag?post=3780"}],"curies":[{"name":"WordPress","href":"https:\/\/api.w.org\/{rel}","templated":true}]}}