{"id":4719,"date":"2025-12-05T10:33:56","date_gmt":"2025-12-05T10:33:56","guid":{"rendered":"https:\/\/previntegral.com\/producto\/c-1-cnae-24-treballs-de-fabricacio-produccio-i-transformacio-del-ferro-lacer-i-dels-metalls-no-ferris-i-primera-transformacio-fabricacio-de-lacer-fosa-de-metalls-fabricacio-de-motlles-f\/"},"modified":"2026-03-16T18:32:31","modified_gmt":"2026-03-16T18:32:31","slug":"c-1-cnae-24-trabajos-de-fabricacion-produccion-y-transformacion-del-hierro-acero-y-de-los-metales-no-ferreos-y-primera-transformacion-fabricacion-de-acero-fundicion-de-metales-fabricacion-de-moldes-f","status":"publish","type":"product","link":"https:\/\/previntegral.com\/es\/producto\/c-1-cnae-24-treballs-de-fabricacio-produccio-i-transformacio-del-ferro-lacer-i-dels-metalls-no-ferris-i-primera-transformacio-fabricacio-de-lacer-fosa-de-metalls-fabricacio-de-motlles-f\/","title":{"rendered":"C.1 \u2013 CNAE 24 \u2013 Fabricaci\u00f3n, producci\u00f3n y transformaci\u00f3n de hierro, acero y metales no ferrosos, y transformaci\u00f3n primaria (fabricaci\u00f3n de acero, fundici\u00f3n de metales, fabricaci\u00f3n de moldes, fabricaci\u00f3n de tubos y actividades similares)"},"content":{"rendered":"<p>La formaci\u00f3n <strong>presencial<\/strong> de 20 horas est\u00e1 orientada a todos los trabajadores de producci\u00f3n y mantenimiento dentro del sector del metal, donde la seguridad es primordial. Este curso ofrece una base s\u00f3lida en la <strong>prevenci\u00f3n de riesgos laborales<\/strong>,  centr\u00e1ndose en los peligros espec\u00edficos asociados a la fabricaci\u00f3n, producci\u00f3n y transformaci\u00f3n del hierro, el acero y otros metales no f\u00e9rreos. El objetivo es proporcionar a los participantes las <strong>competencias y conocimientos pr\u00e1cticos<\/strong> para identificar y gestionar de manera efectiva los riesgos de su entorno laboral. Adem\u00e1s, se promueve la integraci\u00f3n de la <strong>prevenci\u00f3n como h\u00e1bito cotidiano<\/strong>, garantizando la m\u00e1xima seguridad tanto para el trabajador como para sus compa\u00f1eros. Esta formaci\u00f3n cumple con las exigencias establecidas por el <strong>Convenio colectivo del metal<\/strong> y es obligatoria para asegurar una protecci\u00f3n adecuada de la salud laboral, complementando otros cursos espec\u00edficos del sector.<\/p>","protected":false},"excerpt":{"rendered":"<p>La formaci\u00f3 presencial de 20 hores est\u00e0 orientada a tots els treballadors de producci\u00f3 i manteniment dins del sector del metall, on la seguretat \u00e9s primordial. Aquest curs ofereix una base s\u00f2lida en la prevenci\u00f3 de riscos laborals, centrant-se en els perills espec\u00edfics associats a la fabricaci\u00f3, producci\u00f3 i transformaci\u00f3 del ferro, l&#8217;acer i altres [&hellip;]<\/p>\n","protected":false},"featured_media":4721,"comment_status":"open","ping_status":"closed","template":"","meta":{"_acf_changed":false},"product_brand":[],"product_cat":[41],"product_tag":[],"class_list":{"0":"post-4719","1":"product","2":"type-product","3":"status-publish","4":"has-post-thumbnail","6":"product_cat-metall","8":"first","9":"instock","10":"virtual","11":"taxable","12":"purchasable","13":"product-type-curso"},"acf":[],"precio_regular_curso":340.01,"precio_bonificado_curso":358.16,"_links":{"self":[{"href":"https:\/\/previntegral.com\/es\/wp-json\/wp\/v2\/product\/4719","targetHints":{"allow":["GET"]}}],"collection":[{"href":"https:\/\/previntegral.com\/es\/wp-json\/wp\/v2\/product"}],"about":[{"href":"https:\/\/previntegral.com\/es\/wp-json\/wp\/v2\/types\/product"}],"replies":[{"embeddable":true,"href":"https:\/\/previntegral.com\/es\/wp-json\/wp\/v2\/comments?post=4719"}],"wp:featuredmedia":[{"embeddable":true,"href":"https:\/\/previntegral.com\/es\/wp-json\/wp\/v2\/media\/4721"}],"wp:attachment":[{"href":"https:\/\/previntegral.com\/es\/wp-json\/wp\/v2\/media?parent=4719"}],"wp:term":[{"taxonomy":"product_brand","embeddable":true,"href":"https:\/\/previntegral.com\/es\/wp-json\/wp\/v2\/product_brand?post=4719"},{"taxonomy":"product_cat","embeddable":true,"href":"https:\/\/previntegral.com\/es\/wp-json\/wp\/v2\/product_cat?post=4719"},{"taxonomy":"product_tag","embeddable":true,"href":"https:\/\/previntegral.com\/es\/wp-json\/wp\/v2\/product_tag?post=4719"}],"curies":[{"name":"WordPress","href":"https:\/\/api.w.org\/{rel}","templated":true}]}}