{"id":4722,"date":"2025-12-05T10:34:07","date_gmt":"2025-12-05T10:34:07","guid":{"rendered":"https:\/\/previntegral.com\/producto\/c-12-treballs-de-mecanica-manteniment-i-reparacio-de-maquines-equips-industrials-i-o-equips-electromecanics-industria-aeroespacial-etc\/"},"modified":"2026-03-16T18:32:31","modified_gmt":"2026-03-16T18:32:31","slug":"trabajos-de-mecanica-mantenimiento-y-reparacion-de-maquinas-equipos-industriales-y-o-equipos-electromecanicos-en-la-industria-aeroespacial-etc","status":"publish","type":"product","link":"https:\/\/previntegral.com\/es\/producto\/c-12-treballs-de-mecanica-manteniment-i-reparacio-de-maquines-equips-industrials-i-o-equips-electromecanics-industria-aeroespacial-etc\/","title":{"rendered":"C.12 \u2013 Trabajos mec\u00e1nicos, mantenimiento y reparaci\u00f3n de m\u00e1quinas, equipos industriales y\/o equipos electromec\u00e1nicos (industria aeroespacial, etc.)"},"content":{"rendered":"<p>Este curso de <strong>20 horas de contacto presencial<\/strong> est\u00e1 destinado a profesionales dedicados a la <strong>mec\u00e1nica, mantenimiento y reparaci\u00f3n<\/strong> de m\u00e1quinas y equipos en el sector del metal, incluyendo el \u00e1mbito aeroespacial. La formaci\u00f3n se estructura para proporcionar los conocimientos y <strong>competencias<\/strong> necesarias para garantizar la seguridad y eficiencia en estos trabajos especializados, con una atenci\u00f3n especial a la <strong>prevenci\u00f3n de riesgos laborales<\/strong>. La modalidad presencial facilita un aprendizaje pr\u00e1ctico y directo, fundamental para asimilar correctamente las medidas de seguridad en entornos industriales complejos. Esta formaci\u00f3n es <strong>obligatoria seg\u00fan el Convenio Colectivo del Metal<\/strong>, asegurando que los participantes cumplan la normativa vigente y puedan integrar la prevenci\u00f3n de riesgos en sus actividades diarias. Con este curso, los trabajadores podr\u00e1n identificar, evaluar y gestionar los riesgos espec\u00edficos asociados con su tarea, contribuyendo a un entorno de trabajo m\u00e1s seguro y saludable.<\/p>","protected":false},"excerpt":{"rendered":"<p>Aquest curs de 20 hores presencials est\u00e0 destinat a professionals dedicats a la mec\u00e0nica, manteniment i reparaci\u00f3 de m\u00e0quines i equips en el sector del metall, incloent l\u2019\u00e0mbit aeroespacial. La formaci\u00f3 s\u2019estructura per proporcionar els coneixements i compet\u00e8ncies necess\u00e0ries per a garantir la seguretat i efici\u00e8ncia en aquests treballs especialitzats, amb una atenci\u00f3 especial a [&hellip;]<\/p>\n","protected":false},"featured_media":4724,"comment_status":"open","ping_status":"closed","template":"","meta":{"_acf_changed":false},"product_brand":[],"product_cat":[41],"product_tag":[],"class_list":{"0":"post-4722","1":"product","2":"type-product","3":"status-publish","4":"has-post-thumbnail","6":"product_cat-metall","8":"first","9":"instock","10":"virtual","11":"taxable","12":"purchasable","13":"product-type-curso"},"acf":[],"precio_regular_curso":340.01,"precio_bonificado_curso":358.16,"_links":{"self":[{"href":"https:\/\/previntegral.com\/es\/wp-json\/wp\/v2\/product\/4722","targetHints":{"allow":["GET"]}}],"collection":[{"href":"https:\/\/previntegral.com\/es\/wp-json\/wp\/v2\/product"}],"about":[{"href":"https:\/\/previntegral.com\/es\/wp-json\/wp\/v2\/types\/product"}],"replies":[{"embeddable":true,"href":"https:\/\/previntegral.com\/es\/wp-json\/wp\/v2\/comments?post=4722"}],"wp:featuredmedia":[{"embeddable":true,"href":"https:\/\/previntegral.com\/es\/wp-json\/wp\/v2\/media\/4724"}],"wp:attachment":[{"href":"https:\/\/previntegral.com\/es\/wp-json\/wp\/v2\/media?parent=4722"}],"wp:term":[{"taxonomy":"product_brand","embeddable":true,"href":"https:\/\/previntegral.com\/es\/wp-json\/wp\/v2\/product_brand?post=4722"},{"taxonomy":"product_cat","embeddable":true,"href":"https:\/\/previntegral.com\/es\/wp-json\/wp\/v2\/product_cat?post=4722"},{"taxonomy":"product_tag","embeddable":true,"href":"https:\/\/previntegral.com\/es\/wp-json\/wp\/v2\/product_tag?post=4722"}],"curies":[{"name":"WordPress","href":"https:\/\/api.w.org\/{rel}","templated":true}]}}