{"id":4725,"date":"2025-12-05T10:34:36","date_gmt":"2025-12-05T10:34:36","guid":{"rendered":"https:\/\/previntegral.com\/producto\/c-9-operaris-en-activitats-de-premuntatge-muntatge-can-vi-de-format-i-assemblatge-en-fabriques\/"},"modified":"2026-03-16T18:32:31","modified_gmt":"2026-03-16T18:32:31","slug":"c-9-operaris-en-activitats-de-premuntatge-muntatge-can-vi-de-format-i-assemblatge-en-fabriques","status":"publish","type":"product","link":"https:\/\/previntegral.com\/es\/producto\/c-9-operaris-en-activitats-de-premuntatge-muntatge-can-vi-de-format-i-assemblatge-en-fabriques\/","title":{"rendered":"C.9 \u2013 Operarios en actividades de premontaje, montaje, cambio de formato y montaje en f\u00e1bricas"},"content":{"rendered":"<p>El curs C.9 est\u00e0 dissenyat per a operaris que realitzen tasques de <strong>premuntatge, muntatge, canvi de format i assemblatge<\/strong> en f\u00e0briques del sector del metall. Aquesta formaci\u00f3 presencial de <strong>20 horas<\/strong> s\u2019adapta a les necessitats del conveni del metall, proporcionant les <strong>habilitats pr\u00e0ctiques i te\u00f2riques<\/strong> indispensables per desenvolupar les seves funcions amb seguretat i efic\u00e0cia. El curs posa especial atenci\u00f3 a la <strong>prevenci\u00f3 integral de riscos laborals<\/strong>, abordant la identificaci\u00f3 de perills espec\u00edfics i les mesures preventives imprescindibles per evitar accidents. A trav\u00e9s d\u2019una metodologia presencial, es fomenta una participaci\u00f3 activa que facilita la resoluci\u00f3 de dubtes i l\u2019adquisici\u00f3 d\u2019experi\u00e8ncies pr\u00e0ctiques, assegurant una millor aplicaci\u00f3 dels coneixements en el dia a dia laboral. Aquesta formaci\u00f3 contribueix a crear una cultura de seguretat i professionalitat, millorant tant la qualitat com la productivitat en les empreses del sector metall.<\/p>","protected":false},"excerpt":{"rendered":"<p>El curs C.9 est\u00e0 dissenyat per a operaris que realitzen tasques de premuntatge, muntatge, canvi de format i assemblatge en f\u00e0briques del sector del metall. Aquesta formaci\u00f3 presencial de 20 hores s\u2019adapta a les necessitats del conveni del metall, proporcionant les habilitats pr\u00e0ctiques i te\u00f2riques indispensables per desenvolupar les seves funcions amb seguretat i efic\u00e0cia. [&hellip;]<\/p>\n","protected":false},"featured_media":4727,"comment_status":"open","ping_status":"closed","template":"","meta":{"_acf_changed":false},"product_brand":[],"product_cat":[41],"product_tag":[],"class_list":{"0":"post-4725","1":"product","2":"type-product","3":"status-publish","4":"has-post-thumbnail","6":"product_cat-metall","8":"first","9":"instock","10":"virtual","11":"taxable","12":"purchasable","13":"product-type-curso"},"acf":[],"precio_regular_curso":340.01,"precio_bonificado_curso":358.16,"_links":{"self":[{"href":"https:\/\/previntegral.com\/es\/wp-json\/wp\/v2\/product\/4725","targetHints":{"allow":["GET"]}}],"collection":[{"href":"https:\/\/previntegral.com\/es\/wp-json\/wp\/v2\/product"}],"about":[{"href":"https:\/\/previntegral.com\/es\/wp-json\/wp\/v2\/types\/product"}],"replies":[{"embeddable":true,"href":"https:\/\/previntegral.com\/es\/wp-json\/wp\/v2\/comments?post=4725"}],"wp:featuredmedia":[{"embeddable":true,"href":"https:\/\/previntegral.com\/es\/wp-json\/wp\/v2\/media\/4727"}],"wp:attachment":[{"href":"https:\/\/previntegral.com\/es\/wp-json\/wp\/v2\/media?parent=4725"}],"wp:term":[{"taxonomy":"product_brand","embeddable":true,"href":"https:\/\/previntegral.com\/es\/wp-json\/wp\/v2\/product_brand?post=4725"},{"taxonomy":"product_cat","embeddable":true,"href":"https:\/\/previntegral.com\/es\/wp-json\/wp\/v2\/product_cat?post=4725"},{"taxonomy":"product_tag","embeddable":true,"href":"https:\/\/previntegral.com\/es\/wp-json\/wp\/v2\/product_tag?post=4725"}],"curies":[{"name":"WordPress","href":"https:\/\/api.w.org\/{rel}","templated":true}]}}