{"id":4728,"date":"2025-12-05T10:35:17","date_gmt":"2025-12-05T10:35:17","guid":{"rendered":"https:\/\/previntegral.com\/producto\/c-13-treballs-en-tallers-de-reparacio-de-vehicles\/"},"modified":"2026-03-16T18:32:31","modified_gmt":"2026-03-16T18:32:31","slug":"c-13-puestos-de-trabajo-en-talleres-de-reparacion-de-vehiculos","status":"publish","type":"product","link":"https:\/\/previntegral.com\/es\/producto\/c-13-treballs-en-tallers-de-reparacio-de-vehicles\/","title":{"rendered":"C.13 \u2013 Trabajar en talleres de reparaci\u00f3n de veh\u00edculos"},"content":{"rendered":"<p>La formaci\u00f3n C.13 \u2013 Taller de reparaci\u00f3n de veh\u00edculos est\u00e1 dise\u00f1ada espec\u00edficamente para el personal de producci\u00f3n y mantenimiento que trabaja en el \u00e1mbito de <strong>Acuerdo sobre metales<\/strong>. Este curso de 20 horas se imparte en formato 100%. <strong>presencial<\/strong>, combina conocimientos te\u00f3ricos y pr\u00e1cticos esenciales para comprender y aplicar el <strong>prevenci\u00f3n de riesgos laborales<\/strong> en su entorno cotidiano. El objetivo es dotar a los participantes de las <strong>Habilidades necesarias<\/strong> Identificar, gestionar y minimizar los riesgos inherentes a los talleres de reparaci\u00f3n de veh\u00edculos, mejorando la seguridad individual y colectiva. Adem\u00e1s, es un curso obligatorio que cumple con la normativa vigente del sector, y requiere una actualizaci\u00f3n cada cuatro a\u00f1os para garantizar la actualizaci\u00f3n constante de los conocimientos. <strong>habilidades y conocimientos<\/strong>.<\/p>","protected":false},"excerpt":{"rendered":"<p>La formaci\u00f3 C.13 &#8211; Treballs en tallers de reparaci\u00f3 de vehicles est\u00e0 dissenyada espec\u00edficament per al personal de producci\u00f3 i manteniment que treballa dins de l\u2019\u00e0mbit del conveni del metall. Aquest curs de 20 hores, impartit en modalitat 100% presencial, combina coneixements te\u00f2rics i pr\u00e0ctics essencials per comprendre i aplicar la prevenci\u00f3 de riscos laborals [&hellip;]<\/p>\n","protected":false},"featured_media":4730,"comment_status":"open","ping_status":"closed","template":"","meta":{"_acf_changed":false},"product_brand":[],"product_cat":[41],"product_tag":[],"class_list":{"0":"post-4728","1":"product","2":"type-product","3":"status-publish","4":"has-post-thumbnail","6":"product_cat-metall","8":"first","9":"instock","10":"virtual","11":"taxable","12":"purchasable","13":"product-type-curso"},"acf":[],"precio_regular_curso":340.01,"precio_bonificado_curso":358.16,"_links":{"self":[{"href":"https:\/\/previntegral.com\/es\/wp-json\/wp\/v2\/product\/4728","targetHints":{"allow":["GET"]}}],"collection":[{"href":"https:\/\/previntegral.com\/es\/wp-json\/wp\/v2\/product"}],"about":[{"href":"https:\/\/previntegral.com\/es\/wp-json\/wp\/v2\/types\/product"}],"replies":[{"embeddable":true,"href":"https:\/\/previntegral.com\/es\/wp-json\/wp\/v2\/comments?post=4728"}],"wp:featuredmedia":[{"embeddable":true,"href":"https:\/\/previntegral.com\/es\/wp-json\/wp\/v2\/media\/4730"}],"wp:attachment":[{"href":"https:\/\/previntegral.com\/es\/wp-json\/wp\/v2\/media?parent=4728"}],"wp:term":[{"taxonomy":"product_brand","embeddable":true,"href":"https:\/\/previntegral.com\/es\/wp-json\/wp\/v2\/product_brand?post=4728"},{"taxonomy":"product_cat","embeddable":true,"href":"https:\/\/previntegral.com\/es\/wp-json\/wp\/v2\/product_cat?post=4728"},{"taxonomy":"product_tag","embeddable":true,"href":"https:\/\/previntegral.com\/es\/wp-json\/wp\/v2\/product_tag?post=4728"}],"curies":[{"name":"WordPress","href":"https:\/\/api.w.org\/{rel}","templated":true}]}}