{"id":4731,"date":"2025-12-05T10:35:32","date_gmt":"2025-12-05T10:35:32","guid":{"rendered":"https:\/\/previntegral.com\/producto\/c-7-operaris-de-maquines-de-mecanitzat-per-deformacio-i-tall-del-metall\/"},"modified":"2026-03-16T18:32:31","modified_gmt":"2026-03-16T18:32:31","slug":"c-7-operadores-de-maquinas-herramienta-para-el-conformado-y-corte-de-metales","status":"publish","type":"product","link":"https:\/\/previntegral.com\/es\/producto\/c-7-operaris-de-maquines-de-mecanitzat-per-deformacio-i-tall-del-metall\/","title":{"rendered":"C.7 \u2013 Operadores de m\u00e1quinas para el conformado y corte de metales"},"content":{"rendered":"<p>El curso C.7 est\u00e1 destinado a operadores que trabajan directamente con <strong>M\u00e1quinas de mecanizado para la deformaci\u00f3n y el corte de metales.<\/strong>, y cumple con los requisitos de <strong>Convenio colectivo del metal<\/strong>. Con una duraci\u00f3n de <strong>20 horas<\/strong> y en modo <strong>presencial<\/strong>, Esta formaci\u00f3n combina teor\u00eda y pr\u00e1ctica para dotar a los participantes de los <strong>Habilidades t\u00e9cnicas y preventivas<strong> Esencial para garantizar la seguridad en el trabajo. <\/strong><\/strong>El programa aborda espec\u00edficamente los riesgos laborales asociados al uso de estas m\u00e1quinas, proporcionando los conocimientos necesarios para identificar y aplicar las medidas m\u00e1s adecuadas en cada fase del mecanizado. Esta preparaci\u00f3n es fundamental para cumplir con la legislaci\u00f3n vigente y el convenio colectivo, contribuyendo a la creaci\u00f3n de un entorno de trabajo m\u00e1s seguro, saludable y eficiente dentro del sector metal\u00fargico.<\/p>","protected":false},"excerpt":{"rendered":"<p>El curs C.7 est\u00e0 pensat per a operaris que treballen directament amb m\u00e0quines de mecanitzat per deformaci\u00f3 i tall del metall, i s&#8217;ajusta als requisits del conveni col\u00b7lectiu del metall. Amb una durada de 20 hores i en modalitat presencial, aquesta formaci\u00f3 combina teoria i pr\u00e0ctica per dotar els participants de les compet\u00e8ncies t\u00e8cniques i [&hellip;]<\/p>\n","protected":false},"featured_media":4733,"comment_status":"open","ping_status":"closed","template":"","meta":{"_acf_changed":false},"product_brand":[],"product_cat":[41],"product_tag":[],"class_list":{"0":"post-4731","1":"product","2":"type-product","3":"status-publish","4":"has-post-thumbnail","6":"product_cat-metall","8":"first","9":"instock","10":"virtual","11":"taxable","12":"purchasable","13":"product-type-curso"},"acf":[],"precio_regular_curso":340.01,"precio_bonificado_curso":358.16,"_links":{"self":[{"href":"https:\/\/previntegral.com\/es\/wp-json\/wp\/v2\/product\/4731","targetHints":{"allow":["GET"]}}],"collection":[{"href":"https:\/\/previntegral.com\/es\/wp-json\/wp\/v2\/product"}],"about":[{"href":"https:\/\/previntegral.com\/es\/wp-json\/wp\/v2\/types\/product"}],"replies":[{"embeddable":true,"href":"https:\/\/previntegral.com\/es\/wp-json\/wp\/v2\/comments?post=4731"}],"wp:featuredmedia":[{"embeddable":true,"href":"https:\/\/previntegral.com\/es\/wp-json\/wp\/v2\/media\/4733"}],"wp:attachment":[{"href":"https:\/\/previntegral.com\/es\/wp-json\/wp\/v2\/media?parent=4731"}],"wp:term":[{"taxonomy":"product_brand","embeddable":true,"href":"https:\/\/previntegral.com\/es\/wp-json\/wp\/v2\/product_brand?post=4731"},{"taxonomy":"product_cat","embeddable":true,"href":"https:\/\/previntegral.com\/es\/wp-json\/wp\/v2\/product_cat?post=4731"},{"taxonomy":"product_tag","embeddable":true,"href":"https:\/\/previntegral.com\/es\/wp-json\/wp\/v2\/product_tag?post=4731"}],"curies":[{"name":"WordPress","href":"https:\/\/api.w.org\/{rel}","templated":true}]}}