{"id":4734,"date":"2025-12-05T10:36:28","date_gmt":"2025-12-05T10:36:28","guid":{"rendered":"https:\/\/previntegral.com\/producto\/c-6-operaris-dinstal%c2%b7lacio-i-manteniment-dequips-contraincendis\/"},"modified":"2026-03-16T18:32:31","modified_gmt":"2026-03-16T18:32:31","slug":"c-6-operarios-de-instalacion-y-mantenimiento-de-equipos-contra-incendios","status":"publish","type":"product","link":"https:\/\/previntegral.com\/es\/producto\/c-6-operaris-dinstal%c2%b7lacio-i-manteniment-dequips-contraincendis\/","title":{"rendered":"C.6. Operarios para la instalaci\u00f3n y mantenimiento de equipos contra incendios."},"content":{"rendered":"<p>Este curso est\u00e1 dirigido a operarios de instalaci\u00f3n y mantenimiento de equipos de protecci\u00f3n contra incendios en el sector metal\u00fargico que necesitan actualizar o adquirir <strong>Habilidades t\u00e9cnicas espec\u00edficas<\/strong>. Con una duraci\u00f3n de <strong>20 horas de contacto presencial<\/strong>, La formaci\u00f3n combina contenidos te\u00f3ricos y pr\u00e1cticos para garantizar un aprendizaje aplicado y eficaz. Se hace especial hincapi\u00e9 en la identificaci\u00f3n y gesti\u00f3n de los <strong>riesgos laborales propios<\/strong> de este tipo de trabajo, as\u00ed como en medidas preventivas y en el manejo correcto de los equipos de extinci\u00f3n de incendios. Esta formaci\u00f3n cumple estrictamente con lo establecido por la <strong>Convenio colectivo para la industria metal\u00fargica<\/strong>, que es obligatorio y debe renovarse cada cuatro a\u00f1os. El curso fomenta una actitud <strong>Proactivo en materia de salud y seguridad en el trabajo<\/strong>, esencial para garantizar un entorno de trabajo seguro y cumplir con la normativa vigente del sector, especialmente para los profesionales de la producci\u00f3n y el mantenimiento.Los brit\u00e1nicos son<\/p>","protected":false},"excerpt":{"rendered":"<p>Aquest curs est\u00e0 orientat als operaris d\u2019instal\u00b7laci\u00f3 i manteniment d\u2019equips contraincendis dins del sector del metall que necessiten actualitzar o adquirir compet\u00e8ncies t\u00e8cniques espec\u00edfiques. Amb una durada de 20 hores presencials, la formaci\u00f3 combina continguts te\u00f2rics i pr\u00e0ctics per garantir un aprenentatge aplicat i efectiu. Es fa especial \u00e8mfasi en la identificaci\u00f3 i gesti\u00f3 dels [&hellip;]<\/p>\n","protected":false},"featured_media":4736,"comment_status":"open","ping_status":"closed","template":"","meta":{"_acf_changed":false},"product_brand":[],"product_cat":[41],"product_tag":[],"class_list":{"0":"post-4734","1":"product","2":"type-product","3":"status-publish","4":"has-post-thumbnail","6":"product_cat-metall","8":"first","9":"instock","10":"virtual","11":"taxable","12":"purchasable","13":"product-type-curso"},"acf":[],"precio_regular_curso":340.01,"precio_bonificado_curso":358.16,"_links":{"self":[{"href":"https:\/\/previntegral.com\/es\/wp-json\/wp\/v2\/product\/4734","targetHints":{"allow":["GET"]}}],"collection":[{"href":"https:\/\/previntegral.com\/es\/wp-json\/wp\/v2\/product"}],"about":[{"href":"https:\/\/previntegral.com\/es\/wp-json\/wp\/v2\/types\/product"}],"replies":[{"embeddable":true,"href":"https:\/\/previntegral.com\/es\/wp-json\/wp\/v2\/comments?post=4734"}],"wp:featuredmedia":[{"embeddable":true,"href":"https:\/\/previntegral.com\/es\/wp-json\/wp\/v2\/media\/4736"}],"wp:attachment":[{"href":"https:\/\/previntegral.com\/es\/wp-json\/wp\/v2\/media?parent=4734"}],"wp:term":[{"taxonomy":"product_brand","embeddable":true,"href":"https:\/\/previntegral.com\/es\/wp-json\/wp\/v2\/product_brand?post=4734"},{"taxonomy":"product_cat","embeddable":true,"href":"https:\/\/previntegral.com\/es\/wp-json\/wp\/v2\/product_cat?post=4734"},{"taxonomy":"product_tag","embeddable":true,"href":"https:\/\/previntegral.com\/es\/wp-json\/wp\/v2\/product_tag?post=4734"}],"curies":[{"name":"WordPress","href":"https:\/\/api.w.org\/{rel}","templated":true}]}}