{"id":4737,"date":"2025-12-05T10:38:17","date_gmt":"2025-12-05T10:38:17","guid":{"rendered":"https:\/\/previntegral.com\/producto\/c-2-cnae-30-1-i-33-15-treballs-de-construccio-reparacio-i-manteniment-naval-en-drassanes-i-molls\/"},"modified":"2026-03-16T18:32:31","modified_gmt":"2026-03-16T18:32:31","slug":"c-2-cnae-30-1-i-33-15-construccion-naval-reparacion-y-mantenimiento-en-astilleros-y-muelles","status":"publish","type":"product","link":"https:\/\/previntegral.com\/es\/producto\/c-2-cnae-30-1-i-33-15-treballs-de-construccio-reparacio-i-manteniment-naval-en-drassanes-i-molls\/","title":{"rendered":"C.2 \u2013 NACE 30.1 y 33.15 \u2013 Construcci\u00f3n naval, reparaci\u00f3n y mantenimiento en astilleros y muelles"},"content":{"rendered":"<p>Este curso de 20 horas se imparte en un formato de aprendizaje mixto. <strong>presencial<\/strong> est\u00e1 dise\u00f1ado espec\u00edficamente para los trabajadores dedicados a la <strong>Construcci\u00f3n, reparaci\u00f3n y mantenimiento de buques<\/strong> en astilleros y muelles, dentro del sector metal\u00fargico. La formaci\u00f3n combina conocimientos te\u00f3ricos y pr\u00e1cticos centrados en el <strong>prevenci\u00f3n de riesgos laborales<\/strong>, adaptada a las particularidades de cada tarea y especialidad. Es una preparaci\u00f3n esencial para garantizar la <strong>seguridad y salud<\/strong> para profesionales que trabajan en entornos con riesgos espec\u00edficos, proporcionando herramientas para la gesti\u00f3n eficaz y la mitigaci\u00f3n de los riesgos comunes. Adem\u00e1s, este curso cumple con las obligaciones establecidas por <strong>Convenio colectivo estatal para la industria metal\u00fargica<\/strong>, lo que requiere una formaci\u00f3n continua y actualizada para todo el personal. Con esta experiencia, los participantes mejorar\u00e1n sus <strong>Habilidades t\u00e9cnicas<\/strong> y desarrollar\u00e1 una actitud responsable y consciente hacia la prevenci\u00f3n en el sector naval.<\/p>","protected":false},"excerpt":{"rendered":"<p>Aquest curs de 20 hores impartit en modalitat presencial est\u00e0 dissenyat espec\u00edficament per a treballadors dedicats a la construcci\u00f3, reparaci\u00f3 i manteniment naval en drassanes i molls, dins de l\u2019\u00e0mbit del sector metal. La formaci\u00f3 combina coneixements te\u00f2rics i pr\u00e0ctics centrats en la prevenci\u00f3 de riscos laborals, adaptats a les particularitats de cada tasca i [&hellip;]<\/p>\n","protected":false},"featured_media":4739,"comment_status":"open","ping_status":"closed","template":"","meta":{"_acf_changed":false},"product_brand":[],"product_cat":[41],"product_tag":[],"class_list":{"0":"post-4737","1":"product","2":"type-product","3":"status-publish","4":"has-post-thumbnail","6":"product_cat-metall","8":"first","9":"instock","10":"virtual","11":"taxable","12":"purchasable","13":"product-type-curso"},"acf":[],"precio_regular_curso":340.01,"precio_bonificado_curso":358.16,"_links":{"self":[{"href":"https:\/\/previntegral.com\/es\/wp-json\/wp\/v2\/product\/4737","targetHints":{"allow":["GET"]}}],"collection":[{"href":"https:\/\/previntegral.com\/es\/wp-json\/wp\/v2\/product"}],"about":[{"href":"https:\/\/previntegral.com\/es\/wp-json\/wp\/v2\/types\/product"}],"replies":[{"embeddable":true,"href":"https:\/\/previntegral.com\/es\/wp-json\/wp\/v2\/comments?post=4737"}],"wp:featuredmedia":[{"embeddable":true,"href":"https:\/\/previntegral.com\/es\/wp-json\/wp\/v2\/media\/4739"}],"wp:attachment":[{"href":"https:\/\/previntegral.com\/es\/wp-json\/wp\/v2\/media?parent=4737"}],"wp:term":[{"taxonomy":"product_brand","embeddable":true,"href":"https:\/\/previntegral.com\/es\/wp-json\/wp\/v2\/product_brand?post=4737"},{"taxonomy":"product_cat","embeddable":true,"href":"https:\/\/previntegral.com\/es\/wp-json\/wp\/v2\/product_cat?post=4737"},{"taxonomy":"product_tag","embeddable":true,"href":"https:\/\/previntegral.com\/es\/wp-json\/wp\/v2\/product_tag?post=4737"}],"curies":[{"name":"WordPress","href":"https:\/\/api.w.org\/{rel}","templated":true}]}}