{"id":4740,"date":"2025-12-05T10:38:44","date_gmt":"2025-12-05T10:38:44","guid":{"rendered":"https:\/\/previntegral.com\/producto\/c-8-operaris-en-activitats-de-tractaments-superficials-de-les-peces-de-metall-desgreixatge-neteja-decapatge-recobriment-pintura\/"},"modified":"2026-03-16T18:32:31","modified_gmt":"2026-03-16T18:32:31","slug":"c-8-operarios-en-actividades-de-tratamiento-superficial-de-piezas-metalicas-desengrasado-limpieza-desincrustacion-recubrimiento-pintura","status":"publish","type":"product","link":"https:\/\/previntegral.com\/es\/producto\/c-8-operaris-en-activitats-de-tractaments-superficials-de-les-peces-de-metall-desgreixatge-neteja-decapatge-recobriment-pintura\/","title":{"rendered":"C.8 \u2013 Operarios en actividades de tratamiento superficial de piezas met\u00e1licas: desengrasado, limpieza, decapado, recubrimiento, pintura."},"content":{"rendered":"<p>Este curso, con una duraci\u00f3n de <strong>20 horas<\/strong> y en modo <strong>presencial<\/strong>, est\u00e1 dise\u00f1ado para proporcionar formaci\u00f3n espec\u00edfica y actualizada a los operadores que realizan actividades de <strong>Tratamientos superficiales de piezas met\u00e1licas<\/strong>, como desengrasado, limpieza, decapado, recubrimiento y pintura. La formaci\u00f3n abarca tanto los conceptos generales de la <strong>prevenci\u00f3n de riesgos laborales<\/strong> as\u00ed como los riesgos espec\u00edficos asociados a estos procesos. El objetivo es que los participantes adquieran el <strong>habilidades y competencias pr\u00e1cticas<\/strong> necesario para manipular con seguridad los productos qu\u00edmicos y los equipos utilizados, as\u00ed como para aplicar las medidas de protecci\u00f3n adecuadas. Cumple con los requisitos establecidos por <strong>Convenio colectivo del metal<\/strong>, contribuyendo a la mejora de la salud y la seguridad en el trabajo dentro de las empresas del sector y promoviendo un entorno laboral m\u00e1s seguro y eficiente.<\/p>","protected":false},"excerpt":{"rendered":"<p>Aquest curs, d&#8217;una durada de 20 hores i en modalitat presencial, est\u00e0 dissenyat per oferir una formaci\u00f3 espec\u00edfica i actualitzada als operaris que realitzen activitats de tractaments superficials de peces de metall, com el desgreixatge, la neteja, el decapatge, el recobriment i la pintura. La formaci\u00f3 cobreix tant els conceptes generals de la prevenci\u00f3 de [&hellip;]<\/p>\n","protected":false},"featured_media":4745,"comment_status":"open","ping_status":"closed","template":"","meta":{"_acf_changed":false},"product_brand":[],"product_cat":[41],"product_tag":[],"class_list":{"0":"post-4740","1":"product","2":"type-product","3":"status-publish","4":"has-post-thumbnail","6":"product_cat-metall","8":"first","9":"instock","10":"virtual","11":"taxable","12":"purchasable","13":"product-type-curso"},"acf":[],"precio_regular_curso":340.01,"precio_bonificado_curso":358.16,"_links":{"self":[{"href":"https:\/\/previntegral.com\/es\/wp-json\/wp\/v2\/product\/4740","targetHints":{"allow":["GET"]}}],"collection":[{"href":"https:\/\/previntegral.com\/es\/wp-json\/wp\/v2\/product"}],"about":[{"href":"https:\/\/previntegral.com\/es\/wp-json\/wp\/v2\/types\/product"}],"replies":[{"embeddable":true,"href":"https:\/\/previntegral.com\/es\/wp-json\/wp\/v2\/comments?post=4740"}],"wp:featuredmedia":[{"embeddable":true,"href":"https:\/\/previntegral.com\/es\/wp-json\/wp\/v2\/media\/4745"}],"wp:attachment":[{"href":"https:\/\/previntegral.com\/es\/wp-json\/wp\/v2\/media?parent=4740"}],"wp:term":[{"taxonomy":"product_brand","embeddable":true,"href":"https:\/\/previntegral.com\/es\/wp-json\/wp\/v2\/product_brand?post=4740"},{"taxonomy":"product_cat","embeddable":true,"href":"https:\/\/previntegral.com\/es\/wp-json\/wp\/v2\/product_cat?post=4740"},{"taxonomy":"product_tag","embeddable":true,"href":"https:\/\/previntegral.com\/es\/wp-json\/wp\/v2\/product_tag?post=4740"}],"curies":[{"name":"WordPress","href":"https:\/\/api.w.org\/{rel}","templated":true}]}}