{"id":4741,"date":"2025-12-05T10:38:45","date_gmt":"2025-12-05T10:38:45","guid":{"rendered":"https:\/\/previntegral.com\/producto\/especialitat-en-paviments-i-enrajolats\/"},"modified":"2026-03-16T18:32:31","modified_gmt":"2026-03-16T18:32:31","slug":"especializados-en-suelos-y-alicatados","status":"publish","type":"product","link":"https:\/\/previntegral.com\/es\/producto\/especialitat-en-paviments-i-enrajolats\/","title":{"rendered":"Especializados en suelos y alicatados"},"content":{"rendered":"<p>Este curso de <strong>Revestimientos para suelos y alicatados<\/strong> est\u00e1 especialmente dise\u00f1ado para los trabajadores del <strong>Sector de la construcci\u00f3n<\/strong> que deseen adquirir o ampliar su <strong>Habilidades t\u00e9cnicas<\/strong> en la instalaci\u00f3n correcta de suelos y alicatados. Con una duraci\u00f3n de 6 horas de formaci\u00f3n presencial, el curso cumple los requisitos establecidos por la <strong>Convenio colectivo para el sector de la construcci\u00f3n<\/strong>, garantizando que las tareas se realicen con la m\u00e1xima calidad y seguridad. Durante el curso se abordan aspectos fundamentales como la prevenci\u00f3n de riesgos laborales y el uso de t\u00e9cnicas y herramientas espec\u00edficas de esta actividad, fomentando una actitud profesional y responsable dentro de los equipos de trabajo. Esta formaci\u00f3n es esencial para quienes deseen garantizar una trayectoria profesional segura y eficiente, cumplir con la normativa vigente y mejorar su prestigio profesional dentro del sector.<\/p>","protected":false},"excerpt":{"rendered":"<p>Aquest curs de Paviments i enrajolats est\u00e0 pensat especialment per a treballadors del sector de la construcci\u00f3 que volen adquirir o ampliar les seves compet\u00e8ncies t\u00e8cniques en la correcta instal\u00b7laci\u00f3 de paviments i enrajolats. Amb una durada de 6 hores presencials, la formaci\u00f3 compleix amb els requisits establerts pel Conven\u00ed Col\u00b7lectiu del Sector de la [&hellip;]<\/p>\n","protected":false},"featured_media":4746,"comment_status":"open","ping_status":"closed","template":"","meta":{"_acf_changed":false},"product_brand":[],"product_cat":[38],"product_tag":[],"class_list":{"0":"post-4741","1":"product","2":"type-product","3":"status-publish","4":"has-post-thumbnail","6":"product_cat-construccio","8":"first","9":"instock","10":"virtual","11":"taxable","12":"purchasable","13":"product-type-curso"},"acf":[],"precio_regular_curso":150.04,"precio_bonificado_curso":157.3,"_links":{"self":[{"href":"https:\/\/previntegral.com\/es\/wp-json\/wp\/v2\/product\/4741","targetHints":{"allow":["GET"]}}],"collection":[{"href":"https:\/\/previntegral.com\/es\/wp-json\/wp\/v2\/product"}],"about":[{"href":"https:\/\/previntegral.com\/es\/wp-json\/wp\/v2\/types\/product"}],"replies":[{"embeddable":true,"href":"https:\/\/previntegral.com\/es\/wp-json\/wp\/v2\/comments?post=4741"}],"wp:featuredmedia":[{"embeddable":true,"href":"https:\/\/previntegral.com\/es\/wp-json\/wp\/v2\/media\/4746"}],"wp:attachment":[{"href":"https:\/\/previntegral.com\/es\/wp-json\/wp\/v2\/media?parent=4741"}],"wp:term":[{"taxonomy":"product_brand","embeddable":true,"href":"https:\/\/previntegral.com\/es\/wp-json\/wp\/v2\/product_brand?post=4741"},{"taxonomy":"product_cat","embeddable":true,"href":"https:\/\/previntegral.com\/es\/wp-json\/wp\/v2\/product_cat?post=4741"},{"taxonomy":"product_tag","embeddable":true,"href":"https:\/\/previntegral.com\/es\/wp-json\/wp\/v2\/product_tag?post=4741"}],"curies":[{"name":"WordPress","href":"https:\/\/api.w.org\/{rel}","templated":true}]}}