{"id":4744,"date":"2025-12-05T10:38:48","date_gmt":"2025-12-05T10:38:48","guid":{"rendered":"https:\/\/previntegral.com\/producto\/c-3-treballs-de-forja\/"},"modified":"2026-03-16T18:32:31","modified_gmt":"2026-03-16T18:32:31","slug":"c-3-trabajos-de-herreria","status":"publish","type":"product","link":"https:\/\/previntegral.com\/es\/producto\/c-3-treballs-de-forja\/","title":{"rendered":"C.3 \u2013 Herrer\u00eda"},"content":{"rendered":"<p>En este curso de 20 horas y en este formato <strong>presencial<\/strong>, Se ofrece formaci\u00f3n espec\u00edfica para los trabajadores de producci\u00f3n y mantenimiento del sector metal\u00fargico, centrada en la <strong>Herrer\u00eda<\/strong>. La formaci\u00f3n combina un bloque general dedicado a la <strong>Prevenci\u00f3n de riesgos laborales (PRL)<\/strong> con contenido espec\u00edfico sobre los riesgos asociados a las tareas de forja y las medidas preventivas m\u00e1s adecuadas. El objetivo es que los participantes adquieran tanto un <strong>s\u00f3lidos conocimientos te\u00f3ricos<\/strong> c\u00f3mo <strong>habilidades pr\u00e1cticas<\/strong> detectar, gestionar y minimizar los riesgos asociados a estas actividades, garantizando as\u00ed un <strong>Entorno de trabajo seguro<\/strong>. Esta formaci\u00f3n cumple los requisitos de la <strong>Convenio colectivo del metal<\/strong> Satisface las necesidades de formaci\u00f3n de los profesionales que desean integrar la prevenci\u00f3n en su rutina diaria, para contribuir a la salud y la seguridad en la industria metal\u00fargica.<\/p>","protected":false},"excerpt":{"rendered":"<p>En aquest curs de 20 hores i modalitat presencial, s\u2019ofereix una formaci\u00f3 espec\u00edfica per als treballadors de producci\u00f3 i manteniment del sector metall, centrada en els treballs de forja. La formaci\u00f3 combina un bloc general dedicat a la prevenci\u00f3 de riscos laborals (PRL) amb continguts espec\u00edfics sobre els riscos associats a les tasques de forja [&hellip;]<\/p>\n","protected":false},"featured_media":4748,"comment_status":"open","ping_status":"closed","template":"","meta":{"_acf_changed":false},"product_brand":[],"product_cat":[41],"product_tag":[],"class_list":{"0":"post-4744","1":"product","2":"type-product","3":"status-publish","4":"has-post-thumbnail","6":"product_cat-metall","8":"first","9":"instock","10":"virtual","11":"taxable","12":"purchasable","13":"product-type-curso"},"acf":[],"precio_regular_curso":340.01,"precio_bonificado_curso":358.16,"_links":{"self":[{"href":"https:\/\/previntegral.com\/es\/wp-json\/wp\/v2\/product\/4744","targetHints":{"allow":["GET"]}}],"collection":[{"href":"https:\/\/previntegral.com\/es\/wp-json\/wp\/v2\/product"}],"about":[{"href":"https:\/\/previntegral.com\/es\/wp-json\/wp\/v2\/types\/product"}],"replies":[{"embeddable":true,"href":"https:\/\/previntegral.com\/es\/wp-json\/wp\/v2\/comments?post=4744"}],"wp:featuredmedia":[{"embeddable":true,"href":"https:\/\/previntegral.com\/es\/wp-json\/wp\/v2\/media\/4748"}],"wp:attachment":[{"href":"https:\/\/previntegral.com\/es\/wp-json\/wp\/v2\/media?parent=4744"}],"wp:term":[{"taxonomy":"product_brand","embeddable":true,"href":"https:\/\/previntegral.com\/es\/wp-json\/wp\/v2\/product_brand?post=4744"},{"taxonomy":"product_cat","embeddable":true,"href":"https:\/\/previntegral.com\/es\/wp-json\/wp\/v2\/product_cat?post=4744"},{"taxonomy":"product_tag","embeddable":true,"href":"https:\/\/previntegral.com\/es\/wp-json\/wp\/v2\/product_tag?post=4744"}],"curies":[{"name":"WordPress","href":"https:\/\/api.w.org\/{rel}","templated":true}]}}