{"id":4749,"date":"2025-12-05T10:39:17","date_gmt":"2025-12-05T10:39:17","guid":{"rendered":"https:\/\/previntegral.com\/producto\/c-4-operaris-en-treballs-de-soldadura-i-oxitall\/"},"modified":"2026-03-16T18:32:32","modified_gmt":"2026-03-16T18:32:32","slug":"4-operarios-en-trabajos-de-soldadura-y-oxicorte","status":"publish","type":"product","link":"https:\/\/previntegral.com\/es\/producto\/c-4-operaris-en-treballs-de-soldadura-i-oxitall\/","title":{"rendered":"C.4 \u2013 Operarios en trabajos de soldadura y oxicorte"},"content":{"rendered":"<p>El curso <strong>C.4 \u2013 Operarios en trabajos de soldadura y oxicorte<\/strong> ofrece formaci\u00f3n en <strong>20 horas de contacto presencial<\/strong> dise\u00f1ado para trabajadores del sector metal\u00fargico. Esta formaci\u00f3n tiene como objetivo dotar a los operadores de <strong>Competencias espec\u00edficas en la prevenci\u00f3n de riesgos laborales<\/strong>, con especial \u00e9nfasis en las tareas de soldadura y oxicorte. La metodolog\u00eda presencial facilita el aprendizaje pr\u00e1ctico y la comprensi\u00f3n de los riesgos asociados a estos procesos, como el uso seguro de los equipos y la gesti\u00f3n de situaciones peligrosas en el lugar de trabajo. El curso est\u00e1 dise\u00f1ado para garantizar el cumplimiento de la normativa establecida por la <strong>Convenio colectivo para la industria metal\u00fargica<\/strong>, promoviendo una cultura de seguridad y responsabilidad entre los participantes. Es ideal para operadores que desean mejorar sus capacidades preventivas y contribuir a un entorno de trabajo m\u00e1s seguro y saludable.<\/p>","protected":false},"excerpt":{"rendered":"<p>El curs C.4 &#8211; Operaris en treballs de soldadura i oxitall ofereix una formaci\u00f3 de 20 hores presencials pensada per a treballadors del sector del metall. Aquesta preparaci\u00f3 est\u00e0 enfocada a dotar als operaris de compet\u00e8ncies espec\u00edfiques en prevenci\u00f3 de riscos laborals, amb un especial \u00e8mfasi en les tasques de soldadura i oxitall. La metodologia [&hellip;]<\/p>\n","protected":false},"featured_media":4752,"comment_status":"open","ping_status":"closed","template":"","meta":{"_acf_changed":false},"product_brand":[],"product_cat":[41],"product_tag":[],"class_list":{"0":"post-4749","1":"product","2":"type-product","3":"status-publish","4":"has-post-thumbnail","6":"product_cat-metall","8":"first","9":"instock","10":"virtual","11":"taxable","12":"purchasable","13":"product-type-curso"},"acf":[],"precio_regular_curso":340.01,"precio_bonificado_curso":358.16,"_links":{"self":[{"href":"https:\/\/previntegral.com\/es\/wp-json\/wp\/v2\/product\/4749","targetHints":{"allow":["GET"]}}],"collection":[{"href":"https:\/\/previntegral.com\/es\/wp-json\/wp\/v2\/product"}],"about":[{"href":"https:\/\/previntegral.com\/es\/wp-json\/wp\/v2\/types\/product"}],"replies":[{"embeddable":true,"href":"https:\/\/previntegral.com\/es\/wp-json\/wp\/v2\/comments?post=4749"}],"wp:featuredmedia":[{"embeddable":true,"href":"https:\/\/previntegral.com\/es\/wp-json\/wp\/v2\/media\/4752"}],"wp:attachment":[{"href":"https:\/\/previntegral.com\/es\/wp-json\/wp\/v2\/media?parent=4749"}],"wp:term":[{"taxonomy":"product_brand","embeddable":true,"href":"https:\/\/previntegral.com\/es\/wp-json\/wp\/v2\/product_brand?post=4749"},{"taxonomy":"product_cat","embeddable":true,"href":"https:\/\/previntegral.com\/es\/wp-json\/wp\/v2\/product_cat?post=4749"},{"taxonomy":"product_tag","embeddable":true,"href":"https:\/\/previntegral.com\/es\/wp-json\/wp\/v2\/product_tag?post=4749"}],"curies":[{"name":"WordPress","href":"https:\/\/api.w.org\/{rel}","templated":true}]}}