{"id":4751,"date":"2025-12-05T10:39:22","date_gmt":"2025-12-05T10:39:22","guid":{"rendered":"https:\/\/previntegral.com\/producto\/especialitat-en-pintura\/"},"modified":"2026-03-16T18:32:32","modified_gmt":"2026-03-16T18:32:32","slug":"especialidad-en-pintura","status":"publish","type":"product","link":"https:\/\/previntegral.com\/es\/producto\/especialitat-en-pintura\/","title":{"rendered":"Especializaci\u00f3n en Pintura"},"content":{"rendered":"<p>Si trabajas en el sector de la construcci\u00f3n y quieres especializarte en el \u00e1mbito de <strong>pintura<\/strong>, Este curso presencial de 6 horas es ideal para ti. Con una formaci\u00f3n centrada en el <strong>T\u00e9cnicas espec\u00edficas<\/strong> y el <strong>protocolos de seguridad<\/strong> En este curso, aprender\u00e1s a realizar tus tareas de acabado de forma eficaz, cumpliendo con la normativa de <strong>prevenci\u00f3n de riesgos laborales<\/strong> establecida en el Convenio Colectivo sectorial. Esta formaci\u00f3n est\u00e1 totalmente adaptada y acreditada por la <strong>Fundaci\u00f3n Laboral de la Construcci\u00f3n<\/strong>, garantizando as\u00ed una certificaci\u00f3n reconocida y v\u00e1lida para acceder a las obras. Adem\u00e1s, el curso complementa la formaci\u00f3n general prevista en el convenio con una parte de\u2019<strong>especialidad<\/strong>, para proporcionarte las herramientas necesarias que garanticen un entorno de trabajo seguro y profesional. Se trata de una oportunidad pensada para todos los trabajadores que deseen ampliar sus <strong>competencias<\/strong> y garantizar el cumplimiento de la normativa legal y formativa del sector.<\/p>","protected":false},"excerpt":{"rendered":"<p>Si treballes en el sector de la construcci\u00f3 i vols especialitzar-te en el camp de la pintura, aquest curs presencial de 6 hores \u00e9s ideal per a tu. Amb una formaci\u00f3 enfocada en les t\u00e8cniques espec\u00edfiques i els protocols de seguretat vigents, aprendr\u00e0s a desenvolupar les teves tasques d\u2019acabat amb efic\u00e0cia, complint la normativa de [&hellip;]<\/p>\n","protected":false},"featured_media":4754,"comment_status":"open","ping_status":"closed","template":"","meta":{"_acf_changed":false},"product_brand":[],"product_cat":[38],"product_tag":[],"class_list":{"0":"post-4751","1":"product","2":"type-product","3":"status-publish","4":"has-post-thumbnail","6":"product_cat-construccio","8":"first","9":"instock","10":"virtual","11":"taxable","12":"purchasable","13":"product-type-curso"},"acf":[],"precio_regular_curso":150.04,"precio_bonificado_curso":157.3,"_links":{"self":[{"href":"https:\/\/previntegral.com\/es\/wp-json\/wp\/v2\/product\/4751","targetHints":{"allow":["GET"]}}],"collection":[{"href":"https:\/\/previntegral.com\/es\/wp-json\/wp\/v2\/product"}],"about":[{"href":"https:\/\/previntegral.com\/es\/wp-json\/wp\/v2\/types\/product"}],"replies":[{"embeddable":true,"href":"https:\/\/previntegral.com\/es\/wp-json\/wp\/v2\/comments?post=4751"}],"wp:featuredmedia":[{"embeddable":true,"href":"https:\/\/previntegral.com\/es\/wp-json\/wp\/v2\/media\/4754"}],"wp:attachment":[{"href":"https:\/\/previntegral.com\/es\/wp-json\/wp\/v2\/media?parent=4751"}],"wp:term":[{"taxonomy":"product_brand","embeddable":true,"href":"https:\/\/previntegral.com\/es\/wp-json\/wp\/v2\/product_brand?post=4751"},{"taxonomy":"product_cat","embeddable":true,"href":"https:\/\/previntegral.com\/es\/wp-json\/wp\/v2\/product_cat?post=4751"},{"taxonomy":"product_tag","embeddable":true,"href":"https:\/\/previntegral.com\/es\/wp-json\/wp\/v2\/product_tag?post=4751"}],"curies":[{"name":"WordPress","href":"https:\/\/api.w.org\/{rel}","templated":true}]}}