{"id":4755,"date":"2025-12-05T10:40:03","date_gmt":"2025-12-05T10:40:03","guid":{"rendered":"https:\/\/previntegral.com\/producto\/especialitat-en-revestiments-de-guix\/"},"modified":"2026-03-16T18:32:32","modified_gmt":"2026-03-16T18:32:32","slug":"especializados-en-acabados-de-placas-de-yeso","status":"publish","type":"product","link":"https:\/\/previntegral.com\/es\/producto\/especialitat-en-revestiments-de-guix\/","title":{"rendered":"Especializados en acabados de yeso"},"content":{"rendered":"<p>Si trabajas en el sector de la construcci\u00f3n y quieres mejorar tu especializaci\u00f3n, este curso de <strong>Revestimiento de placas de yeso<\/strong> Es ideal para ti. Tiene una duraci\u00f3n de seis horas y se ofrece en el formato 100%. <strong>presencial<\/strong>, te ofrece una formaci\u00f3n detallada y personalizada para <strong>Convenio colectivo para el sector de la construcci\u00f3n<\/strong>. Aprender\u00e1s los procedimientos adecuados para la instalaci\u00f3n y manipulaci\u00f3n correctas de las placas de yeso, aplicando la normativa vigente y dando prioridad a la <strong>prevenci\u00f3n de riesgos laborales<\/strong>. La formaci\u00f3n la imparte un centro acreditado por la <strong>Fundaci\u00f3n Laboral de la Construcci\u00f3n<\/strong>, lo que garantiza la calidad y el car\u00e1cter oficial del curso. Esta oportunidad es fundamental para todos los trabajadores que deseen garantizar su seguridad y su especializaci\u00f3n profesional, ya que facilita el acceso a la obra con competencias certificadas y reconocidas en el marco del convenio colectivo.<\/p>","protected":false},"excerpt":{"rendered":"<p>Si formes part del sector de la construcci\u00f3 i vols millorar la teva especialitzaci\u00f3, aquest curs de Revestiments de guix \u00e9s ideal per a tu. Amb una durada de 6 hores i modalitat 100% presencial, t\u2019ofereix una formaci\u00f3 detallada i adaptada al Conveni Col\u00b7lectiu del Sector de la Construcci\u00f3. Aprendr\u00e0s els procediments adequats per a [&hellip;]<\/p>\n","protected":false},"featured_media":4757,"comment_status":"open","ping_status":"closed","template":"","meta":{"_acf_changed":false},"product_brand":[],"product_cat":[38],"product_tag":[],"class_list":{"0":"post-4755","1":"product","2":"type-product","3":"status-publish","4":"has-post-thumbnail","6":"product_cat-construccio","8":"first","9":"instock","10":"virtual","11":"taxable","12":"purchasable","13":"product-type-curso"},"acf":[],"precio_regular_curso":150.04,"precio_bonificado_curso":157.3,"_links":{"self":[{"href":"https:\/\/previntegral.com\/es\/wp-json\/wp\/v2\/product\/4755","targetHints":{"allow":["GET"]}}],"collection":[{"href":"https:\/\/previntegral.com\/es\/wp-json\/wp\/v2\/product"}],"about":[{"href":"https:\/\/previntegral.com\/es\/wp-json\/wp\/v2\/types\/product"}],"replies":[{"embeddable":true,"href":"https:\/\/previntegral.com\/es\/wp-json\/wp\/v2\/comments?post=4755"}],"wp:featuredmedia":[{"embeddable":true,"href":"https:\/\/previntegral.com\/es\/wp-json\/wp\/v2\/media\/4757"}],"wp:attachment":[{"href":"https:\/\/previntegral.com\/es\/wp-json\/wp\/v2\/media?parent=4755"}],"wp:term":[{"taxonomy":"product_brand","embeddable":true,"href":"https:\/\/previntegral.com\/es\/wp-json\/wp\/v2\/product_brand?post=4755"},{"taxonomy":"product_cat","embeddable":true,"href":"https:\/\/previntegral.com\/es\/wp-json\/wp\/v2\/product_cat?post=4755"},{"taxonomy":"product_tag","embeddable":true,"href":"https:\/\/previntegral.com\/es\/wp-json\/wp\/v2\/product_tag?post=4755"}],"curies":[{"name":"WordPress","href":"https:\/\/api.w.org\/{rel}","templated":true}]}}