{"id":4758,"date":"2025-12-05T10:40:15","date_gmt":"2025-12-05T10:40:15","guid":{"rendered":"https:\/\/previntegral.com\/producto\/especialitat-en-revestiments-exteriors\/"},"modified":"2026-03-16T18:32:32","modified_gmt":"2026-03-16T18:32:32","slug":"especialitat-en-revestiments-exteriors","status":"publish","type":"product","link":"https:\/\/previntegral.com\/es\/producto\/especialitat-en-revestiments-exteriors\/","title":{"rendered":"Especializados en revestimientos exteriores"},"content":{"rendered":"<p>Si vols especialitzar-te en <strong>revestimientos exteriores<\/strong> dins del sector de la construcci\u00f3, aquest curs presencial de 6 hores \u00e9s una oportunitat \u00fanica per aprofundir en les <strong>T\u00e9cnicas espec\u00edficas<\/strong> d\u2019aquest \u00e0mbit, tot garantint el compliment estricte de la normativa vigent en mat\u00e8ria de <strong>prevenci\u00f3n de riesgos laborales<\/strong>. Amb una formaci\u00f3 adaptada al <strong>Convenio colectivo para el sector de la construcci\u00f3n<\/strong>, aprendr\u00e0s a aplicar els materials i procediments amb criteris de seguretat i qualitat, millorant les teves <strong>Habilidades profesionales<\/strong> i assegurant una execuci\u00f3 precisa i segura a l\u2019obra. Aquest curs impartit de manera <strong>presencial<\/strong> t\u2019ofereix la possibilitat de practicar i resoldre dubtes en directe, contribuint a la teva capacitaci\u00f3 per enfrontar situacions reals i protegir la teva integritat i la dels companys. La formaci\u00f3 \u00e9s ideal per a treballadors i professionals que desitgen destacar en aquest sector amb un enfocament en el respecte als est\u00e0ndards de seguretat i qualitat.<\/p>","protected":false},"excerpt":{"rendered":"<p>Si vols especialitzar-te en revestiments exteriors dins del sector de la construcci\u00f3, aquest curs presencial de 6 hores \u00e9s una oportunitat \u00fanica per aprofundir en les t\u00e8cniques espec\u00edfiques d\u2019aquest \u00e0mbit, tot garantint el compliment estricte de la normativa vigent en mat\u00e8ria de prevenci\u00f3 de riscos laborals. Amb una formaci\u00f3 adaptada al Conveni Col\u00b7lectiu del Sector [&hellip;]<\/p>\n","protected":false},"featured_media":4760,"comment_status":"open","ping_status":"closed","template":"","meta":{"_acf_changed":false},"product_brand":[],"product_cat":[38],"product_tag":[],"class_list":{"0":"post-4758","1":"product","2":"type-product","3":"status-publish","4":"has-post-thumbnail","6":"product_cat-construccio","8":"first","9":"instock","10":"virtual","11":"taxable","12":"purchasable","13":"product-type-curso"},"acf":[],"precio_regular_curso":150.04,"precio_bonificado_curso":157.3,"_links":{"self":[{"href":"https:\/\/previntegral.com\/es\/wp-json\/wp\/v2\/product\/4758","targetHints":{"allow":["GET"]}}],"collection":[{"href":"https:\/\/previntegral.com\/es\/wp-json\/wp\/v2\/product"}],"about":[{"href":"https:\/\/previntegral.com\/es\/wp-json\/wp\/v2\/types\/product"}],"replies":[{"embeddable":true,"href":"https:\/\/previntegral.com\/es\/wp-json\/wp\/v2\/comments?post=4758"}],"wp:featuredmedia":[{"embeddable":true,"href":"https:\/\/previntegral.com\/es\/wp-json\/wp\/v2\/media\/4760"}],"wp:attachment":[{"href":"https:\/\/previntegral.com\/es\/wp-json\/wp\/v2\/media?parent=4758"}],"wp:term":[{"taxonomy":"product_brand","embeddable":true,"href":"https:\/\/previntegral.com\/es\/wp-json\/wp\/v2\/product_brand?post=4758"},{"taxonomy":"product_cat","embeddable":true,"href":"https:\/\/previntegral.com\/es\/wp-json\/wp\/v2\/product_cat?post=4758"},{"taxonomy":"product_tag","embeddable":true,"href":"https:\/\/previntegral.com\/es\/wp-json\/wp\/v2\/product_tag?post=4758"}],"curies":[{"name":"WordPress","href":"https:\/\/api.w.org\/{rel}","templated":true}]}}