{"id":4763,"date":"2025-12-05T10:41:13","date_gmt":"2025-12-05T10:41:13","guid":{"rendered":"https:\/\/previntegral.com\/producto\/especialitat-en-treballs-daillament-i-impermeabilitzacio\/"},"modified":"2026-03-16T18:32:32","modified_gmt":"2026-03-16T18:32:32","slug":"especialidad-en-trabajos-de-albanileria-e-impermeabilizacion","status":"publish","type":"product","link":"https:\/\/previntegral.com\/es\/producto\/especialitat-en-treballs-daillament-i-impermeabilitzacio\/","title":{"rendered":"Especializados en trabajos de aislamiento e impermeabilizaci\u00f3n."},"content":{"rendered":"<p>Si trabajas o quieres trabajar en el sector de la construcci\u00f3n, este curso presencial de 6 horas es fundamental para garantizar tu seguridad y cumplir con los requisitos establecidos por el <strong>convenio colectivo<\/strong>. La formaci\u00f3n est\u00e1 orientada espec\u00edficamente a las tareas de\u2019<strong>Aislamiento e impermeabilizaci\u00f3n<\/strong>, un aspecto clave en proyectos constructivos que exigen un alto nivel de prevenci\u00f3n. Con este curso adquirir\u00e1s las <strong>competencias<\/strong> necesarias para reconocer y prevenir los riesgos laborales propios de estos trabajos, asegurando una ejecuci\u00f3n efectiva y segura. Adem\u00e1s, la formaci\u00f3n es impartida por un centro acreditado por la<strong> Fundaci\u00f3n Laboral de la Construcci\u00f3n<\/strong>, garantizando la calidad y la validez del aprendizaje. La modalidad totalmente presencial facilita el aprendizaje pr\u00e1ctico y la interacci\u00f3n directa con los formadores, ideal para quienes quieren profesionales preparados y con la <strong>formaci\u00f3n obligatoria<\/strong> en prevenci\u00f3n actualizada.<\/p>","protected":false},"excerpt":{"rendered":"<p>Si treballes o vols treballar en el sector de la construcci\u00f3, aquest curs presencial de 6 hores \u00e9s fonamental per garantir la teva seguretat i complir amb els requisits establerts pel conveni col\u00b7lectiu. La formaci\u00f3 est\u00e0 orientada espec\u00edficament a les tasques d\u2019a\u00efllament i impermeabilitzaci\u00f3, un aspecte clau en projectes constructius que exigeixen un alt nivell [&hellip;]<\/p>\n","protected":false},"featured_media":4765,"comment_status":"open","ping_status":"closed","template":"","meta":{"_acf_changed":false},"product_brand":[],"product_cat":[38],"product_tag":[],"class_list":{"0":"post-4763","1":"product","2":"type-product","3":"status-publish","4":"has-post-thumbnail","6":"product_cat-construccio","8":"first","9":"instock","10":"virtual","11":"taxable","12":"purchasable","13":"product-type-curso"},"acf":[],"precio_regular_curso":150.04,"precio_bonificado_curso":157.3,"_links":{"self":[{"href":"https:\/\/previntegral.com\/es\/wp-json\/wp\/v2\/product\/4763","targetHints":{"allow":["GET"]}}],"collection":[{"href":"https:\/\/previntegral.com\/es\/wp-json\/wp\/v2\/product"}],"about":[{"href":"https:\/\/previntegral.com\/es\/wp-json\/wp\/v2\/types\/product"}],"replies":[{"embeddable":true,"href":"https:\/\/previntegral.com\/es\/wp-json\/wp\/v2\/comments?post=4763"}],"wp:featuredmedia":[{"embeddable":true,"href":"https:\/\/previntegral.com\/es\/wp-json\/wp\/v2\/media\/4765"}],"wp:attachment":[{"href":"https:\/\/previntegral.com\/es\/wp-json\/wp\/v2\/media?parent=4763"}],"wp:term":[{"taxonomy":"product_brand","embeddable":true,"href":"https:\/\/previntegral.com\/es\/wp-json\/wp\/v2\/product_brand?post=4763"},{"taxonomy":"product_cat","embeddable":true,"href":"https:\/\/previntegral.com\/es\/wp-json\/wp\/v2\/product_cat?post=4763"},{"taxonomy":"product_tag","embeddable":true,"href":"https:\/\/previntegral.com\/es\/wp-json\/wp\/v2\/product_tag?post=4763"}],"curies":[{"name":"WordPress","href":"https:\/\/api.w.org\/{rel}","templated":true}]}}