{"id":4766,"date":"2025-12-05T10:42:02","date_gmt":"2025-12-05T10:42:02","guid":{"rendered":"https:\/\/previntegral.com\/producto\/especialitat-en-treballs-de-conservacio-i-explotacio-de-carreteres\/"},"modified":"2026-03-16T18:32:32","modified_gmt":"2026-03-16T18:32:32","slug":"especializados-en-obras-de-conservacion-y-mantenimiento-de-carreteras","status":"publish","type":"product","link":"https:\/\/previntegral.com\/es\/producto\/especialitat-en-treballs-de-conservacio-i-explotacio-de-carreteres\/","title":{"rendered":"Especializaci\u00f3n en trabajos de mantenimiento y explotaci\u00f3n de carreteras."},"content":{"rendered":"<p>Este curso presencial de 6 horas est\u00e1 dirigido a los trabajadores del sector de la construcci\u00f3n que necesitan un <strong>Formaci\u00f3n espec\u00edfica en prevenci\u00f3n de riesgos laborales.<\/strong>, adaptado al convenio colectivo del sector. Se centra en las tareas de <strong>Mantenimiento y explotaci\u00f3n de las carreteras<\/strong>, ofreciendo los conocimientos y la <strong>Competencias necesarias<\/strong> para desempe\u00f1ar estas funciones con todas las medidas de seguridad necesarias. La formaci\u00f3n cumple con las obligaciones establecidas por la legislaci\u00f3n vigente y es impartida por un centro acreditado por la <strong>Fundaci\u00f3n Laboral de la Construcci\u00f3n<\/strong>, lo que garantiza el <strong>reconocimiento y validez<\/strong> del curso de nivel profesional. Esta formaci\u00f3n presencial te permite prepararte para desempe\u00f1ar tu trabajo de forma responsable y eficaz, mejorando tu capacidad para identificar y gestionar los riesgos inherentes a las obras viales.<\/p>","protected":false},"excerpt":{"rendered":"<p>Aquest curs presencial de 6 hores est\u00e0 dissenyat per a treballadors del sector de la construcci\u00f3 que necessiten una formaci\u00f3 espec\u00edfica en prevenci\u00f3 de riscos laborals, adaptada al conveni col\u00b7lectiu del sector. Se centra en les tasques de conservaci\u00f3 i explotaci\u00f3 de carreteres, oferint els coneixements i les habilitats necess\u00e0ries per realitzar aquestes funcions amb [&hellip;]<\/p>\n","protected":false},"featured_media":4768,"comment_status":"open","ping_status":"closed","template":"","meta":{"_acf_changed":false},"product_brand":[],"product_cat":[38],"product_tag":[],"class_list":{"0":"post-4766","1":"product","2":"type-product","3":"status-publish","4":"has-post-thumbnail","6":"product_cat-construccio","8":"first","9":"instock","10":"virtual","11":"taxable","12":"purchasable","13":"product-type-curso"},"acf":[],"precio_regular_curso":150.04,"precio_bonificado_curso":157.3,"_links":{"self":[{"href":"https:\/\/previntegral.com\/es\/wp-json\/wp\/v2\/product\/4766","targetHints":{"allow":["GET"]}}],"collection":[{"href":"https:\/\/previntegral.com\/es\/wp-json\/wp\/v2\/product"}],"about":[{"href":"https:\/\/previntegral.com\/es\/wp-json\/wp\/v2\/types\/product"}],"replies":[{"embeddable":true,"href":"https:\/\/previntegral.com\/es\/wp-json\/wp\/v2\/comments?post=4766"}],"wp:featuredmedia":[{"embeddable":true,"href":"https:\/\/previntegral.com\/es\/wp-json\/wp\/v2\/media\/4768"}],"wp:attachment":[{"href":"https:\/\/previntegral.com\/es\/wp-json\/wp\/v2\/media?parent=4766"}],"wp:term":[{"taxonomy":"product_brand","embeddable":true,"href":"https:\/\/previntegral.com\/es\/wp-json\/wp\/v2\/product_brand?post=4766"},{"taxonomy":"product_cat","embeddable":true,"href":"https:\/\/previntegral.com\/es\/wp-json\/wp\/v2\/product_cat?post=4766"},{"taxonomy":"product_tag","embeddable":true,"href":"https:\/\/previntegral.com\/es\/wp-json\/wp\/v2\/product_tag?post=4766"}],"curies":[{"name":"WordPress","href":"https:\/\/api.w.org\/{rel}","templated":true}]}}