{"id":4769,"date":"2025-12-05T10:42:35","date_gmt":"2025-12-05T10:42:35","guid":{"rendered":"https:\/\/previntegral.com\/producto\/especialitat-en-treballs-darqueologia\/"},"modified":"2026-03-16T18:32:32","modified_gmt":"2026-03-16T18:32:32","slug":"especializada-en-trabajos-arqueologicos","status":"publish","type":"product","link":"https:\/\/previntegral.com\/es\/producto\/especialitat-en-treballs-darqueologia\/","title":{"rendered":"Especializados en trabajos arqueol\u00f3gicos."},"content":{"rendered":"<p>Si trabajas en el <strong>Sector de la construcci\u00f3n<\/strong> y quieres especializarte en tareas arqueol\u00f3gicas, este curso de 6 horas en formato de aprendizaje mixto <strong>presencial<\/strong> Es perfecto para ti. Est\u00e1 especialmente dise\u00f1ado para cumplir con los requisitos. <strong>obligaciones de formaci\u00f3n<\/strong> tal y como se establece en el convenio colectivo, asegur\u00e1ndose de que conoce los detalles y los protocolos relacionados con el <strong>prevenci\u00f3n de riesgos laborales<\/strong> en esta especialidad. La formaci\u00f3n te permitir\u00e1 adquirir los <strong>Habilidades t\u00e9cnicas y pr\u00e1cticas<\/strong> que cumple con los requisitos normativos, al tiempo que garantiza que puedas realizar tus tareas de forma segura y eficiente en la obra. Impartido por un centro acreditado y homologado por la Construction Labour Foundation, este curso es una oportunidad clave para garantizar tu preparaci\u00f3n profesional y asegurarte el acceso a proyectos arqueol\u00f3gicos dentro del sector de la construcci\u00f3n.<\/p>","protected":false},"excerpt":{"rendered":"<p>Si treballes en el sector de la construcci\u00f3 i vols especialitzar-te en tasques d\u2019arqueologia, aquest curs de 6 hores en modalitat presencial \u00e9s perfecte per a tu. Est\u00e0 especialment dissenyat per complir amb les obligacions formatives que estableix el conveni col\u00b7lectiu, assegurant que coneixis les especificitats i protocols relacionats amb la prevenci\u00f3 de riscos laborals [&hellip;]<\/p>\n","protected":false},"featured_media":4771,"comment_status":"open","ping_status":"closed","template":"","meta":{"_acf_changed":false},"product_brand":[],"product_cat":[38],"product_tag":[],"class_list":{"0":"post-4769","1":"product","2":"type-product","3":"status-publish","4":"has-post-thumbnail","6":"product_cat-construccio","8":"first","9":"instock","10":"virtual","11":"taxable","12":"purchasable","13":"product-type-curso"},"acf":[],"precio_regular_curso":150.04,"precio_bonificado_curso":157.3,"_links":{"self":[{"href":"https:\/\/previntegral.com\/es\/wp-json\/wp\/v2\/product\/4769","targetHints":{"allow":["GET"]}}],"collection":[{"href":"https:\/\/previntegral.com\/es\/wp-json\/wp\/v2\/product"}],"about":[{"href":"https:\/\/previntegral.com\/es\/wp-json\/wp\/v2\/types\/product"}],"replies":[{"embeddable":true,"href":"https:\/\/previntegral.com\/es\/wp-json\/wp\/v2\/comments?post=4769"}],"wp:featuredmedia":[{"embeddable":true,"href":"https:\/\/previntegral.com\/es\/wp-json\/wp\/v2\/media\/4771"}],"wp:attachment":[{"href":"https:\/\/previntegral.com\/es\/wp-json\/wp\/v2\/media?parent=4769"}],"wp:term":[{"taxonomy":"product_brand","embeddable":true,"href":"https:\/\/previntegral.com\/es\/wp-json\/wp\/v2\/product_brand?post=4769"},{"taxonomy":"product_cat","embeddable":true,"href":"https:\/\/previntegral.com\/es\/wp-json\/wp\/v2\/product_cat?post=4769"},{"taxonomy":"product_tag","embeddable":true,"href":"https:\/\/previntegral.com\/es\/wp-json\/wp\/v2\/product_tag?post=4769"}],"curies":[{"name":"WordPress","href":"https:\/\/api.w.org\/{rel}","templated":true}]}}