{"id":4775,"date":"2025-12-05T10:43:18","date_gmt":"2025-12-05T10:43:18","guid":{"rendered":"https:\/\/previntegral.com\/producto\/especialitat-en-treballs-de-muntatge-de-prefabricats-de-formigo-en-obra\/"},"modified":"2026-03-16T18:32:32","modified_gmt":"2026-03-16T18:32:32","slug":"especialitat-en-treballs-de-muntatge-de-prefabricats-de-formigo-en-obra","status":"publish","type":"product","link":"https:\/\/previntegral.com\/es\/producto\/especialitat-en-treballs-de-muntatge-de-prefabricats-de-formigo-en-obra\/","title":{"rendered":"Especializados en el montaje in situ de elementos prefabricados de hormig\u00f3n."},"content":{"rendered":"<p>Si treballes en el sector de la construcci\u00f3 i necessites una formaci\u00f3 espec\u00edfica per treballar amb prefabricats de formig\u00f3, aquest curs presencial de 6 hores est\u00e0 dissenyat per a tu. Aquesta formaci\u00f3 et permetr\u00e0 adquirir les <strong>Competencias clave<\/strong> i con\u00e8ixer les normes espec\u00edfiques establertes pel <strong>Convenio colectivo para el sector de la construcci\u00f3n<\/strong>, garantint aix\u00ed una feina m\u00e9s segura i conforme a la normativa vigent. Durant les sessions adquirir\u00e0s habilitats per dur a terme el muntatge de prefabricats de formig\u00f3 amb <strong>eficiencia<\/strong> i minimitzant riscos laborals, gr\u00e0cies a la correcta aplicaci\u00f3 de les mesures de <strong>prevenci\u00f3n de riesgos<\/strong>. Impartit per un centre homologat per la Fundaci\u00f3 Laboral de la Construcci\u00f3, aquest curs \u00e9s imprescindible per a professionals del sector que vulguin millorar la seva qualificaci\u00f3 i assegurar el compliment legal necessari per treballar en obra.<\/p>","protected":false},"excerpt":{"rendered":"<p>Si treballes en el sector de la construcci\u00f3 i necessites una formaci\u00f3 espec\u00edfica per treballar amb prefabricats de formig\u00f3, aquest curs presencial de 6 hores est\u00e0 dissenyat per a tu. Aquesta formaci\u00f3 et permetr\u00e0 adquirir les compet\u00e8ncies clau i con\u00e8ixer les normes espec\u00edfiques establertes pel Conven\u00ed Col\u00b7lectiu del Sector de la Construcci\u00f3, garantint aix\u00ed una [&hellip;]<\/p>\n","protected":false},"featured_media":4777,"comment_status":"open","ping_status":"closed","template":"","meta":{"_acf_changed":false},"product_brand":[],"product_cat":[38],"product_tag":[],"class_list":{"0":"post-4775","1":"product","2":"type-product","3":"status-publish","4":"has-post-thumbnail","6":"product_cat-construccio","8":"first","9":"instock","10":"virtual","11":"taxable","12":"purchasable","13":"product-type-curso"},"acf":[],"precio_regular_curso":150.04,"precio_bonificado_curso":157.3,"_links":{"self":[{"href":"https:\/\/previntegral.com\/es\/wp-json\/wp\/v2\/product\/4775","targetHints":{"allow":["GET"]}}],"collection":[{"href":"https:\/\/previntegral.com\/es\/wp-json\/wp\/v2\/product"}],"about":[{"href":"https:\/\/previntegral.com\/es\/wp-json\/wp\/v2\/types\/product"}],"replies":[{"embeddable":true,"href":"https:\/\/previntegral.com\/es\/wp-json\/wp\/v2\/comments?post=4775"}],"wp:featuredmedia":[{"embeddable":true,"href":"https:\/\/previntegral.com\/es\/wp-json\/wp\/v2\/media\/4777"}],"wp:attachment":[{"href":"https:\/\/previntegral.com\/es\/wp-json\/wp\/v2\/media?parent=4775"}],"wp:term":[{"taxonomy":"product_brand","embeddable":true,"href":"https:\/\/previntegral.com\/es\/wp-json\/wp\/v2\/product_brand?post=4775"},{"taxonomy":"product_cat","embeddable":true,"href":"https:\/\/previntegral.com\/es\/wp-json\/wp\/v2\/product_cat?post=4775"},{"taxonomy":"product_tag","embeddable":true,"href":"https:\/\/previntegral.com\/es\/wp-json\/wp\/v2\/product_tag?post=4775"}],"curies":[{"name":"WordPress","href":"https:\/\/api.w.org\/{rel}","templated":true}]}}