{"id":4779,"date":"2025-12-05T10:44:06","date_gmt":"2025-12-05T10:44:06","guid":{"rendered":"https:\/\/previntegral.com\/producto\/especialitat-en-treballs-de-soldadura\/"},"modified":"2026-03-16T18:32:32","modified_gmt":"2026-03-16T18:32:32","slug":"especialitat-en-treballs-de-soldadura","status":"publish","type":"product","link":"https:\/\/previntegral.com\/es\/producto\/especialitat-en-treballs-de-soldadura\/","title":{"rendered":"Especializados en soldadura"},"content":{"rendered":"<p>Si trabajas en el sector de la construcci\u00f3n y quieres especializarte en los <strong>Trabajos de soldadura<\/strong>, aquest curs presencial de 6 hores \u00e9s ideal per a tu. A trav\u00e9s d\u2019una formaci\u00f3 homologada i ajustada als requisits del <strong>Convenio colectivo para el sector de la construcci\u00f3n<\/strong>, obtendr\u00e1 el <strong>Habilidades t\u00e9cnicas<\/strong> necess\u00e0ries per actuar de manera segura i eficient en les teves tasques di\u00e0ries. El curs est\u00e0 dissenyat per completar la part d\u2019<strong>especialidad<\/strong> del conveni, sempre que la part comuna ja hagi estat superada, i s\u2019imparteix en un centre acreditat per la <strong>Fundaci\u00f3n Laboral de la Construcci\u00f3n<\/strong>, com Previntegral. Aix\u00f2 garanteix el compliment dels est\u00e0ndards legals i ofereix un aprenentatge pr\u00e0ctic i aplicat, clau per a la prevenci\u00f3 de <strong>Riesgos laborales<\/strong> espec\u00edfics del sector. \u00c9s una oportunitat per a tots els professionals de la construcci\u00f3 que vulguin consolidar i millorar els seus coneixements en soldadura i accedir a les obres amb una formaci\u00f3 validada i reconeguda.<\/p>","protected":false},"excerpt":{"rendered":"<p>Si treballes en el sector de la construcci\u00f3 i vols especialitzar-te en els treballs de soldadura, aquest curs presencial de 6 hores \u00e9s ideal per a tu. A trav\u00e9s d\u2019una formaci\u00f3 homologada i ajustada als requisits del Conveni Col\u00b7lectiu del Sector de la Construcci\u00f3, adquirir\u00e0s les compet\u00e8ncies t\u00e8cniques necess\u00e0ries per actuar de manera segura i [&hellip;]<\/p>\n","protected":false},"featured_media":4781,"comment_status":"open","ping_status":"closed","template":"","meta":{"_acf_changed":false},"product_brand":[],"product_cat":[38],"product_tag":[],"class_list":{"0":"post-4779","1":"product","2":"type-product","3":"status-publish","4":"has-post-thumbnail","6":"product_cat-construccio","8":"first","9":"instock","10":"virtual","11":"taxable","12":"purchasable","13":"product-type-curso"},"acf":[],"precio_regular_curso":150.04,"precio_bonificado_curso":157.3,"_links":{"self":[{"href":"https:\/\/previntegral.com\/es\/wp-json\/wp\/v2\/product\/4779","targetHints":{"allow":["GET"]}}],"collection":[{"href":"https:\/\/previntegral.com\/es\/wp-json\/wp\/v2\/product"}],"about":[{"href":"https:\/\/previntegral.com\/es\/wp-json\/wp\/v2\/types\/product"}],"replies":[{"embeddable":true,"href":"https:\/\/previntegral.com\/es\/wp-json\/wp\/v2\/comments?post=4779"}],"wp:featuredmedia":[{"embeddable":true,"href":"https:\/\/previntegral.com\/es\/wp-json\/wp\/v2\/media\/4781"}],"wp:attachment":[{"href":"https:\/\/previntegral.com\/es\/wp-json\/wp\/v2\/media?parent=4779"}],"wp:term":[{"taxonomy":"product_brand","embeddable":true,"href":"https:\/\/previntegral.com\/es\/wp-json\/wp\/v2\/product_brand?post=4779"},{"taxonomy":"product_cat","embeddable":true,"href":"https:\/\/previntegral.com\/es\/wp-json\/wp\/v2\/product_cat?post=4779"},{"taxonomy":"product_tag","embeddable":true,"href":"https:\/\/previntegral.com\/es\/wp-json\/wp\/v2\/product_tag?post=4779"}],"curies":[{"name":"WordPress","href":"https:\/\/api.w.org\/{rel}","templated":true}]}}