{"id":4784,"date":"2025-12-05T10:45:14","date_gmt":"2025-12-05T10:45:14","guid":{"rendered":"https:\/\/previntegral.com\/producto\/especialitat-en-treballs-destabilitzacio-desplanades-i-estesa-de-ferms\/"},"modified":"2026-03-16T18:32:32","modified_gmt":"2026-03-16T18:32:32","slug":"especialitat-en-treballs-destabilitzacio-desplanades-i-estesa-de-ferms","status":"publish","type":"product","link":"https:\/\/previntegral.com\/es\/producto\/especialitat-en-treballs-destabilitzacio-desplanades-i-estesa-de-ferms\/","title":{"rendered":"Especializados en la estabilizaci\u00f3n de taludes y la pavimentaci\u00f3n de carreteras."},"content":{"rendered":"<p>Si treballes en el sector de la construcci\u00f3, \u00e9s fonamental comptar amb una formaci\u00f3 espec\u00edfica en <strong>prevenci\u00f3n de riesgos laborales<\/strong> que asseguri la teva seguretat i la dels altres. Aquest curs presencial de 6 hores est\u00e0 dissenyat per oferir-te els coneixements i les <strong>habilidades pr\u00e1cticas<\/strong> necess\u00e0ries en els treballs d\u2019<strong>estabilitzaci\u00f3 d\u2019esplanades<\/strong> y el\u2019<strong>estesa de ferms<\/strong>, complint amb la normativa vigent i el que estableix el <strong>convenio colectivo sectorial<\/strong>. Amb aquesta preparaci\u00f3, podr\u00e0s desenvolupar les teves tasques amb criteris de <strong>seguridad<\/strong> i <strong>eficiencia<\/strong>, contribuint a crear un entorn laboral m\u00e9s segur i professional. A m\u00e9s, obtindr\u00e0s la capacitaci\u00f3 requerida per garantir el compliment de les obligacions formatives i les bones pr\u00e0ctiques reconegudes per la Fundaci\u00f3 Laboral de la Construcci\u00f3, ampliant aix\u00ed el teu perfil professional en un sector amb alta demanda.<\/p>","protected":false},"excerpt":{"rendered":"<p>Si treballes en el sector de la construcci\u00f3, \u00e9s fonamental comptar amb una formaci\u00f3 espec\u00edfica en prevenci\u00f3 de riscos laborals que asseguri la teva seguretat i la dels altres. Aquest curs presencial de 6 hores est\u00e0 dissenyat per oferir-te els coneixements i les habilitats pr\u00e0ctiques necess\u00e0ries en els treballs d\u2019estabilitzaci\u00f3 d\u2019esplanades i l\u2019estesa de ferms, [&hellip;]<\/p>\n","protected":false},"featured_media":4786,"comment_status":"open","ping_status":"closed","template":"","meta":{"_acf_changed":false},"product_brand":[],"product_cat":[38],"product_tag":[],"class_list":{"0":"post-4784","1":"product","2":"type-product","3":"status-publish","4":"has-post-thumbnail","6":"product_cat-construccio","8":"first","9":"instock","10":"virtual","11":"taxable","12":"purchasable","13":"product-type-curso"},"acf":[],"precio_regular_curso":150.04,"precio_bonificado_curso":157.3,"_links":{"self":[{"href":"https:\/\/previntegral.com\/es\/wp-json\/wp\/v2\/product\/4784","targetHints":{"allow":["GET"]}}],"collection":[{"href":"https:\/\/previntegral.com\/es\/wp-json\/wp\/v2\/product"}],"about":[{"href":"https:\/\/previntegral.com\/es\/wp-json\/wp\/v2\/types\/product"}],"replies":[{"embeddable":true,"href":"https:\/\/previntegral.com\/es\/wp-json\/wp\/v2\/comments?post=4784"}],"wp:featuredmedia":[{"embeddable":true,"href":"https:\/\/previntegral.com\/es\/wp-json\/wp\/v2\/media\/4786"}],"wp:attachment":[{"href":"https:\/\/previntegral.com\/es\/wp-json\/wp\/v2\/media?parent=4784"}],"wp:term":[{"taxonomy":"product_brand","embeddable":true,"href":"https:\/\/previntegral.com\/es\/wp-json\/wp\/v2\/product_brand?post=4784"},{"taxonomy":"product_cat","embeddable":true,"href":"https:\/\/previntegral.com\/es\/wp-json\/wp\/v2\/product_cat?post=4784"},{"taxonomy":"product_tag","embeddable":true,"href":"https:\/\/previntegral.com\/es\/wp-json\/wp\/v2\/product_tag?post=4784"}],"curies":[{"name":"WordPress","href":"https:\/\/api.w.org\/{rel}","templated":true}]}}