{"id":4787,"date":"2025-12-05T10:45:29","date_gmt":"2025-12-05T10:45:29","guid":{"rendered":"https:\/\/previntegral.com\/producto\/especialitat-en-treballs-de-xarxes-de-proveiment-i-sanejament-i-pous\/"},"modified":"2026-03-16T18:32:32","modified_gmt":"2026-03-16T18:32:32","slug":"especialidad-en-trabajos-de-redes-de-abastecimiento-y-saneamiento-y-pozos","status":"publish","type":"product","link":"https:\/\/previntegral.com\/es\/producto\/especialitat-en-treballs-de-xarxes-de-proveiment-i-sanejament-i-pous\/","title":{"rendered":"Especializados en redes de abastecimiento de agua y alcantarillado, as\u00ed como en pozos"},"content":{"rendered":"<p>Si trabajas o quieres empezar en el sector de la construcci\u00f3n, es fundamental contar con una formaci\u00f3n adecuada en <strong>prevenci\u00f3n de riesgos laborales<\/strong> conocimientos espec\u00edficos de tu \u00e1mbito de trabajo. Este curso presencial de 6 horas se centra en los <strong>trabajos de redes de abastecimiento y saneamiento y pozos<\/strong>, adapt\u00e1ndose a los requerimientos del Convenio Colectivo del Sector. Durante la formaci\u00f3n, adquirir\u00e1s las <strong>Habilidades t\u00e9cnicas<\/strong> necesarias para ejecutar las tareas de manera segura y eficaz, cumpliendo con la legislaci\u00f3n vigente y las buenas pr\u00e1cticas recomendadas por la Fundaci\u00f3n Laboral de la Construcci\u00f3n. Adem\u00e1s, aprender\u00e1s a identificar riesgos habituales y a seguir protocolos que garantizan la seguridad y calidad en el \u00e1mbito de las obras. Esta modalidad presencial favorece el aprendizaje pr\u00e1ctico y directo, imprescindible para cualquier profesional que quiera desarrollarse con garant\u00edas en este sector tan espec\u00edfico.<\/p>","protected":false},"excerpt":{"rendered":"<p>Si treballes o vols comen\u00e7ar en el sector de la construcci\u00f3, \u00e9s fonamental comptar amb una formaci\u00f3 adequada en prevenci\u00f3 de riscos laborals i coneixements espec\u00edfics del teu \u00e0mbit de feina. Aquest curs presencial de 6 hores se centra en els treballs de xarxes de prove\u00efment i sanejament i pous, adaptant-se als requeriments del Conveni [&hellip;]<\/p>\n","protected":false},"featured_media":4789,"comment_status":"open","ping_status":"closed","template":"","meta":{"_acf_changed":false},"product_brand":[],"product_cat":[38],"product_tag":[],"class_list":{"0":"post-4787","1":"product","2":"type-product","3":"status-publish","4":"has-post-thumbnail","6":"product_cat-construccio","8":"first","9":"instock","10":"virtual","11":"taxable","12":"purchasable","13":"product-type-curso"},"acf":[],"precio_regular_curso":150.04,"precio_bonificado_curso":157.3,"_links":{"self":[{"href":"https:\/\/previntegral.com\/es\/wp-json\/wp\/v2\/product\/4787","targetHints":{"allow":["GET"]}}],"collection":[{"href":"https:\/\/previntegral.com\/es\/wp-json\/wp\/v2\/product"}],"about":[{"href":"https:\/\/previntegral.com\/es\/wp-json\/wp\/v2\/types\/product"}],"replies":[{"embeddable":true,"href":"https:\/\/previntegral.com\/es\/wp-json\/wp\/v2\/comments?post=4787"}],"wp:featuredmedia":[{"embeddable":true,"href":"https:\/\/previntegral.com\/es\/wp-json\/wp\/v2\/media\/4789"}],"wp:attachment":[{"href":"https:\/\/previntegral.com\/es\/wp-json\/wp\/v2\/media?parent=4787"}],"wp:term":[{"taxonomy":"product_brand","embeddable":true,"href":"https:\/\/previntegral.com\/es\/wp-json\/wp\/v2\/product_brand?post=4787"},{"taxonomy":"product_cat","embeddable":true,"href":"https:\/\/previntegral.com\/es\/wp-json\/wp\/v2\/product_cat?post=4787"},{"taxonomy":"product_tag","embeddable":true,"href":"https:\/\/previntegral.com\/es\/wp-json\/wp\/v2\/product_tag?post=4787"}],"curies":[{"name":"WordPress","href":"https:\/\/api.w.org\/{rel}","templated":true}]}}