{"id":4790,"date":"2025-12-05T10:45:35","date_gmt":"2025-12-05T10:45:35","guid":{"rendered":"https:\/\/previntegral.com\/producto\/treballs-especifics-amb-amiant\/"},"modified":"2026-03-16T18:32:32","modified_gmt":"2026-03-16T18:32:32","slug":"trabajos-especificos-con-amianto","status":"publish","type":"product","link":"https:\/\/previntegral.com\/es\/producto\/treballs-especifics-amb-amiant\/","title":{"rendered":"Trabajos espec\u00edficos con amianto"},"content":{"rendered":"<p>El curso de <strong>Trabajos espec\u00edficos con amianto<\/strong> Est\u00e1 dirigido a los trabajadores que deben completar la formaci\u00f3n obligatoria para realizar tareas de retirada de amianto con las m\u00e1ximas garant\u00edas de <strong>seguridad y salud<\/strong>. Esta formaci\u00f3n, \u00edntegramente <strong>presencial<\/strong>, Tiene una duraci\u00f3n de seis horas y combina teor\u00eda y pr\u00e1ctica para garantizar un aprendizaje integral adaptado a las necesidades del sector de la construcci\u00f3n. Los participantes aprender\u00e1n a identificar el <strong>riesgos espec\u00edficos<\/strong> del amianto, as\u00ed como las medidas de protecci\u00f3n colectivas e individuales imprescindibles para trabajar con seguridad. Tambi\u00e9n se tratar\u00e1n estas medidas. <strong>t\u00e9cnicas<\/strong> y los procedimientos adecuados para la manipulaci\u00f3n, descontaminaci\u00f3n y gesti\u00f3n de los residuos que contienen amianto, siempre de conformidad con <strong>marco normativo vigente<\/strong>. Este curso es imprescindible para las empresas inscritas en el Registro RERA que deseen garantizar el cumplimiento normativo y la protecci\u00f3n de sus trabajadores en entornos con riesgo de exposici\u00f3n al amianto.<\/p>","protected":false},"excerpt":{"rendered":"<p>El curs de Treballs espec\u00edfics amb amiant est\u00e0 dirigit a treballadors que necessiten complir amb la formaci\u00f3 obligat\u00f2ria per realitzar tasques de retirada d\u2019amiant amb les m\u00e0ximes garanties de seguretat i salut. Aquesta formaci\u00f3, totalment presencial, t\u00e9 una durada de 6 hores i combina teoria i pr\u00e0ctica per assegurar un aprenentatge complet i adaptat a [&hellip;]<\/p>\n","protected":false},"featured_media":4792,"comment_status":"open","ping_status":"closed","template":"","meta":{"_acf_changed":false},"product_brand":[],"product_cat":[38],"product_tag":[],"class_list":{"0":"post-4790","1":"product","2":"type-product","3":"status-publish","4":"has-post-thumbnail","6":"product_cat-construccio","8":"first","9":"instock","10":"virtual","11":"taxable","12":"purchasable","13":"product-type-curso"},"acf":[],"precio_regular_curso":150.04,"precio_bonificado_curso":157.3,"_links":{"self":[{"href":"https:\/\/previntegral.com\/es\/wp-json\/wp\/v2\/product\/4790","targetHints":{"allow":["GET"]}}],"collection":[{"href":"https:\/\/previntegral.com\/es\/wp-json\/wp\/v2\/product"}],"about":[{"href":"https:\/\/previntegral.com\/es\/wp-json\/wp\/v2\/types\/product"}],"replies":[{"embeddable":true,"href":"https:\/\/previntegral.com\/es\/wp-json\/wp\/v2\/comments?post=4790"}],"wp:featuredmedia":[{"embeddable":true,"href":"https:\/\/previntegral.com\/es\/wp-json\/wp\/v2\/media\/4792"}],"wp:attachment":[{"href":"https:\/\/previntegral.com\/es\/wp-json\/wp\/v2\/media?parent=4790"}],"wp:term":[{"taxonomy":"product_brand","embeddable":true,"href":"https:\/\/previntegral.com\/es\/wp-json\/wp\/v2\/product_brand?post=4790"},{"taxonomy":"product_cat","embeddable":true,"href":"https:\/\/previntegral.com\/es\/wp-json\/wp\/v2\/product_cat?post=4790"},{"taxonomy":"product_tag","embeddable":true,"href":"https:\/\/previntegral.com\/es\/wp-json\/wp\/v2\/product_tag?post=4790"}],"curies":[{"name":"WordPress","href":"https:\/\/api.w.org\/{rel}","templated":true}]}}