{"id":4793,"date":"2025-12-05T10:46:11","date_gmt":"2025-12-05T10:46:11","guid":{"rendered":"https:\/\/previntegral.com\/producto\/especialitat-en-treballs-especifics-dexecucio-de-tunels-i-sosteniment-de-les-excavacions-subterranies-i-els-talussos\/"},"modified":"2026-03-16T18:32:32","modified_gmt":"2026-03-16T18:32:32","slug":"especialitat-en-treballs-especifics-dexecucio-de-tunels-i-sosteniment-de-les-excavacions-subterranies-i-els-talussos","status":"publish","type":"product","link":"https:\/\/previntegral.com\/es\/producto\/especialitat-en-treballs-especifics-dexecucio-de-tunels-i-sosteniment-de-les-excavacions-subterranies-i-els-talussos\/","title":{"rendered":"Especializaci\u00f3n en obras espec\u00edficas de construcci\u00f3n de t\u00faneles y en el apuntalamiento de excavaciones subterr\u00e1neas y taludes."},"content":{"rendered":"<p>Si desenvolupes la teva feina en el sector de la construcci\u00f3 i est\u00e0s involucrat en obres subterr\u00e0nies, aquest curs presencial de 6 hores \u00e9s fonamental per a tu. La formaci\u00f3 est\u00e0 dissenyada segons les exig\u00e8ncies del <strong>conveni col\u00b7lectiu del sector construcci\u00f3<\/strong> i et prepara espec\u00edficament per als <strong>treballs d\u2019execuci\u00f3 de t\u00fanels<\/strong> y el <strong>sosteniment de les excavacions i talussos<\/strong>. Aprendr\u00e0s les t\u00e8cniques clau per dur a terme aquestes tasques de manera segura i eficient, tot integrant mesures per a la <strong>prevenci\u00f3n de riesgos laborales<\/strong> en entorns subterr\u00e0nies. A m\u00e9s, la formaci\u00f3, impartida en un centre homologat per la Fundaci\u00f3 Laboral de la Construcci\u00f3, busca garantir que desenvolupis les <strong>Habilidades profesionales<\/strong> necess\u00e0ries per contribuir a la seguretat i qualitat en obra. Amb aquest curs, assegurar\u00e0s el compliment dels requisits legals i millorar\u00e0s la teva capacitat per treballar amb responsabilitat en un \u00e0mbit altament especialitzat.<\/p>","protected":false},"excerpt":{"rendered":"<p>Si desenvolupes la teva feina en el sector de la construcci\u00f3 i est\u00e0s involucrat en obres subterr\u00e0nies, aquest curs presencial de 6 hores \u00e9s fonamental per a tu. La formaci\u00f3 est\u00e0 dissenyada segons les exig\u00e8ncies del conveni col\u00b7lectiu del sector construcci\u00f3 i et prepara espec\u00edficament per als treballs d\u2019execuci\u00f3 de t\u00fanels i el sosteniment de [&hellip;]<\/p>\n","protected":false},"featured_media":4795,"comment_status":"open","ping_status":"closed","template":"","meta":{"_acf_changed":false},"product_brand":[],"product_cat":[38],"product_tag":[],"class_list":{"0":"post-4793","1":"product","2":"type-product","3":"status-publish","4":"has-post-thumbnail","6":"product_cat-construccio","8":"first","9":"instock","10":"virtual","11":"taxable","12":"purchasable","13":"product-type-curso"},"acf":[],"precio_regular_curso":150.04,"precio_bonificado_curso":157.3,"_links":{"self":[{"href":"https:\/\/previntegral.com\/es\/wp-json\/wp\/v2\/product\/4793","targetHints":{"allow":["GET"]}}],"collection":[{"href":"https:\/\/previntegral.com\/es\/wp-json\/wp\/v2\/product"}],"about":[{"href":"https:\/\/previntegral.com\/es\/wp-json\/wp\/v2\/types\/product"}],"replies":[{"embeddable":true,"href":"https:\/\/previntegral.com\/es\/wp-json\/wp\/v2\/comments?post=4793"}],"wp:featuredmedia":[{"embeddable":true,"href":"https:\/\/previntegral.com\/es\/wp-json\/wp\/v2\/media\/4795"}],"wp:attachment":[{"href":"https:\/\/previntegral.com\/es\/wp-json\/wp\/v2\/media?parent=4793"}],"wp:term":[{"taxonomy":"product_brand","embeddable":true,"href":"https:\/\/previntegral.com\/es\/wp-json\/wp\/v2\/product_brand?post=4793"},{"taxonomy":"product_cat","embeddable":true,"href":"https:\/\/previntegral.com\/es\/wp-json\/wp\/v2\/product_cat?post=4793"},{"taxonomy":"product_tag","embeddable":true,"href":"https:\/\/previntegral.com\/es\/wp-json\/wp\/v2\/product_tag?post=4793"}],"curies":[{"name":"WordPress","href":"https:\/\/api.w.org\/{rel}","templated":true}]}}