{"id":4796,"date":"2025-12-05T10:46:18","date_gmt":"2025-12-05T10:46:18","guid":{"rendered":"https:\/\/previntegral.com\/producto\/especialitat-en-treballs-maritims\/"},"modified":"2026-03-16T18:32:32","modified_gmt":"2026-03-16T18:32:32","slug":"especializados-en-trabajos-maritimos","status":"publish","type":"product","link":"https:\/\/previntegral.com\/es\/producto\/especialitat-en-treballs-maritims\/","title":{"rendered":"Especializados en obras mar\u00edtimas"},"content":{"rendered":"<p>Si trabajas en el sector de la construcci\u00f3n y quieres especializarte en actividades relacionadas con el <strong>Trabajo mar\u00edtimo<\/strong>, este curso presencial de <strong>6 horas<\/strong> Te ofrece la formaci\u00f3n necesaria para cumplir con las obligaciones establecidas en el Convenio Colectivo del Sector de la Construcci\u00f3n. La formaci\u00f3n est\u00e1 dise\u00f1ada para dotarte de las competencias necesarias. <strong>Competencias espec\u00edficas y pr\u00e1cticas<\/strong> lo que exige la realizaci\u00f3n segura y eficiente de estas tareas, complementando tu preparaci\u00f3n en <strong>prevenci\u00f3n de riesgos laborales<\/strong>. Esta formaci\u00f3n, acreditada por la <strong>Fundaci\u00f3n Laboral de la Construcci\u00f3n<\/strong>, Cumple con la normativa vigente y abarca tanto los aspectos generales como las \u00e1reas especializadas de este sector. Con este curso mejorar\u00e1s tus competencias y garantizar\u00e1s la seguridad en tu lugar de trabajo, asegurando as\u00ed el cumplimiento de los requisitos legales y los est\u00e1ndares de calidad exigidos por el sector.<\/p>","protected":false},"excerpt":{"rendered":"<p>Si treballes en el sector de la construcci\u00f3 i vols especialitzar-te en les activitats relacionades amb els treballs mar\u00edtims, aquest curs presencial de 6 hores t\u2019ofereix la formaci\u00f3 necess\u00e0ria per complir amb les obligacions establertes pel Conveni Col\u00b7lectiu del Sector de la Construcci\u00f3. La formaci\u00f3 est\u00e0 orientada a dotar-te de les compet\u00e8ncies espec\u00edfiques i pr\u00e0ctiques [&hellip;]<\/p>\n","protected":false},"featured_media":4798,"comment_status":"open","ping_status":"closed","template":"","meta":{"_acf_changed":false},"product_brand":[],"product_cat":[38],"product_tag":[],"class_list":{"0":"post-4796","1":"product","2":"type-product","3":"status-publish","4":"has-post-thumbnail","6":"product_cat-construccio","8":"first","9":"instock","10":"virtual","11":"taxable","12":"purchasable","13":"product-type-curso"},"acf":[],"precio_regular_curso":150.04,"precio_bonificado_curso":157.3,"_links":{"self":[{"href":"https:\/\/previntegral.com\/es\/wp-json\/wp\/v2\/product\/4796","targetHints":{"allow":["GET"]}}],"collection":[{"href":"https:\/\/previntegral.com\/es\/wp-json\/wp\/v2\/product"}],"about":[{"href":"https:\/\/previntegral.com\/es\/wp-json\/wp\/v2\/types\/product"}],"replies":[{"embeddable":true,"href":"https:\/\/previntegral.com\/es\/wp-json\/wp\/v2\/comments?post=4796"}],"wp:featuredmedia":[{"embeddable":true,"href":"https:\/\/previntegral.com\/es\/wp-json\/wp\/v2\/media\/4798"}],"wp:attachment":[{"href":"https:\/\/previntegral.com\/es\/wp-json\/wp\/v2\/media?parent=4796"}],"wp:term":[{"taxonomy":"product_brand","embeddable":true,"href":"https:\/\/previntegral.com\/es\/wp-json\/wp\/v2\/product_brand?post=4796"},{"taxonomy":"product_cat","embeddable":true,"href":"https:\/\/previntegral.com\/es\/wp-json\/wp\/v2\/product_cat?post=4796"},{"taxonomy":"product_tag","embeddable":true,"href":"https:\/\/previntegral.com\/es\/wp-json\/wp\/v2\/product_tag?post=4796"}],"curies":[{"name":"WordPress","href":"https:\/\/api.w.org\/{rel}","templated":true}]}}