{"id":4799,"date":"2025-12-05T10:47:31","date_gmt":"2025-12-05T10:47:31","guid":{"rendered":"https:\/\/previntegral.com\/producto\/delegats-de-prevencio-2\/"},"modified":"2026-03-16T18:32:32","modified_gmt":"2026-03-16T18:32:32","slug":"delegados-de-prevencion-2","status":"publish","type":"product","link":"https:\/\/previntegral.com\/es\/producto\/delegats-de-prevencio-2\/","title":{"rendered":"Delegados de prevenci\u00f3n"},"content":{"rendered":"<p>El curso de <strong>Delegados de prevenci\u00f3n<\/strong> est\u00e1 dise\u00f1ado para los trabajadores del sector de la construcci\u00f3n que han sido designados para representar a sus compa\u00f1eros en cuestiones relacionadas con <strong>Salud y seguridad en el trabajo<\/strong>. Esta formaci\u00f3n, \u00edntegramente <strong>presencial<\/strong> y con una duraci\u00f3n de <strong>70 horas<\/strong>, Cumple con los requisitos legales y proporciona los conocimientos b\u00e1sicos sobre la normativa vigente, los derechos y deberes de los trabajadores en materia de prevenci\u00f3n de riesgos laborales. Durante el curso, facilita la comprensi\u00f3n de los principales <strong>Riesgos laborales<\/strong> cuestiones espec\u00edficas del sector y las estrategias preventivas m\u00e1s eficaces para abordarlas. Adem\u00e1s, la capacidad de estos representantes para participar activamente en el <strong>gesti\u00f3n preventiva<\/strong> y la coordinaci\u00f3n de las actividades dentro de la empresa, una funci\u00f3n clave para garantizar un entorno de trabajo seguro y saludable.<\/p>","protected":false},"excerpt":{"rendered":"<p>El curs de Delegats de Prevenci\u00f3 est\u00e0 dissenyat per a persones treballadores del sector de la construcci\u00f3 que han estat designades per representar els seus companys en mat\u00e8ria de seguretat i salut laboral. Aquesta formaci\u00f3, totalment presencial i amb una durada de 70 hores, respon a les exig\u00e8ncies legals i proporciona els coneixements b\u00e0sics sobre [&hellip;]<\/p>\n","protected":false},"featured_media":4801,"comment_status":"open","ping_status":"closed","template":"","meta":{"_acf_changed":false},"product_brand":[],"product_cat":[38],"product_tag":[],"class_list":{"0":"post-4799","1":"product","2":"type-product","3":"status-publish","4":"has-post-thumbnail","6":"product_cat-construccio","8":"first","9":"instock","10":"virtual","11":"taxable","12":"purchasable","13":"product-type-curso"},"acf":[],"precio_regular_curso":988.57,"precio_bonificado_curso":1,"_links":{"self":[{"href":"https:\/\/previntegral.com\/es\/wp-json\/wp\/v2\/product\/4799","targetHints":{"allow":["GET"]}}],"collection":[{"href":"https:\/\/previntegral.com\/es\/wp-json\/wp\/v2\/product"}],"about":[{"href":"https:\/\/previntegral.com\/es\/wp-json\/wp\/v2\/types\/product"}],"replies":[{"embeddable":true,"href":"https:\/\/previntegral.com\/es\/wp-json\/wp\/v2\/comments?post=4799"}],"wp:featuredmedia":[{"embeddable":true,"href":"https:\/\/previntegral.com\/es\/wp-json\/wp\/v2\/media\/4801"}],"wp:attachment":[{"href":"https:\/\/previntegral.com\/es\/wp-json\/wp\/v2\/media?parent=4799"}],"wp:term":[{"taxonomy":"product_brand","embeddable":true,"href":"https:\/\/previntegral.com\/es\/wp-json\/wp\/v2\/product_brand?post=4799"},{"taxonomy":"product_cat","embeddable":true,"href":"https:\/\/previntegral.com\/es\/wp-json\/wp\/v2\/product_cat?post=4799"},{"taxonomy":"product_tag","embeddable":true,"href":"https:\/\/previntegral.com\/es\/wp-json\/wp\/v2\/product_tag?post=4799"}],"curies":[{"name":"WordPress","href":"https:\/\/api.w.org\/{rel}","templated":true}]}}