{"id":4836,"date":"2025-12-05T11:51:22","date_gmt":"2025-12-05T11:51:22","guid":{"rendered":"https:\/\/previntegral.com\/producto\/c-10-treballs-de-fusteria-metal%c2%b7lica\/"},"modified":"2026-03-16T18:32:32","modified_gmt":"2026-03-16T18:32:32","slug":"unos-10-trabajos-de-carpinteria-metalica","status":"publish","type":"product","link":"https:\/\/previntegral.com\/es\/producto\/c-10-treballs-de-fusteria-metal%c2%b7lica\/","title":{"rendered":"C.10 \u2013 Trabajos de carpinter\u00eda met\u00e1lica"},"content":{"rendered":"<p>Curso C.10 \u2013 Obras de <strong>Carpinter\u00eda met\u00e1lica<\/strong> ofrece la formaci\u00f3n obligatoria en <strong>prevenci\u00f3n de riesgos laborales<\/strong> del Convenio del Sector Metal\u00fargico para el personal de producci\u00f3n y mantenimiento. Con una vigencia de <strong>20 horas<\/strong> y modo <strong>100% en persona<\/strong>, Combina contenidos b\u00e1sicos con material espec\u00edfico del sector. Aprender\u00e1s a identificar y controlar los riesgos asociados al corte, conformado y montaje de cerramientos y estructuras met\u00e1licas, al uso de maquinaria (cizalla, sierra de cinta, taladro, amoladora, plegadora) y a las operaciones de soldadura. Abordamos temas como cortes y enredos, salientes, ruido y vibraciones., <strong>Humos de soldadura y radiaci\u00f3n<\/strong>, la electricidad y el trabajo en altura, as\u00ed como la selecci\u00f3n y el uso de\u2019<strong>\u00cdndice de protecci\u00f3n equivalente<\/strong> y medidas colectivas (campanas extractoras, protecciones, orden y limpieza). Se llevan a cabo los procedimientos. <strong>Bloqueo y etiquetado (LOTO)<\/strong>, la manipulaci\u00f3n de cargas, la se\u00f1alizaci\u00f3n y la coordinaci\u00f3n de las actividades empresariales, con casos pr\u00e1cticos centrados en las tareas cotidianas. Incluye un resumen de las <strong>Reciclaje cada 4 a\u00f1os<\/strong> Establecido en el acuerdo. Impartido por Previntegral, un centro acreditado (FLC 0505080031).<\/p>","protected":false},"excerpt":{"rendered":"<p>El curs C.10 \u2013 Treballs de fusteria met\u00e0l\u00b7lica ofereix la formaci\u00f3 obligat\u00f2ria en prevenci\u00f3 de riscos laborals del Conveni del Metall per a personal de producci\u00f3 i manteniment. Amb una durada de 20 hores i modalitat 100% presencial, combina continguts troncals i espec\u00edfics de l\u2019ofici. Identificar\u00e0s i controlar\u00e0s riscos en operacions de tall, conformaci\u00f3 i [&hellip;]<\/p>\n","protected":false},"featured_media":4838,"comment_status":"open","ping_status":"closed","template":"","meta":{"_acf_changed":false},"product_brand":[],"product_cat":[41],"product_tag":[],"class_list":{"0":"post-4836","1":"product","2":"type-product","3":"status-publish","4":"has-post-thumbnail","6":"product_cat-metall","8":"first","9":"instock","10":"virtual","11":"taxable","12":"purchasable","13":"product-type-curso"},"acf":[],"precio_regular_curso":340.01,"precio_bonificado_curso":358.16,"_links":{"self":[{"href":"https:\/\/previntegral.com\/es\/wp-json\/wp\/v2\/product\/4836","targetHints":{"allow":["GET"]}}],"collection":[{"href":"https:\/\/previntegral.com\/es\/wp-json\/wp\/v2\/product"}],"about":[{"href":"https:\/\/previntegral.com\/es\/wp-json\/wp\/v2\/types\/product"}],"replies":[{"embeddable":true,"href":"https:\/\/previntegral.com\/es\/wp-json\/wp\/v2\/comments?post=4836"}],"wp:featuredmedia":[{"embeddable":true,"href":"https:\/\/previntegral.com\/es\/wp-json\/wp\/v2\/media\/4838"}],"wp:attachment":[{"href":"https:\/\/previntegral.com\/es\/wp-json\/wp\/v2\/media?parent=4836"}],"wp:term":[{"taxonomy":"product_brand","embeddable":true,"href":"https:\/\/previntegral.com\/es\/wp-json\/wp\/v2\/product_brand?post=4836"},{"taxonomy":"product_cat","embeddable":true,"href":"https:\/\/previntegral.com\/es\/wp-json\/wp\/v2\/product_cat?post=4836"},{"taxonomy":"product_tag","embeddable":true,"href":"https:\/\/previntegral.com\/es\/wp-json\/wp\/v2\/product_tag?post=4836"}],"curies":[{"name":"WordPress","href":"https:\/\/api.w.org\/{rel}","templated":true}]}}