{"id":4839,"date":"2025-12-05T11:52:24","date_gmt":"2025-12-05T11:52:24","guid":{"rendered":"https:\/\/previntegral.com\/producto\/c-11-operaris-en-treballs-de-joieria\/"},"modified":"2026-03-16T18:32:32","modified_gmt":"2026-03-16T18:32:32","slug":"unos-11-artesanos-dedicados-a-la-joyeria","status":"publish","type":"product","link":"https:\/\/previntegral.com\/es\/producto\/c-11-operaris-en-treballs-de-joieria\/","title":{"rendered":"C.11 \u2013 Trabajadores dedicados a la fabricaci\u00f3n de joyas"},"content":{"rendered":"<p>El curso C.11 \u2014Operarios en joyer\u00eda\u2014 ofrece la <strong>Formaci\u00f3n espec\u00edfica en prevenci\u00f3n de riesgos laborales.<\/strong> requerido por <strong>Acuerdo sobre metales<\/strong> para el personal de producci\u00f3n y mantenimiento de los talleres de joyer\u00eda. Con una duraci\u00f3n de <strong>20 horas<\/strong> y modo <strong>100% en persona<\/strong>, combina un <strong>bloque del maletero<\/strong> (marco jur\u00eddico, derechos y obligaciones, organizaci\u00f3n preventiva y se\u00f1alizaci\u00f3n) con un <strong>M\u00f3dulo profesional espec\u00edfico<\/strong>. Aborda los riesgos inherentes al trabajo en joyer\u00eda: cortes, pinchazos y atrapamientos; el uso seguro de\u2019<strong>equipos y maquinaria<\/strong> (pulidoras, tornos, taladradoras, hornos, soldadura y microsoldadura, l\u00e1ser); control de <strong>polvos met\u00e1licos<\/strong> y ventilaci\u00f3n; manipulaci\u00f3n de\u2019<strong>agentes qu\u00edmicos<\/strong> (\u00e1cidos, ba\u00f1os de galvanoplastia); riesgos el\u00e9ctricos y de incendio; <strong>ergonom\u00eda de precisi\u00f3n<\/strong> y fatiga visual; orden, limpieza y <strong>\u00cdndice de protecci\u00f3n equivalente<\/strong>. La metodolog\u00eda se basa en casos pr\u00e1cticos, demostraciones y procedimientos de trabajo seguros para identificar riesgos, aplicar medidas preventivas y actuar en consecuencia. <strong>Emergencias<\/strong> con solvencia. Incluye las directrices para el reciclaje obligatorio de <strong>4 horas cada 4 a\u00f1os<\/strong> para mantener a la competencia al d\u00eda.<\/p>","protected":false},"excerpt":{"rendered":"<p>El curs C.11 \u2013 Operaris en treballs de joieria proporciona la formaci\u00f3 espec\u00edfica en prevenci\u00f3 de riscos laborals exigida pel Conveni del Metall per a personal de producci\u00f3 i manteniment en tallers de joieria. Amb una durada de 20 hores i modalitat 100% presencial, combina un bloc troncal (marc legal, drets i deures, organitzaci\u00f3 preventiva [&hellip;]<\/p>\n","protected":false},"featured_media":4841,"comment_status":"open","ping_status":"closed","template":"","meta":{"_acf_changed":false},"product_brand":[],"product_cat":[41],"product_tag":[],"class_list":{"0":"post-4839","1":"product","2":"type-product","3":"status-publish","4":"has-post-thumbnail","6":"product_cat-metall","8":"first","9":"instock","10":"virtual","11":"taxable","12":"purchasable","13":"product-type-curso"},"acf":[],"precio_regular_curso":340.01,"precio_bonificado_curso":358.16,"_links":{"self":[{"href":"https:\/\/previntegral.com\/es\/wp-json\/wp\/v2\/product\/4839","targetHints":{"allow":["GET"]}}],"collection":[{"href":"https:\/\/previntegral.com\/es\/wp-json\/wp\/v2\/product"}],"about":[{"href":"https:\/\/previntegral.com\/es\/wp-json\/wp\/v2\/types\/product"}],"replies":[{"embeddable":true,"href":"https:\/\/previntegral.com\/es\/wp-json\/wp\/v2\/comments?post=4839"}],"wp:featuredmedia":[{"embeddable":true,"href":"https:\/\/previntegral.com\/es\/wp-json\/wp\/v2\/media\/4841"}],"wp:attachment":[{"href":"https:\/\/previntegral.com\/es\/wp-json\/wp\/v2\/media?parent=4839"}],"wp:term":[{"taxonomy":"product_brand","embeddable":true,"href":"https:\/\/previntegral.com\/es\/wp-json\/wp\/v2\/product_brand?post=4839"},{"taxonomy":"product_cat","embeddable":true,"href":"https:\/\/previntegral.com\/es\/wp-json\/wp\/v2\/product_cat?post=4839"},{"taxonomy":"product_tag","embeddable":true,"href":"https:\/\/previntegral.com\/es\/wp-json\/wp\/v2\/product_tag?post=4839"}],"curies":[{"name":"WordPress","href":"https:\/\/api.w.org\/{rel}","templated":true}]}}