{"id":4842,"date":"2025-12-05T11:52:33","date_gmt":"2025-12-05T11:52:33","guid":{"rendered":"https:\/\/previntegral.com\/producto\/c-14-treballs-dinstal%c2%b7lacio-manteniment-i-reparacio-dequips-informatics-automatismes-i-programacio-ordinadors-i-periferics-o-dispositius-auxiliars-equips-i-tecnologies-de-telecomunicaci\/"},"modified":"2026-03-16T18:32:32","modified_gmt":"2026-03-16T18:32:32","slug":"c-14-trabajos-de-instalacion-mantenimiento-y-reparacion-de-equipos-informaticos-automatismos-y-programacion-ordenadores-y-perifericos-o-dispositivos-auxiliares-equipos-y-tecnologias-de-telecomunic","status":"publish","type":"product","link":"https:\/\/previntegral.com\/es\/producto\/c-14-treballs-dinstal%c2%b7lacio-manteniment-i-reparacio-dequips-informatics-automatismes-i-programacio-ordinadors-i-periferics-o-dispositius-auxiliars-equips-i-tecnologies-de-telecomunicaci\/","title":{"rendered":"C.14 \u2013 Instalaci\u00f3n, mantenimiento y reparaci\u00f3n de equipos inform\u00e1ticos, automatizaci\u00f3n y programaci\u00f3n, ordenadores y perif\u00e9ricos o dispositivos auxiliares; equipos y tecnolog\u00edas de telecomunicaciones e informaci\u00f3n; redes de informaci\u00f3n y datos (TIC)"},"content":{"rendered":"<p>El curso C.14 ofrece la formaci\u00f3n preventiva espec\u00edfica para <strong>trabajos de instalaci\u00f3n, mantenimiento y reparaci\u00f3n<\/strong> de equipos inform\u00e1ticos, <strong>automatismos y programaci\u00f3n<\/strong>, ordenadores y perif\u00e9ricos, as\u00ed como equipos y tecnolog\u00edas de telecomunicaciones y <strong>Redes de TIC<\/strong>, de acuerdo con el <strong>Acuerdo sobre metales<\/strong>. Con una duraci\u00f3n de <strong>20 horas<\/strong> y en <strong>Modo presencial<\/strong>, combina un bloque troncal de PRL con un bloque espec\u00edfico de riesgos del sitio: electricidad y <strong>Descarga electrost\u00e1tica<\/strong>, trabajos en racks y salas t\u00e9cnicas, cableado y canalizaciones, uso seguro de herramientas, procedimientos de <strong>Bloqueo y etiquetado (LOTO)<\/strong>, ca\u00eddas a mismo y diferente nivel, ergonom\u00eda y VTD, manipulaci\u00f3n de cargas, agentes qu\u00edmicos de limpieza, incendios y emergencias, <strong>\u00cdndice de protecci\u00f3n equivalente<\/strong> y coordinaci\u00f3n de actividades empresariales. La metodolog\u00eda es pr\u00e1ctica, basada en casos reales, para integrar la <strong>prevenci\u00f3n de riesgos laborales<\/strong> en la organizaci\u00f3n y en la tarea diaria de operarios, instaladores y mantenedores. Curso alineado con la obligatoriedad de reciclaje de 4 horas cada 4 a\u00f1os. Previntegral es centro homologado por la FLC (n\u00ba 0505080031), garantizando calidad y trazabilidad de la formaci\u00f3n.<\/p>","protected":false},"excerpt":{"rendered":"<p>El curs C.14 ofereix la formaci\u00f3 preventiva espec\u00edfica per a treballs d\u2019instal\u00b7laci\u00f3, manteniment i reparaci\u00f3 d\u2019equips inform\u00e0tics, automatismes i programaci\u00f3, ordinadors i perif\u00e8rics, aix\u00ed com equips i tecnologies de telecomunicacions i xarxes TIC, d\u2019acord amb el Conveni del Metall. Amb una durada de 20 hores i en modalitat presencial, combina un bloc troncal de PRL [&hellip;]<\/p>\n","protected":false},"featured_media":4844,"comment_status":"open","ping_status":"closed","template":"","meta":{"_acf_changed":false},"product_brand":[],"product_cat":[41],"product_tag":[],"class_list":{"0":"post-4842","1":"product","2":"type-product","3":"status-publish","4":"has-post-thumbnail","6":"product_cat-metall","8":"first","9":"instock","10":"virtual","11":"taxable","12":"purchasable","13":"product-type-curso"},"acf":[],"precio_regular_curso":340.01,"precio_bonificado_curso":358.16,"_links":{"self":[{"href":"https:\/\/previntegral.com\/es\/wp-json\/wp\/v2\/product\/4842","targetHints":{"allow":["GET"]}}],"collection":[{"href":"https:\/\/previntegral.com\/es\/wp-json\/wp\/v2\/product"}],"about":[{"href":"https:\/\/previntegral.com\/es\/wp-json\/wp\/v2\/types\/product"}],"replies":[{"embeddable":true,"href":"https:\/\/previntegral.com\/es\/wp-json\/wp\/v2\/comments?post=4842"}],"wp:featuredmedia":[{"embeddable":true,"href":"https:\/\/previntegral.com\/es\/wp-json\/wp\/v2\/media\/4844"}],"wp:attachment":[{"href":"https:\/\/previntegral.com\/es\/wp-json\/wp\/v2\/media?parent=4842"}],"wp:term":[{"taxonomy":"product_brand","embeddable":true,"href":"https:\/\/previntegral.com\/es\/wp-json\/wp\/v2\/product_brand?post=4842"},{"taxonomy":"product_cat","embeddable":true,"href":"https:\/\/previntegral.com\/es\/wp-json\/wp\/v2\/product_cat?post=4842"},{"taxonomy":"product_tag","embeddable":true,"href":"https:\/\/previntegral.com\/es\/wp-json\/wp\/v2\/product_tag?post=4842"}],"curies":[{"name":"WordPress","href":"https:\/\/api.w.org\/{rel}","templated":true}]}}