{"id":4848,"date":"2025-12-05T11:53:40","date_gmt":"2025-12-05T11:53:40","guid":{"rendered":"https:\/\/previntegral.com\/producto\/c-17-treballs-de-manteniment-reparacio-i-instal%c2%b7lacio-dascensors\/"},"modified":"2026-03-16T18:32:32","modified_gmt":"2026-03-16T18:32:32","slug":"c-17-mantenimiento-reparacion-e-instalacion-de-ascensores","status":"publish","type":"product","link":"https:\/\/previntegral.com\/es\/producto\/c-17-treballs-de-manteniment-reparacio-i-instal%c2%b7lacio-dascensors\/","title":{"rendered":"C.17 \u2013 Mantenimiento, reparaci\u00f3n e instalaci\u00f3n de ascensores"},"content":{"rendered":"<p>El curso C.17 \u2013 Mantenimiento, reparaci\u00f3n e instalaci\u00f3n de ascensores proporciona la <strong>Formaci\u00f3n preventiva espec\u00edfica<\/strong> requerido por <strong>Acuerdo sobre metales<\/strong> para el personal de producci\u00f3n y mantenimiento. Tiene una duraci\u00f3n de <strong>20 horas<\/strong> en <strong>Modo presencial<\/strong> y combina un bloque de tronco de <strong>PRL<\/strong> con una secci\u00f3n centrada en los riesgos espec\u00edficos del trabajo en ascensores: <strong>Riesgo el\u00e9ctrico<\/strong> en BT, <strong>Trabajar en altura<\/strong>, fosos y <strong>Espacios confinados<\/strong>, obst\u00e1culos, uso de\u2019<strong>Equipo de protecci\u00f3n personal<\/strong>, <strong>Bloqueo y etiquetado (LOTO)<\/strong>, herramientas y equipos, carga y elevaci\u00f3n, agentes qu\u00edmicos, ruido y vibraciones, ergonom\u00eda, se\u00f1alizaci\u00f3n, emergencias y procedimientos. <strong>rescate<\/strong>. La metodolog\u00eda es pr\u00e1ctica, con casos reales y simulaciones de maniobras, puesta en marcha e intervenciones de mantenimiento preventivo\/correctivo, para transferir lo aprendido a las tareas diarias de forma segura. Previntegral es un centro acreditado por la <strong>Comisionado Federal de Tierras<\/strong> (n.\u00ba 0505080031) e imparte esta formaci\u00f3n de acuerdo con los criterios oficiales de formaci\u00f3n del sector. Seg\u00fan el acuerdo, la formaci\u00f3n debe ser <strong>Renovar cada 4 a\u00f1os<\/strong> mediante el reciclaje.<\/p>","protected":false},"excerpt":{"rendered":"<p>El curs C.17 \u2013 Treballs de manteniment, reparaci\u00f3 i instal\u00b7laci\u00f3 d\u2019ascensors proporciona la formaci\u00f3 preventiva espec\u00edfica exigida pel Conveni del Metall per al personal de producci\u00f3 i manteniment. T\u00e9 una durada de 20 hores en modalitat presencial i combina un bloc troncal de PRL amb un bloc centrat en els riscos propis dels treballs d\u2019ascensors: [&hellip;]<\/p>\n","protected":false},"featured_media":4850,"comment_status":"open","ping_status":"closed","template":"","meta":{"_acf_changed":false},"product_brand":[],"product_cat":[41],"product_tag":[],"class_list":{"0":"post-4848","1":"product","2":"type-product","3":"status-publish","4":"has-post-thumbnail","6":"product_cat-metall","8":"first","9":"instock","10":"virtual","11":"taxable","12":"purchasable","13":"product-type-curso"},"acf":[],"precio_regular_curso":340.01,"precio_bonificado_curso":358.16,"_links":{"self":[{"href":"https:\/\/previntegral.com\/es\/wp-json\/wp\/v2\/product\/4848","targetHints":{"allow":["GET"]}}],"collection":[{"href":"https:\/\/previntegral.com\/es\/wp-json\/wp\/v2\/product"}],"about":[{"href":"https:\/\/previntegral.com\/es\/wp-json\/wp\/v2\/types\/product"}],"replies":[{"embeddable":true,"href":"https:\/\/previntegral.com\/es\/wp-json\/wp\/v2\/comments?post=4848"}],"wp:featuredmedia":[{"embeddable":true,"href":"https:\/\/previntegral.com\/es\/wp-json\/wp\/v2\/media\/4850"}],"wp:attachment":[{"href":"https:\/\/previntegral.com\/es\/wp-json\/wp\/v2\/media?parent=4848"}],"wp:term":[{"taxonomy":"product_brand","embeddable":true,"href":"https:\/\/previntegral.com\/es\/wp-json\/wp\/v2\/product_brand?post=4848"},{"taxonomy":"product_cat","embeddable":true,"href":"https:\/\/previntegral.com\/es\/wp-json\/wp\/v2\/product_cat?post=4848"},{"taxonomy":"product_tag","embeddable":true,"href":"https:\/\/previntegral.com\/es\/wp-json\/wp\/v2\/product_tag?post=4848"}],"curies":[{"name":"WordPress","href":"https:\/\/api.w.org\/{rel}","templated":true}]}}