{"id":4851,"date":"2025-12-05T11:53:44","date_gmt":"2025-12-05T11:53:44","guid":{"rendered":"https:\/\/previntegral.com\/producto\/c-15-instal%c2%b7ladors-i-reparadors-de-linies-i-equips-electrics\/"},"modified":"2026-03-16T18:32:32","modified_gmt":"2026-03-16T18:32:32","slug":"c-15-instaladores-y-reparadores-de-lineas-y-equipos-electricos","status":"publish","type":"product","link":"https:\/\/previntegral.com\/es\/producto\/c-15-instal%c2%b7ladors-i-reparadors-de-linies-i-equips-electrics\/","title":{"rendered":"C.15 \u2013 Instaladores y reparadores de l\u00edneas y equipos el\u00e9ctricos"},"content":{"rendered":"<p>El curso C.15 \u2014instaladores y reparadores de l\u00edneas y equipos el\u00e9ctricos\u2014 ofrece formaci\u00f3n espec\u00edfica en <strong>PRL<\/strong> requerido por <strong>Acuerdo sobre metales<\/strong> para el personal de producci\u00f3n y mantenimiento que participa en instalaciones el\u00e9ctricas. Tiene una duraci\u00f3n de <strong>20 horas<\/strong> en modal <strong>presencial<\/strong> y combina un bloque central con un bloque de oficinas para tratar el <strong>Riesgos el\u00e9ctricos<\/strong> y sus medidas preventivas: contacto directo e indirecto, trabajo en altura, maniobras seguras, uso de herramientas aisladas, medidas de protecci\u00f3n colectivas y <strong>\u00cdndice de protecci\u00f3n equivalente<\/strong>, as\u00ed como los procedimientos de <strong>Bloqueo y etiquetado (LOTO)<\/strong>, verificaci\u00f3n de ausencia de tensi\u00f3n y puesta a tierra. Se realizan ejercicios pr\u00e1cticos guiados, estudios de casos y se\u00f1alizaci\u00f3n del \u00e1rea de trabajo, lo que facilita su aplicaci\u00f3n inmediata en el lugar de trabajo. El programa se ajusta a la normativa vigente y ayuda a acreditar el <strong>Especialidades artesanales<\/strong> requerido por la convenci\u00f3n. Impartido por Previntegral, centro acreditado por la FLC (0505080031). Certificaci\u00f3n v\u00e1lida con <strong>Reciclaje obligatorio de 4 horas cada 4 a\u00f1os.<\/strong>.<\/p>","protected":false},"excerpt":{"rendered":"<p>El curs C.15 \u2014 instal\u00b7ladors i reparadors de l\u00ednies i equips el\u00e8ctrics \u2014 aporta la formaci\u00f3 espec\u00edfica en PRL exigida pel Conveni del Metall per a personal de producci\u00f3 i manteniment que interv\u00e9 en instal\u00b7lacions el\u00e8ctriques. T\u00e9 una durada de 20 hores en modalitat presencial i combina un bloc troncal amb un bloc d\u2019ofici per [&hellip;]<\/p>\n","protected":false},"featured_media":4853,"comment_status":"open","ping_status":"closed","template":"","meta":{"_acf_changed":false},"product_brand":[],"product_cat":[41],"product_tag":[],"class_list":{"0":"post-4851","1":"product","2":"type-product","3":"status-publish","4":"has-post-thumbnail","6":"product_cat-metall","8":"first","9":"instock","10":"virtual","11":"taxable","12":"purchasable","13":"product-type-curso"},"acf":[],"precio_regular_curso":340.01,"precio_bonificado_curso":358.16,"_links":{"self":[{"href":"https:\/\/previntegral.com\/es\/wp-json\/wp\/v2\/product\/4851","targetHints":{"allow":["GET"]}}],"collection":[{"href":"https:\/\/previntegral.com\/es\/wp-json\/wp\/v2\/product"}],"about":[{"href":"https:\/\/previntegral.com\/es\/wp-json\/wp\/v2\/types\/product"}],"replies":[{"embeddable":true,"href":"https:\/\/previntegral.com\/es\/wp-json\/wp\/v2\/comments?post=4851"}],"wp:featuredmedia":[{"embeddable":true,"href":"https:\/\/previntegral.com\/es\/wp-json\/wp\/v2\/media\/4853"}],"wp:attachment":[{"href":"https:\/\/previntegral.com\/es\/wp-json\/wp\/v2\/media?parent=4851"}],"wp:term":[{"taxonomy":"product_brand","embeddable":true,"href":"https:\/\/previntegral.com\/es\/wp-json\/wp\/v2\/product_brand?post=4851"},{"taxonomy":"product_cat","embeddable":true,"href":"https:\/\/previntegral.com\/es\/wp-json\/wp\/v2\/product_cat?post=4851"},{"taxonomy":"product_tag","embeddable":true,"href":"https:\/\/previntegral.com\/es\/wp-json\/wp\/v2\/product_tag?post=4851"}],"curies":[{"name":"WordPress","href":"https:\/\/api.w.org\/{rel}","templated":true}]}}