{"id":4854,"date":"2025-12-05T11:54:06","date_gmt":"2025-12-05T11:54:06","guid":{"rendered":"https:\/\/previntegral.com\/producto\/c-16-treballs-de-lampisteria-instal%c2%b7lacions-de-calefaccio-climatitzacio-instal%c2%b7lacions-daigua-calenta-sanitaria-i-instal%c2%b7lacions-solars-termiques\/"},"modified":"2026-03-16T18:32:32","modified_gmt":"2026-03-16T18:32:32","slug":"c-16-trabajos-de-fontaneria-instalaciones-de-calefaccion-aire-acondicionado-y-agua-caliente-e-instalaciones-solares-termicas","status":"publish","type":"product","link":"https:\/\/previntegral.com\/es\/producto\/c-16-treballs-de-lampisteria-instal%c2%b7lacions-de-calefaccio-climatitzacio-instal%c2%b7lacions-daigua-calenta-sanitaria-i-instal%c2%b7lacions-solars-termiques\/","title":{"rendered":"C.16 \u2013 Trabajos de fontaner\u00eda, instalaciones de calefacci\u00f3n y aire acondicionado, instalaciones de agua caliente sanitaria e instalaciones solares t\u00e9rmicas."},"content":{"rendered":"<p>El curso C.16 forma al personal de producci\u00f3n y mantenimiento del sector metal\u00fargico que realiza <strong>Trabajos de fontaner\u00eda<\/strong>, <strong>Instalaciones de calefacci\u00f3n y aire acondicionado<\/strong>, <strong>Sociedad Qu\u00edmica Americana<\/strong> i <strong>Energ\u00eda solar t\u00e9rmica<\/strong>. Con una duraci\u00f3n de <strong>20 horas<\/strong> y de una manera estrictamente modal <strong>presencial<\/strong>, cumple con la Convenci\u00f3n del Metal e integra un bloque central de <strong>PRL<\/strong> (organizaci\u00f3n preventiva, se\u00f1alizaci\u00f3n, emergencias y EPI) y una secci\u00f3n espec\u00edfica centrada en los riesgos y medidas del sector: <strong>Riesgo el\u00e9ctrico<\/strong>, trabajando en altura para recolectores, <strong>Equipos a presi\u00f3n<\/strong> y circuitos cerrados, <strong>gases refrigerantes<\/strong>, agentes qu\u00edmicos, corte y soldadura, espacios confinados, control de <strong>Legionella<\/strong>, riesgo t\u00e9rmico e incendio en salas de calderas. Procedimientos clave como el <strong>Bloqueo y etiquetado (LOTO)<\/strong>, aislamiento y purga, pruebas de estanqueidad, puesta en servicio y verificaciones, con sesiones pr\u00e1cticas guiadas y casos reales. El programa ayuda a acreditar el <strong>Especialidades artesanales<\/strong> Requerido por el sector. Previntegral es un centro acreditado por la FLC (0505080031). Reciclaje obligatorio cada cuatro a\u00f1os (4 horas).<\/p>","protected":false},"excerpt":{"rendered":"<p>El curs C.16 capacita el personal de producci\u00f3 i manteniment del sector del metall que realitza treballs de lampisteria, instal\u00b7lacions de calefacci\u00f3\u2013climatitzaci\u00f3, ACS i solars t\u00e8rmiques. Amb una durada de 20 hores i en modalitat estrictament presencial, compleix el Conveni del Metall i integra un bloc troncal de PRL (organitzaci\u00f3 preventiva, senyalitzaci\u00f3, emerg\u00e8ncies i EPIs) [&hellip;]<\/p>\n","protected":false},"featured_media":4856,"comment_status":"open","ping_status":"closed","template":"","meta":{"_acf_changed":false},"product_brand":[],"product_cat":[41],"product_tag":[],"class_list":{"0":"post-4854","1":"product","2":"type-product","3":"status-publish","4":"has-post-thumbnail","6":"product_cat-metall","8":"first","9":"instock","10":"virtual","11":"taxable","12":"purchasable","13":"product-type-curso"},"acf":[],"precio_regular_curso":340.01,"precio_bonificado_curso":358.16,"_links":{"self":[{"href":"https:\/\/previntegral.com\/es\/wp-json\/wp\/v2\/product\/4854","targetHints":{"allow":["GET"]}}],"collection":[{"href":"https:\/\/previntegral.com\/es\/wp-json\/wp\/v2\/product"}],"about":[{"href":"https:\/\/previntegral.com\/es\/wp-json\/wp\/v2\/types\/product"}],"replies":[{"embeddable":true,"href":"https:\/\/previntegral.com\/es\/wp-json\/wp\/v2\/comments?post=4854"}],"wp:featuredmedia":[{"embeddable":true,"href":"https:\/\/previntegral.com\/es\/wp-json\/wp\/v2\/media\/4856"}],"wp:attachment":[{"href":"https:\/\/previntegral.com\/es\/wp-json\/wp\/v2\/media?parent=4854"}],"wp:term":[{"taxonomy":"product_brand","embeddable":true,"href":"https:\/\/previntegral.com\/es\/wp-json\/wp\/v2\/product_brand?post=4854"},{"taxonomy":"product_cat","embeddable":true,"href":"https:\/\/previntegral.com\/es\/wp-json\/wp\/v2\/product_cat?post=4854"},{"taxonomy":"product_tag","embeddable":true,"href":"https:\/\/previntegral.com\/es\/wp-json\/wp\/v2\/product_tag?post=4854"}],"curies":[{"name":"WordPress","href":"https:\/\/api.w.org\/{rel}","templated":true}]}}