{"id":4857,"date":"2025-12-05T11:55:17","date_gmt":"2025-12-05T11:55:17","guid":{"rendered":"https:\/\/previntegral.com\/producto\/c-18-treballs-daillament-i-impermeabilitzacio\/"},"modified":"2026-03-16T18:32:32","modified_gmt":"2026-03-16T18:32:32","slug":"c-18-trabajos-de-enlucido-e-impermeabilizacion","status":"publish","type":"product","link":"https:\/\/previntegral.com\/es\/producto\/c-18-treballs-daillament-i-impermeabilitzacio\/","title":{"rendered":"C.18 \u2013 Trabajos de aislamiento e impermeabilizaci\u00f3n"},"content":{"rendered":"<p>El curso C.18 \u2013 Trabajos de aislamiento e impermeabilizaci\u00f3n proporciona la <strong>Formaci\u00f3n preventiva espec\u00edfica<\/strong> requerido por <strong>Acuerdo sobre metales<\/strong> para el personal de producci\u00f3n y mantenimiento expuesto a estos procesos. Con una duraci\u00f3n de <strong>20 horas presenciales 100%<\/strong>, combina un bloque central de <strong>PRL<\/strong> con un bloque profesional espec\u00edfico centrado en los riesgos y medidas en el aislamiento t\u00e9rmico y ac\u00fastico y en la impermeabilizaci\u00f3n de cubiertas y cerramientos. Abarca la identificaci\u00f3n de peligros, la manipulaci\u00f3n segura de <strong>membranas, resinas y adhesivos<\/strong> (riesgo qu\u00edmico), el <strong>Trabajar en altura<\/strong> con anclajes y l\u00edneas de vida, el uso de herramientas y maquinaria, trabajos en caliente (soplete), espacios confinados, as\u00ed como <strong>EPI y EPC<\/strong>, Se\u00f1alizaci\u00f3n, emergencias y primeros auxilios. Incluye procedimientos de trabajo seguros, listas de verificaci\u00f3n y ejercicios pr\u00e1cticos guiados para su aplicaci\u00f3n inmediata en el lugar de trabajo. Previntegral, <strong>Centro acreditado por la FLC con el n\u00famero 0505080031<\/strong>, ofrece formaci\u00f3n acorde con la normativa vigente y le recuerda la obligaci\u00f3n de <strong>Reciclaje de 4 horas cada 4 a\u00f1os<\/strong>, as\u00ed como el cumplimiento de la <strong>Especialidades artesanales<\/strong> Requerido en el sector.<\/p>","protected":false},"excerpt":{"rendered":"<p>El curs C.18 \u2013 Treballs d\u2019a\u00efllament i impermeabilitzaci\u00f3 proporciona la formaci\u00f3 preventiva espec\u00edfica exigida pel Conveni del Metall per a personal de producci\u00f3 i manteniment exposat a aquests processos. Amb una durada de 20 hores 100% presencials, combina un bloc troncal de PRL amb un bloc espec\u00edfic d\u2019ofici orientat a riscos i mesures en a\u00efllaments [&hellip;]<\/p>\n","protected":false},"featured_media":4859,"comment_status":"open","ping_status":"closed","template":"","meta":{"_acf_changed":false},"product_brand":[],"product_cat":[41],"product_tag":[],"class_list":{"0":"post-4857","1":"product","2":"type-product","3":"status-publish","4":"has-post-thumbnail","6":"product_cat-metall","8":"first","9":"instock","10":"virtual","11":"taxable","12":"purchasable","13":"product-type-curso"},"acf":[],"precio_regular_curso":340.01,"precio_bonificado_curso":358.16,"_links":{"self":[{"href":"https:\/\/previntegral.com\/es\/wp-json\/wp\/v2\/product\/4857","targetHints":{"allow":["GET"]}}],"collection":[{"href":"https:\/\/previntegral.com\/es\/wp-json\/wp\/v2\/product"}],"about":[{"href":"https:\/\/previntegral.com\/es\/wp-json\/wp\/v2\/types\/product"}],"replies":[{"embeddable":true,"href":"https:\/\/previntegral.com\/es\/wp-json\/wp\/v2\/comments?post=4857"}],"wp:featuredmedia":[{"embeddable":true,"href":"https:\/\/previntegral.com\/es\/wp-json\/wp\/v2\/media\/4859"}],"wp:attachment":[{"href":"https:\/\/previntegral.com\/es\/wp-json\/wp\/v2\/media?parent=4857"}],"wp:term":[{"taxonomy":"product_brand","embeddable":true,"href":"https:\/\/previntegral.com\/es\/wp-json\/wp\/v2\/product_brand?post=4857"},{"taxonomy":"product_cat","embeddable":true,"href":"https:\/\/previntegral.com\/es\/wp-json\/wp\/v2\/product_cat?post=4857"},{"taxonomy":"product_tag","embeddable":true,"href":"https:\/\/previntegral.com\/es\/wp-json\/wp\/v2\/product_tag?post=4857"}],"curies":[{"name":"WordPress","href":"https:\/\/api.w.org\/{rel}","templated":true}]}}