{"id":4860,"date":"2025-12-05T11:56:37","date_gmt":"2025-12-05T11:56:37","guid":{"rendered":"https:\/\/previntegral.com\/producto\/c-23-treballs-daltres-tipus-dinstal%c2%b7lacions-com-ara-solars-fotovoltaiques-o-eoliques\/"},"modified":"2026-03-16T18:32:32","modified_gmt":"2026-03-16T18:32:32","slug":"c-23-trabajos-de-otros-tipos-de-instalaciones-como-solares-fotovoltaicas-o-eolicas","status":"publish","type":"product","link":"https:\/\/previntegral.com\/es\/producto\/c-23-treballs-daltres-tipus-dinstal%c2%b7lacions-com-ara-solars-fotovoltaiques-o-eoliques\/","title":{"rendered":"C.23 \u2013 Trabajos en otros tipos de instalaciones, como parques fotovoltaicos o e\u00f3licos."},"content":{"rendered":"<p>Este curso de <strong>20 horas<\/strong>, <strong>100% en persona<\/strong>, dona respuesta a la obligaci\u00f3n del Convenio del Metal para el personal de producci\u00f3n y mantenimiento que realiza <b>instalaciones solares fotovoltaicas y e\u00f3licas<\/b>. Combina un bloque <b>principal<\/b> de <strong>prevenci\u00f3n de riesgos laborales<\/strong> (marco legal, derechos y obligaciones, evaluaci\u00f3n de riesgos, orden y limpieza, se\u00f1alizaci\u00f3n) con un bloque <b>espec\u00edfico<\/b> orientado a los riesgos propios de estas tareas: <strong>Trabajar en altura<\/strong>, <b>riesgos el\u00e9ctricos AC\/DC<\/b>, montaje de estructuras, meteorolog\u00eda adversa, manipulaci\u00f3n de cargas, uso de\u2019<b>\u00cdndice de protecci\u00f3n equivalente<\/b> i <b>L\u00edneas de vida<\/b>, <strong>Bloqueo\/Etiquetado<\/strong> (bloqueo y etiquetado), incendios, emergencias y primeros auxilios. La metodolog\u00eda es pr\u00e1ctica y basada en casos reales, con demostraciones de procedimientos de trabajo seguro y pautas de coordinaci\u00f3n de actividades empresariales. Al finalizar, el alumno ser\u00e1 capaz de identificar peligros, implantar <b>medidas preventivas<\/b> aplico procedimientos de actuaci\u00f3n segura en instalaciones fotovoltaicas y e\u00f3licas. La certificaci\u00f3n obtenida tiene una <b>vigencia de 4 a\u00f1os<\/b> necesito <strong>Reciclaje cada 4 horas<\/strong> para su renovaci\u00f3n.<\/p>","protected":false},"excerpt":{"rendered":"<p>Aquest curs de 20 hores, 100% presencial, dona resposta a l\u2019obligaci\u00f3 del Conveni del Metall per al personal de producci\u00f3 i manteniment que realitza instal\u00b7lacions solars fotovoltaiques i e\u00f2liques. Combina un bloc troncal de prevenci\u00f3 de riscos laborals (marc legal, drets i obligacions, avaluaci\u00f3 de riscos, ordre i neteja, senyalitzaci\u00f3) amb un bloc espec\u00edfic orientat [&hellip;]<\/p>\n","protected":false},"featured_media":4862,"comment_status":"open","ping_status":"closed","template":"","meta":{"_acf_changed":false},"product_brand":[],"product_cat":[41],"product_tag":[],"class_list":{"0":"post-4860","1":"product","2":"type-product","3":"status-publish","4":"has-post-thumbnail","6":"product_cat-metall","8":"first","9":"instock","10":"virtual","11":"taxable","12":"purchasable","13":"product-type-curso"},"acf":[],"precio_regular_curso":340.01,"precio_bonificado_curso":358.16,"_links":{"self":[{"href":"https:\/\/previntegral.com\/es\/wp-json\/wp\/v2\/product\/4860","targetHints":{"allow":["GET"]}}],"collection":[{"href":"https:\/\/previntegral.com\/es\/wp-json\/wp\/v2\/product"}],"about":[{"href":"https:\/\/previntegral.com\/es\/wp-json\/wp\/v2\/types\/product"}],"replies":[{"embeddable":true,"href":"https:\/\/previntegral.com\/es\/wp-json\/wp\/v2\/comments?post=4860"}],"wp:featuredmedia":[{"embeddable":true,"href":"https:\/\/previntegral.com\/es\/wp-json\/wp\/v2\/media\/4862"}],"wp:attachment":[{"href":"https:\/\/previntegral.com\/es\/wp-json\/wp\/v2\/media?parent=4860"}],"wp:term":[{"taxonomy":"product_brand","embeddable":true,"href":"https:\/\/previntegral.com\/es\/wp-json\/wp\/v2\/product_brand?post=4860"},{"taxonomy":"product_cat","embeddable":true,"href":"https:\/\/previntegral.com\/es\/wp-json\/wp\/v2\/product_cat?post=4860"},{"taxonomy":"product_tag","embeddable":true,"href":"https:\/\/previntegral.com\/es\/wp-json\/wp\/v2\/product_tag?post=4860"}],"curies":[{"name":"WordPress","href":"https:\/\/api.w.org\/{rel}","templated":true}]}}