{"id":4863,"date":"2025-12-05T11:56:49","date_gmt":"2025-12-05T11:56:49","guid":{"rendered":"https:\/\/previntegral.com\/producto\/c-19-treballs-de-muntatge-destructures-tubulars\/"},"modified":"2026-03-16T18:32:32","modified_gmt":"2026-03-16T18:32:32","slug":"c-19-trabajos-de-montaje-destructivo-en-estructuras-tubulares","status":"publish","type":"product","link":"https:\/\/previntegral.com\/es\/producto\/c-19-treballs-de-muntatge-destructures-tubulars\/","title":{"rendered":"C.19 \u2013 Montaje de estructuras tubulares"},"content":{"rendered":"<p>El curso C.19 \u2013 Trabajos de montaje de estructuras tubulares ofrece el <strong>Formaci\u00f3n obligatoria en materia de salud y seguridad en el trabajo<\/strong> de la Convenci\u00f3n Metal\u00fargica para el personal de producci\u00f3n y mantenimiento que realiza el montaje y desmontaje de estructuras y soportes tipo andamios. Con una duraci\u00f3n de <strong>20 horas presenciales 100%<\/strong>, combina un bloque central de conceptos generales de seguridad con un bloque espec\u00edfico sobre <strong>Trabajar en altura<\/strong>, estabilidad y anclajes, <strong>Sistemas de protecci\u00f3n contra ca\u00eddas<\/strong> (l\u00edneas de vida, EPI), inspecci\u00f3n y etiquetado de equipos, uso de herramientas y equipos de elevaci\u00f3n, se\u00f1alizaci\u00f3n y <strong>Procedimientos de emergencia<\/strong>. La metodolog\u00eda es pr\u00e1ctica, con casos reales y demostraciones de montaje seguro, lo que fomenta h\u00e1bitos de trabajo eficientes y el <strong>Coordinaci\u00f3n de actividades empresariales<\/strong>. El curso est\u00e1 alineado con los requisitos del sector y el <strong>Renovaci\u00f3n cada 4 a\u00f1os<\/strong> reciclando durante 4 horas. Previntegral es <strong>Centro acreditado por la FLC<\/strong> (n.\u00ba 0505080031). Recordatorio: desde 2021 es obligatorio que el personal tenga el <strong>100% de especialidades profesionales<\/strong>; El trabajador de la f\u00e1brica debe presentar una prueba de la <strong>C1 20 h<\/strong> y complementarlo con el <strong>Las ocho en punto<\/strong> de todas las especialidades pertinentes.<\/p>","protected":false},"excerpt":{"rendered":"<p>El curs C.19 \u2013 Treballs de muntatge d\u2019estructures tubulars ofereix la formaci\u00f3 obligat\u00f2ria en PRL del Conveni del Metall per a personal de producci\u00f3 i manteniment que realitza muntatge i desmuntatge d\u2019estructures tipus bastides i suports. Amb una durada de 20 hores 100% presencials, combina un bloc troncal de conceptes generals de seguretat amb un [&hellip;]<\/p>\n","protected":false},"featured_media":4865,"comment_status":"open","ping_status":"closed","template":"","meta":{"_acf_changed":false},"product_brand":[],"product_cat":[41],"product_tag":[],"class_list":{"0":"post-4863","1":"product","2":"type-product","3":"status-publish","4":"has-post-thumbnail","6":"product_cat-metall","8":"first","9":"instock","10":"virtual","11":"taxable","12":"purchasable","13":"product-type-curso"},"acf":[],"precio_regular_curso":340.01,"precio_bonificado_curso":358.16,"_links":{"self":[{"href":"https:\/\/previntegral.com\/es\/wp-json\/wp\/v2\/product\/4863","targetHints":{"allow":["GET"]}}],"collection":[{"href":"https:\/\/previntegral.com\/es\/wp-json\/wp\/v2\/product"}],"about":[{"href":"https:\/\/previntegral.com\/es\/wp-json\/wp\/v2\/types\/product"}],"replies":[{"embeddable":true,"href":"https:\/\/previntegral.com\/es\/wp-json\/wp\/v2\/comments?post=4863"}],"wp:featuredmedia":[{"embeddable":true,"href":"https:\/\/previntegral.com\/es\/wp-json\/wp\/v2\/media\/4865"}],"wp:attachment":[{"href":"https:\/\/previntegral.com\/es\/wp-json\/wp\/v2\/media?parent=4863"}],"wp:term":[{"taxonomy":"product_brand","embeddable":true,"href":"https:\/\/previntegral.com\/es\/wp-json\/wp\/v2\/product_brand?post=4863"},{"taxonomy":"product_cat","embeddable":true,"href":"https:\/\/previntegral.com\/es\/wp-json\/wp\/v2\/product_cat?post=4863"},{"taxonomy":"product_tag","embeddable":true,"href":"https:\/\/previntegral.com\/es\/wp-json\/wp\/v2\/product_tag?post=4863"}],"curies":[{"name":"WordPress","href":"https:\/\/api.w.org\/{rel}","templated":true}]}}