{"id":4866,"date":"2025-12-05T11:57:14","date_gmt":"2025-12-05T11:57:14","guid":{"rendered":"https:\/\/previntegral.com\/producto\/c-22-treballs-en-gasoductes-i-xarxes-de-distribucio-de-gasos-combustibles\/"},"modified":"2026-03-16T18:32:32","modified_gmt":"2026-03-16T18:32:32","slug":"c-22-obras-en-gasoductos-y-redes-de-distribucion-de-gas-combustible","status":"publish","type":"product","link":"https:\/\/previntegral.com\/es\/producto\/c-22-treballs-en-gasoductes-i-xarxes-de-distribucio-de-gasos-combustibles\/","title":{"rendered":"C.22 \u2013 Obras en gasoductos y redes para la distribuci\u00f3n de gases combustibles"},"content":{"rendered":"<p>El curso C.22 aborda, de conformidad con el <strong>Acuerdo sobre metales<\/strong>, el <strong>prevenci\u00f3n de riesgos laborales<\/strong> en obras de <strong>Gasoductos y redes de distribuci\u00f3n<\/strong> de gases combustibles. Con una duraci\u00f3n de <strong>20 horas<\/strong> y modo <strong>presencial<\/strong>, Forma al personal de producci\u00f3n y mantenimiento para identificar y controlar riesgos tales como incendios, explosiones, presiones, trabajos en caliente e interferencias con otros servicios. Se tratan los procedimientos clave: <strong>A prueba de explosiones<\/strong>, <strong>Espacios confinados<\/strong>, excavaciones al aire libre, <strong>permisos de trabajo<\/strong>, iluminaci\u00f3n y se\u00f1alizaci\u00f3n, aislamiento, purga e inertizaci\u00f3n, pruebas de estanqueidad, ventilaci\u00f3n y <strong>Detecci\u00f3n de gas<\/strong>, as\u00ed como el uso eficiente de\u2019<strong>\u00cdndice de protecci\u00f3n equivalente<\/strong> y protecciones colectivas. La metodolog\u00eda combina explicaciones t\u00e9cnicas con simulaciones y casos reales, incluyendo maniobras seguras, equipos y herramientas, emergencias y comunicaci\u00f3n in situ. Previntegral, centro acreditado, garantiza una formaci\u00f3n alineada con los requisitos sectoriales y la validez de la auditor\u00eda. De acuerdo con la normativa, la obligaci\u00f3n de <strong>Reciclaje cada 4 a\u00f1os<\/strong> (4 horas) para mantener las habilidades al d\u00eda.<\/p>","protected":false},"excerpt":{"rendered":"<p>El curs C.22 aborda, d\u2019acord amb el Conveni del Metall, la prevenci\u00f3 de riscos laborals en treballs de gasoductes i xarxes de distribuci\u00f3 de gasos combustibles. Amb una durada de 20 hores i modalitat presencial, prepara el personal de producci\u00f3 i manteniment per identificar i controlar riscos com incendis, explosions, pressions, treballs en calent i [&hellip;]<\/p>\n","protected":false},"featured_media":4868,"comment_status":"open","ping_status":"closed","template":"","meta":{"_acf_changed":false},"product_brand":[],"product_cat":[41],"product_tag":[],"class_list":{"0":"post-4866","1":"product","2":"type-product","3":"status-publish","4":"has-post-thumbnail","6":"product_cat-metall","8":"first","9":"instock","10":"virtual","11":"taxable","12":"purchasable","13":"product-type-curso"},"acf":[],"precio_regular_curso":340.01,"precio_bonificado_curso":358.16,"_links":{"self":[{"href":"https:\/\/previntegral.com\/es\/wp-json\/wp\/v2\/product\/4866","targetHints":{"allow":["GET"]}}],"collection":[{"href":"https:\/\/previntegral.com\/es\/wp-json\/wp\/v2\/product"}],"about":[{"href":"https:\/\/previntegral.com\/es\/wp-json\/wp\/v2\/types\/product"}],"replies":[{"embeddable":true,"href":"https:\/\/previntegral.com\/es\/wp-json\/wp\/v2\/comments?post=4866"}],"wp:featuredmedia":[{"embeddable":true,"href":"https:\/\/previntegral.com\/es\/wp-json\/wp\/v2\/media\/4868"}],"wp:attachment":[{"href":"https:\/\/previntegral.com\/es\/wp-json\/wp\/v2\/media?parent=4866"}],"wp:term":[{"taxonomy":"product_brand","embeddable":true,"href":"https:\/\/previntegral.com\/es\/wp-json\/wp\/v2\/product_brand?post=4866"},{"taxonomy":"product_cat","embeddable":true,"href":"https:\/\/previntegral.com\/es\/wp-json\/wp\/v2\/product_cat?post=4866"},{"taxonomy":"product_tag","embeddable":true,"href":"https:\/\/previntegral.com\/es\/wp-json\/wp\/v2\/product_tag?post=4866"}],"curies":[{"name":"WordPress","href":"https:\/\/api.w.org\/{rel}","templated":true}]}}