{"id":4872,"date":"2025-12-05T11:57:38","date_gmt":"2025-12-05T11:57:38","guid":{"rendered":"https:\/\/previntegral.com\/producto\/c-24-treballs-de-recuperacio-i-reciclatge-de-materies-primeres-secundaries-metal%c2%b7liques\/"},"modified":"2026-03-16T18:32:32","modified_gmt":"2026-03-16T18:32:32","slug":"c-24-operaciones-de-recuperacion-y-reciclaje-de-materias-primas-metalicas-secundarias","status":"publish","type":"product","link":"https:\/\/previntegral.com\/es\/producto\/c-24-treballs-de-recuperacio-i-reciclatge-de-materies-primeres-secundaries-metal%c2%b7liques\/","title":{"rendered":"C.24 \u2013 Operaciones para la recuperaci\u00f3n y el reciclaje de materias primas met\u00e1licas secundarias"},"content":{"rendered":"<p>Curso C.24 \u2014 Recuperaci\u00f3n y reciclaje de materias primas met\u00e1licas secundarias ofrece la formaci\u00f3n obligatoria en <strong>PRL<\/strong> de <strong>Acuerdo sobre metales<\/strong> para el personal de producci\u00f3n y mantenimiento que trabaja en plantas de clasificaci\u00f3n, tratamiento y valorizaci\u00f3n de metales. En <strong>Modo presencial<\/strong> y con una duraci\u00f3n de <strong>20 horas<\/strong> (sin opci\u00f3n online), combina un bloque <strong>principal<\/strong> \u2014marco jur\u00eddico, integraci\u00f3n de la prevenci\u00f3n, derechos y deberes, coordinaci\u00f3n de actividades\u2014 con un bloque <strong>espec\u00edfico del sector<\/strong> centrado en los riesgos y las medidas preventivas en las tareas de clasificaci\u00f3n, corte y separaci\u00f3n, carga y transporte, uso de equipos (prensas, cizallas, imanes, gr\u00faas y carros), <strong>agentes qu\u00edmicos<\/strong> y polvo met\u00e1lico, <strong>Atm\u00f3sferas explosivas (ATEX)<\/strong>, <strong>Espacios confinados<\/strong>, ruido y vibraciones, incendios, <strong>\u00cdndice de protecci\u00f3n equivalente<\/strong>, ergonom\u00eda y manipulaci\u00f3n de cargas, y procedimientos de emergencia. Previntegral es un centro acreditado por la <strong>Comisionado Federal de Tierras<\/strong> (0505080031). Seg\u00fan el sector, la formaci\u00f3n debe ser <strong>Renovar cada 4 a\u00f1os<\/strong> con un periodo de reciclaje de 4 horas y contribuye a la acreditaci\u00f3n del 100% para las especialidades profesionales exigidas desde 2021.<\/p>","protected":false},"excerpt":{"rendered":"<p>El curs C.24 \u2014 Treballs de recuperaci\u00f3 i reciclatge de mat\u00e8ries primeres secund\u00e0ries met\u00e0l\u00b7liques ofereix la formaci\u00f3 obligat\u00f2ria en PRL del Conveni del Metall per al personal de producci\u00f3 i manteniment que opera en plantes de selecci\u00f3, tractament i valoritzaci\u00f3 de metalls. En modalitat presencial i amb una durada de 20 hores (sense opci\u00f3 online), [&hellip;]<\/p>\n","protected":false},"featured_media":4874,"comment_status":"open","ping_status":"closed","template":"","meta":{"_acf_changed":false},"product_brand":[],"product_cat":[41],"product_tag":[],"class_list":{"0":"post-4872","1":"product","2":"type-product","3":"status-publish","4":"has-post-thumbnail","6":"product_cat-metall","8":"first","9":"instock","10":"virtual","11":"taxable","12":"purchasable","13":"product-type-curso"},"acf":[],"precio_regular_curso":340.01,"precio_bonificado_curso":358.16,"_links":{"self":[{"href":"https:\/\/previntegral.com\/es\/wp-json\/wp\/v2\/product\/4872","targetHints":{"allow":["GET"]}}],"collection":[{"href":"https:\/\/previntegral.com\/es\/wp-json\/wp\/v2\/product"}],"about":[{"href":"https:\/\/previntegral.com\/es\/wp-json\/wp\/v2\/types\/product"}],"replies":[{"embeddable":true,"href":"https:\/\/previntegral.com\/es\/wp-json\/wp\/v2\/comments?post=4872"}],"wp:featuredmedia":[{"embeddable":true,"href":"https:\/\/previntegral.com\/es\/wp-json\/wp\/v2\/media\/4874"}],"wp:attachment":[{"href":"https:\/\/previntegral.com\/es\/wp-json\/wp\/v2\/media?parent=4872"}],"wp:term":[{"taxonomy":"product_brand","embeddable":true,"href":"https:\/\/previntegral.com\/es\/wp-json\/wp\/v2\/product_brand?post=4872"},{"taxonomy":"product_cat","embeddable":true,"href":"https:\/\/previntegral.com\/es\/wp-json\/wp\/v2\/product_cat?post=4872"},{"taxonomy":"product_tag","embeddable":true,"href":"https:\/\/previntegral.com\/es\/wp-json\/wp\/v2\/product_tag?post=4872"}],"curies":[{"name":"WordPress","href":"https:\/\/api.w.org\/{rel}","templated":true}]}}