{"id":4875,"date":"2025-12-05T11:57:58","date_gmt":"2025-12-05T11:57:58","guid":{"rendered":"https:\/\/previntegral.com\/producto\/c-25-treballs-de-control-de-qualitat-verificacio-i-inspeccio-de-materies-en-curs-de-fabricacio-i-en-productes-acabats-del-sector\/"},"modified":"2026-03-16T18:32:32","modified_gmt":"2026-03-16T18:32:32","slug":"aproximadamente-25-tareas-de-control-de-calidad-verificacion-e-inspeccion-de-materiales-durante-el-proceso-de-fabricacion-y-de-productos-terminados-en-el-sector","status":"publish","type":"product","link":"https:\/\/previntegral.com\/es\/producto\/c-25-treballs-de-control-de-qualitat-verificacio-i-inspeccio-de-materies-en-curs-de-fabricacio-i-en-productes-acabats-del-sector\/","title":{"rendered":"C.25 \u2013 Control de calidad, verificaci\u00f3n e inspecci\u00f3n del trabajo en curso y de los productos terminados en el sector."},"content":{"rendered":"<p>El curso C.25 forma al personal que desarrolla <strong>Control de calidad, verificaci\u00f3n e inspecci\u00f3n<\/strong> de productos en curso y productos terminados dentro de la <strong>Acuerdo sobre metales<\/strong>. Con una duraci\u00f3n de <strong>20 horas<\/strong> i <strong>Modo presencial<\/strong> (no disponible en l\u00ednea), combina un bloque central de <strong>PRL<\/strong> con un bloque espec\u00edfico para cada trabajo destinado a aplicar medidas preventivas en entornos de producci\u00f3n reales. Abarca t\u00e9cnicas para <strong>Metrolog\u00eda<\/strong> y calibraci\u00f3n, criterios de aceptaci\u00f3n, <strong>planes de muestreo<\/strong>, gesti\u00f3n de <strong>no conformidades<\/strong>, <strong>trazabilidad<\/strong> y el mantenimiento de registros, as\u00ed como el uso seguro de equipos de medici\u00f3n y ensayo. Aspectos de ergonom\u00eda, orden y limpieza, bloqueo y etiquetado, y el uso de\u2019<strong>\u00cdndice de protecci\u00f3n equivalente<\/strong>. El programa cumple con la formaci\u00f3n obligatoria para el personal de producci\u00f3n y mantenimiento y puede complementarse con especializaciones profesionales seg\u00fan las necesidades de la planta. Previntegral es <strong>Centro acreditado por la FLC<\/strong> (N.\u00ba 0505080031). De conformidad con el acuerdo, es necesario llevar a cabo <strong>Reciclaje cada 4 a\u00f1os<\/strong> (4 horas) para mantener las habilidades al d\u00eda.<\/p>","protected":false},"excerpt":{"rendered":"<p>El curs C.25 capacita el personal que desenvolupa treballs de control de qualitat, verificaci\u00f3 i inspecci\u00f3 de mat\u00e8ries en proc\u00e9s i producte acabat dins del Conveni del Metall. Amb una durada de 20 hores i modalitat presencial (no disponible online), combina un bloc troncal de PRL amb un bloc espec\u00edfic d\u2019ofici per aplicar mesures preventives [&hellip;]<\/p>\n","protected":false},"featured_media":4877,"comment_status":"open","ping_status":"closed","template":"","meta":{"_acf_changed":false},"product_brand":[],"product_cat":[41],"product_tag":[],"class_list":{"0":"post-4875","1":"product","2":"type-product","3":"status-publish","4":"has-post-thumbnail","6":"product_cat-metall","8":"first","9":"instock","10":"virtual","11":"taxable","12":"purchasable","13":"product-type-curso"},"acf":[],"precio_regular_curso":340.01,"precio_bonificado_curso":358.16,"_links":{"self":[{"href":"https:\/\/previntegral.com\/es\/wp-json\/wp\/v2\/product\/4875","targetHints":{"allow":["GET"]}}],"collection":[{"href":"https:\/\/previntegral.com\/es\/wp-json\/wp\/v2\/product"}],"about":[{"href":"https:\/\/previntegral.com\/es\/wp-json\/wp\/v2\/types\/product"}],"replies":[{"embeddable":true,"href":"https:\/\/previntegral.com\/es\/wp-json\/wp\/v2\/comments?post=4875"}],"wp:featuredmedia":[{"embeddable":true,"href":"https:\/\/previntegral.com\/es\/wp-json\/wp\/v2\/media\/4877"}],"wp:attachment":[{"href":"https:\/\/previntegral.com\/es\/wp-json\/wp\/v2\/media?parent=4875"}],"wp:term":[{"taxonomy":"product_brand","embeddable":true,"href":"https:\/\/previntegral.com\/es\/wp-json\/wp\/v2\/product_brand?post=4875"},{"taxonomy":"product_cat","embeddable":true,"href":"https:\/\/previntegral.com\/es\/wp-json\/wp\/v2\/product_cat?post=4875"},{"taxonomy":"product_tag","embeddable":true,"href":"https:\/\/previntegral.com\/es\/wp-json\/wp\/v2\/product_tag?post=4875"}],"curies":[{"name":"WordPress","href":"https:\/\/api.w.org\/{rel}","templated":true}]}}