{"id":4878,"date":"2025-12-05T11:58:39","date_gmt":"2025-12-05T11:58:39","guid":{"rendered":"https:\/\/previntegral.com\/producto\/c-27-conductors-de-carretons-elevadors\/"},"modified":"2026-03-16T18:32:32","modified_gmt":"2026-03-16T18:32:32","slug":"27-conductores-de-carretillas-elevadoras","status":"publish","type":"product","link":"https:\/\/previntegral.com\/es\/producto\/c-27-conductors-de-carretons-elevadors\/","title":{"rendered":"C.27 \u2013 Conductores de carretillas elevadoras"},"content":{"rendered":"<p>El curso C.27 \u2013 Operadores de carretillas elevadoras, incluido en el Convenio del Metal, forma al personal de producci\u00f3n y mantenimiento para manejar carretillas elevadoras de forma segura y de acuerdo con la normativa vigente. Tiene una duraci\u00f3n de 20 horas y se imparte en el modo 100%. <strong>presencial<\/strong>, combina un bloque central de <strong>prevenci\u00f3n de riesgos laborales<\/strong> con un bloque espec\u00edfico para el oficio, donde se lleva a cabo el trabajo. <strong>Conducci\u00f3n segura<\/strong>, el <strong>maniobras<\/strong> en espacios confinados, el\u2019<strong>estabilidad de carga<\/strong>, Apilamiento, circulaci\u00f3n interna y se\u00f1alizaci\u00f3n. Incluye inspecci\u00f3n previa a la operaci\u00f3n, gesti\u00f3n de bater\u00edas y combustible, mantenimiento b\u00e1sico y protocolos de\u2019<strong>emergencia<\/strong>. Las sesiones pr\u00e1cticas se llevan a cabo utilizando diferentes tipos de carretillas elevadoras (cargadoras frontales, retr\u00e1ctiles y transpaletas el\u00e9ctricas) en situaciones de trabajo reales. La formaci\u00f3n se adapta al lugar de trabajo y a las responsabilidades, garantizando la\u2019<strong>Integraci\u00f3n de OHS<\/strong> en las rutinas diarias y la reducci\u00f3n de accidentes. De acuerdo con el Convenio del Metal, la cualificaci\u00f3n debe renovarse cada cuatro a\u00f1os mediante un curso de actualizaci\u00f3n de cuatro horas de duraci\u00f3n para mantener las competencias y garantizar la seguridad operativa.<\/p>","protected":false},"excerpt":{"rendered":"<p>El curs C.27 \u2013 Conductors de carretons elevadors, del Conveni del Metall, capacita el personal de producci\u00f3 i manteniment per operar carretons amb seguretat i d\u2019acord amb la normativa vigent. Amb una durada de 20 hores i modalitat 100% presencial, combina un bloc troncal de prevenci\u00f3 de riscos laborals amb un bloc espec\u00edfic de l\u2019ofici, [&hellip;]<\/p>\n","protected":false},"featured_media":4880,"comment_status":"open","ping_status":"closed","template":"","meta":{"_acf_changed":false},"product_brand":[],"product_cat":[41],"product_tag":[],"class_list":{"0":"post-4878","1":"product","2":"type-product","3":"status-publish","4":"has-post-thumbnail","6":"product_cat-metall","8":"first","9":"instock","10":"virtual","11":"taxable","12":"purchasable","13":"product-type-curso"},"acf":[],"precio_regular_curso":340.01,"precio_bonificado_curso":358.16,"_links":{"self":[{"href":"https:\/\/previntegral.com\/es\/wp-json\/wp\/v2\/product\/4878","targetHints":{"allow":["GET"]}}],"collection":[{"href":"https:\/\/previntegral.com\/es\/wp-json\/wp\/v2\/product"}],"about":[{"href":"https:\/\/previntegral.com\/es\/wp-json\/wp\/v2\/types\/product"}],"replies":[{"embeddable":true,"href":"https:\/\/previntegral.com\/es\/wp-json\/wp\/v2\/comments?post=4878"}],"wp:featuredmedia":[{"embeddable":true,"href":"https:\/\/previntegral.com\/es\/wp-json\/wp\/v2\/media\/4880"}],"wp:attachment":[{"href":"https:\/\/previntegral.com\/es\/wp-json\/wp\/v2\/media?parent=4878"}],"wp:term":[{"taxonomy":"product_brand","embeddable":true,"href":"https:\/\/previntegral.com\/es\/wp-json\/wp\/v2\/product_brand?post=4878"},{"taxonomy":"product_cat","embeddable":true,"href":"https:\/\/previntegral.com\/es\/wp-json\/wp\/v2\/product_cat?post=4878"},{"taxonomy":"product_tag","embeddable":true,"href":"https:\/\/previntegral.com\/es\/wp-json\/wp\/v2\/product_tag?post=4878"}],"curies":[{"name":"WordPress","href":"https:\/\/api.w.org\/{rel}","templated":true}]}}