{"id":4884,"date":"2025-12-05T12:00:12","date_gmt":"2025-12-05T12:00:12","guid":{"rendered":"https:\/\/previntegral.com\/producto\/c-30-operaris-en-magatzem-i-logistica-i-aprovisionament-en-els-processos-de-fabricacio-incloses-entre-altres-activitats-com-empaquetatge-preparacio-de-productes-repro-cessament-amb-lajuda-o\/"},"modified":"2026-03-16T18:32:32","modified_gmt":"2026-03-16T18:32:32","slug":"30-operarios-en-almacen-y-logistica-y-aprovisionamiento-en-los-procesos-de-fabricacion-incluidas-entre-otras-actividades-como-empaquetado-preparacion-de-productos-reprocesamiento-con-la-ayuda-o","status":"publish","type":"product","link":"https:\/\/previntegral.com\/es\/producto\/c-30-operaris-en-magatzem-i-logistica-i-aprovisionament-en-els-processos-de-fabricacio-incloses-entre-altres-activitats-com-empaquetatge-preparacio-de-productes-repro-cessament-amb-lajuda-o\/","title":{"rendered":"C.30 \u2013 Operarios de almac\u00e9n, log\u00edstica y aprovisionamiento en procesos de fabricaci\u00f3n (incluidas, entre otras actividades, el embalaje, la preparaci\u00f3n de productos, el reprocesamiento \u2014con o sin ayuda de equipos mec\u00e1nicos\u2014 y otras tareas relacionadas con la adquisici\u00f3n y el suministro de materiales y componentes)"},"content":{"rendered":"<p>El curso C.30 prepara a los operarios de <strong>almac\u00e9n, log\u00edstica y aprovisionamiento<\/strong> en entornos de fabricaci\u00f3n para trabajar de manera segura y eficaz de acuerdo con <strong>Acuerdo sobre metales<\/strong>. Con una duraci\u00f3n de <strong>20 horas<\/strong> en <strong>Modo presencial<\/strong>, combina un bloque central de <strong>PRL<\/strong> (aspectos legales, derechos y obligaciones, comunicaci\u00f3n de riesgos) con un bloque espec\u00edfico del lugar de trabajo. Se abordan los riesgos propios de recepci\u00f3n, ubicaci\u00f3n, <strong>recogida<\/strong>, empaquetado, reprocesamiento y suministro en l\u00ednea: <strong>Manipulaci\u00f3n de cargas<\/strong>, ergonom\u00eda, circulaci\u00f3n interna, ca\u00eddas al mismo nivel, colisiones, atrapamientos con elementos mec\u00e1nicos y uso seguro de <strong>carretillas<\/strong>, transpaletas y equipos de elevaci\u00f3n. Se trabajan medidas como <strong>Equipo de protecci\u00f3n personal<\/strong>, <strong>se\u00f1alizaci\u00f3n<\/strong>, 5S, apilamiento y estiba seguros, trazabilidad, etiquetado y procedimientos de emergencia, con casos pr\u00e1cticos y simulaciones en el lugar. La formaci\u00f3n cumple la obligatoriedad sectorial y facilita la posterior actualizaci\u00f3n quinquenal (reciclaje de 4 h). Previntegral, <strong>centro acreditado<\/strong> (FLC n\u00fam. 0505080031), garantiza una metodolog\u00eda participativa y aplicable desde el primer d\u00eda.<\/p>","protected":false},"excerpt":{"rendered":"<p>El curs C.30 prepara els operaris de magatzem, log\u00edstica i aprovisionament en entorns de fabricaci\u00f3 per treballar amb seguretat i efic\u00e0cia d\u2019acord amb el Conveni del Metall. Amb una durada de 20 hores en modalitat presencial, combina un bloc troncal de PRL (marc legal, drets i obligacions, comunicaci\u00f3 de riscos) amb un bloc espec\u00edfic del [&hellip;]<\/p>\n","protected":false},"featured_media":4886,"comment_status":"open","ping_status":"closed","template":"","meta":{"_acf_changed":false},"product_brand":[],"product_cat":[41],"product_tag":[],"class_list":{"0":"post-4884","1":"product","2":"type-product","3":"status-publish","4":"has-post-thumbnail","6":"product_cat-metall","8":"first","9":"instock","10":"virtual","11":"taxable","12":"purchasable","13":"product-type-curso"},"acf":[],"precio_regular_curso":340.01,"precio_bonificado_curso":358.16,"_links":{"self":[{"href":"https:\/\/previntegral.com\/es\/wp-json\/wp\/v2\/product\/4884","targetHints":{"allow":["GET"]}}],"collection":[{"href":"https:\/\/previntegral.com\/es\/wp-json\/wp\/v2\/product"}],"about":[{"href":"https:\/\/previntegral.com\/es\/wp-json\/wp\/v2\/types\/product"}],"replies":[{"embeddable":true,"href":"https:\/\/previntegral.com\/es\/wp-json\/wp\/v2\/comments?post=4884"}],"wp:featuredmedia":[{"embeddable":true,"href":"https:\/\/previntegral.com\/es\/wp-json\/wp\/v2\/media\/4886"}],"wp:attachment":[{"href":"https:\/\/previntegral.com\/es\/wp-json\/wp\/v2\/media?parent=4884"}],"wp:term":[{"taxonomy":"product_brand","embeddable":true,"href":"https:\/\/previntegral.com\/es\/wp-json\/wp\/v2\/product_brand?post=4884"},{"taxonomy":"product_cat","embeddable":true,"href":"https:\/\/previntegral.com\/es\/wp-json\/wp\/v2\/product_cat?post=4884"},{"taxonomy":"product_tag","embeddable":true,"href":"https:\/\/previntegral.com\/es\/wp-json\/wp\/v2\/product_tag?post=4884"}],"curies":[{"name":"WordPress","href":"https:\/\/api.w.org\/{rel}","templated":true}]}}