{"id":4894,"date":"2025-12-05T12:29:23","date_gmt":"2025-12-05T12:29:23","guid":{"rendered":"https:\/\/previntegral.com\/producto\/c-32-contingut-formatiu-per-a-activitats-que-no-es-trobin-expressament-regulades-en-aquest-conveni\/"},"modified":"2026-03-16T18:32:32","modified_gmt":"2026-03-16T18:32:32","slug":"c-32-contingut-formatiu-per-a-activitats-que-no-es-trobin-expressament-regulades-en-aquest-conveni","status":"publish","type":"product","link":"https:\/\/previntegral.com\/es\/producto\/c-32-contingut-formatiu-per-a-activitats-que-no-es-trobin-expressament-regulades-en-aquest-conveni\/","title":{"rendered":"C.32 \u2013 Contenido de la formaci\u00f3n para actividades no reguladas expresamente en el presente acuerdo"},"content":{"rendered":"<p>El curs C.32 d\u00f3na resposta a activitats del sector del <strong>Metal<\/strong> que no estan expressament recollides al conveni, oferint una formaci\u00f3 en <strong>prevenci\u00f3n de riesgos laborales<\/strong> adaptada a cada cas. T\u00e9 una durada de <strong>20 horas<\/strong> i es realitza en <strong>Modo presencial<\/strong>, combinant sessions te\u00f2riques i pr\u00e0ctiques en aula-taller. Partim d\u2019una diagnosi de l\u2019ofici per dissenyar continguts a mida: nucli com\u00fa de PRL (marc legal, organitzaci\u00f3 de la prevenci\u00f3, <b>\u00cdndice de protecci\u00f3n equivalente<\/b> i proteccions col\u00b7lectives, senyalitzaci\u00f3, emerg\u00e8ncies) i m\u00f2dul espec\u00edfic dels riscos de l\u2019activitat (p. ex. <strong>soldadura y corte<\/strong>, muntatge d\u2019<strong>automatitzacions<\/strong>, <strong>Carpinter\u00eda met\u00e1lica<\/strong> aplicada a instal\u00b7lacions de reg, riscos <b>el\u00e8ctrics<\/b>, <b>mec\u00e0nics<\/b> i <b>qu\u00edmics<\/b>, <b>ergonom\u00eda<\/b>, treballs en al\u00e7ada i procediments com <strong>Bloqueo\/Etiquetado<\/strong>). Amb casos reals (ATH Riegos, Tecni Riego Bin\u00e8far), s\u2019integren <strong>Procedimientos de trabajo seguros<\/strong>, checklist d\u2019equips i bones pr\u00e0ctiques. La metodologia \u00e9s participativa, amb simulacions i avaluaci\u00f3 cont\u00ednua, per assegurar la compet\u00e8ncia en tasques di\u00e0ries i el compliment del conveni. Formaci\u00f3 impartida per centre <strong>FLC homologado<\/strong> i orientada a la futura <b>Renovaci\u00f3n cada 4 a\u00f1os<\/b>.<\/p>","protected":false},"excerpt":{"rendered":"<p>El curs C.32 d\u00f3na resposta a activitats del sector del Metall que no estan expressament recollides al conveni, oferint una formaci\u00f3 en prevenci\u00f3 de riscos laborals adaptada a cada cas. T\u00e9 una durada de 20 hores i es realitza en modalitat presencial, combinant sessions te\u00f2riques i pr\u00e0ctiques en aula-taller. Partim d\u2019una diagnosi de l\u2019ofici per [&hellip;]<\/p>\n","protected":false},"featured_media":4896,"comment_status":"open","ping_status":"closed","template":"","meta":{"_acf_changed":false},"product_brand":[],"product_cat":[41],"product_tag":[],"class_list":{"0":"post-4894","1":"product","2":"type-product","3":"status-publish","4":"has-post-thumbnail","6":"product_cat-metall","8":"first","9":"instock","10":"virtual","11":"taxable","12":"purchasable","13":"product-type-curso"},"acf":[],"precio_regular_curso":340.01,"precio_bonificado_curso":358.16,"_links":{"self":[{"href":"https:\/\/previntegral.com\/es\/wp-json\/wp\/v2\/product\/4894","targetHints":{"allow":["GET"]}}],"collection":[{"href":"https:\/\/previntegral.com\/es\/wp-json\/wp\/v2\/product"}],"about":[{"href":"https:\/\/previntegral.com\/es\/wp-json\/wp\/v2\/types\/product"}],"replies":[{"embeddable":true,"href":"https:\/\/previntegral.com\/es\/wp-json\/wp\/v2\/comments?post=4894"}],"wp:featuredmedia":[{"embeddable":true,"href":"https:\/\/previntegral.com\/es\/wp-json\/wp\/v2\/media\/4896"}],"wp:attachment":[{"href":"https:\/\/previntegral.com\/es\/wp-json\/wp\/v2\/media?parent=4894"}],"wp:term":[{"taxonomy":"product_brand","embeddable":true,"href":"https:\/\/previntegral.com\/es\/wp-json\/wp\/v2\/product_brand?post=4894"},{"taxonomy":"product_cat","embeddable":true,"href":"https:\/\/previntegral.com\/es\/wp-json\/wp\/v2\/product_cat?post=4894"},{"taxonomy":"product_tag","embeddable":true,"href":"https:\/\/previntegral.com\/es\/wp-json\/wp\/v2\/product_tag?post=4894"}],"curies":[{"name":"WordPress","href":"https:\/\/api.w.org\/{rel}","templated":true}]}}