{"id":4897,"date":"2025-12-05T12:29:51","date_gmt":"2025-12-05T12:29:51","guid":{"rendered":"https:\/\/previntegral.com\/producto\/delegats-de-prevencio-3\/"},"modified":"2026-03-16T18:32:32","modified_gmt":"2026-03-16T18:32:32","slug":"delegats-de-prevencio-3","status":"publish","type":"product","link":"https:\/\/previntegral.com\/es\/producto\/delegats-de-prevencio-3\/","title":{"rendered":"Delegados de prevenci\u00f3n"},"content":{"rendered":"<p>El curso \u00abDelegados de prevenci\u00f3n\u00bb es un programa de formaci\u00f3n. <strong>totalment presencial<\/strong> de <strong>50 horas<\/strong> adre\u00e7ada a les persones treballadores designades com a <strong>delegats i delegades de prevenci\u00f3<\/strong> en empreses acollides al <strong>Acuerdo sobre metales<\/strong>. D\u2019acord amb la normativa vigent, es tracta d\u2019una formaci\u00f3 obligat\u00f2ria que combina contingut t\u00e8cnic i pr\u00e0ctic per dotar d\u2019eines reals d\u2019intervenci\u00f3 en el lloc de treball. Treballarem la <strong>normativa de seguretat i salut laboral<\/strong> (LPRL i desenvolupaments reglamentaris), els drets i deures, la identificaci\u00f3 de <strong>Riesgos laborales<\/strong>, el <strong>T\u00e9cnicas preventivas<\/strong> i la seva aplicaci\u00f3 a processos i equips propis del sector. S\u2019abordaran l\u2019<strong>evaluaci\u00f3n de riesgos<\/strong> i la planificaci\u00f3 preventiva, la <strong>investigaci\u00f3 d\u2019accidents<\/strong>, l\u2019\u00fas d\u2019EPI, la vigil\u00e0ncia de la salut, la documentaci\u00f3 PRL i la interlocuci\u00f3 al <em>Comit\u00e9 de Seguridad y Salud<\/em>. La metodologia \u00e9s participativa, amb casos i din\u00e0miques que reforcen la <strong>gesti\u00f3n preventiva<\/strong> a l\u2019empresa i la <strong>Coordinaci\u00f3n de actividades empresariales<\/strong>, perqu\u00e8 el delegat o delegada actu\u00ef amb criteri, autonomia i capacitat d\u2019influ\u00e8ncia en la millora cont\u00ednua.<\/p>","protected":false},"excerpt":{"rendered":"<p>El curs Delegats de Prevenci\u00f3 \u00e9s una formaci\u00f3 totalment presencial de 50 hores adre\u00e7ada a les persones treballadores designades com a delegats i delegades de prevenci\u00f3 en empreses acollides al Conveni del Metall. D\u2019acord amb la normativa vigent, es tracta d\u2019una formaci\u00f3 obligat\u00f2ria que combina contingut t\u00e8cnic i pr\u00e0ctic per dotar d\u2019eines reals d\u2019intervenci\u00f3 en [&hellip;]<\/p>\n","protected":false},"featured_media":4899,"comment_status":"open","ping_status":"closed","template":"","meta":{"_acf_changed":false},"product_brand":[],"product_cat":[41],"product_tag":[],"class_list":{"0":"post-4897","1":"product","2":"type-product","3":"status-publish","4":"has-post-thumbnail","6":"product_cat-metall","8":"first","9":"instock","10":"virtual","11":"taxable","12":"purchasable","13":"product-type-curso"},"acf":[],"precio_regular_curso":724.79,"precio_bonificado_curso":762.3,"_links":{"self":[{"href":"https:\/\/previntegral.com\/es\/wp-json\/wp\/v2\/product\/4897","targetHints":{"allow":["GET"]}}],"collection":[{"href":"https:\/\/previntegral.com\/es\/wp-json\/wp\/v2\/product"}],"about":[{"href":"https:\/\/previntegral.com\/es\/wp-json\/wp\/v2\/types\/product"}],"replies":[{"embeddable":true,"href":"https:\/\/previntegral.com\/es\/wp-json\/wp\/v2\/comments?post=4897"}],"wp:featuredmedia":[{"embeddable":true,"href":"https:\/\/previntegral.com\/es\/wp-json\/wp\/v2\/media\/4899"}],"wp:attachment":[{"href":"https:\/\/previntegral.com\/es\/wp-json\/wp\/v2\/media?parent=4897"}],"wp:term":[{"taxonomy":"product_brand","embeddable":true,"href":"https:\/\/previntegral.com\/es\/wp-json\/wp\/v2\/product_brand?post=4897"},{"taxonomy":"product_cat","embeddable":true,"href":"https:\/\/previntegral.com\/es\/wp-json\/wp\/v2\/product_cat?post=4897"},{"taxonomy":"product_tag","embeddable":true,"href":"https:\/\/previntegral.com\/es\/wp-json\/wp\/v2\/product_tag?post=4897"}],"curies":[{"name":"WordPress","href":"https:\/\/api.w.org\/{rel}","templated":true}]}}