{"id":4900,"date":"2025-12-05T12:30:24","date_gmt":"2025-12-05T12:30:24","guid":{"rendered":"https:\/\/previntegral.com\/producto\/formacio-per-a-directius-dempresa-del-metall\/"},"modified":"2026-03-18T15:02:18","modified_gmt":"2026-03-18T15:02:18","slug":"formacion-para-directivos-de-empresas-metalurgicas","status":"publish","type":"product","link":"https:\/\/previntegral.com\/es\/producto\/formacio-per-a-directius-dempresa-del-metall\/","title":{"rendered":"Formaci\u00f3n para directivos del sector metal\u00fargico"},"content":{"rendered":"<p>La formaci\u00f3n para directivos del sector metal\u00fargico es un programa destinado a integrar a los <strong>prevenci\u00f3n de riesgos laborales<\/strong> en el\u2019<strong>estrategia empresarial<\/strong> y en la gesti\u00f3n diaria. En <strong>Modo en l\u00ednea 100% (ense\u00f1anza a distancia)<\/strong> y con una duraci\u00f3n de <strong>6 horas<\/strong>, El curso ofrece herramientas para que los equipos directivos del sector tomen decisiones fundamentadas, definan responsabilidades e impulsen una <strong>Cultura preventiva<\/strong> en todos los \u00e1mbitos (producci\u00f3n, mantenimiento y oficinas). A trav\u00e9s de casos pr\u00e1cticos, trabajaremos en la planificaci\u00f3n preventiva, la identificaci\u00f3n y la priorizaci\u00f3n de <strong>riesgos<\/strong>, la definici\u00f3n de\u2019<strong>indicadores<\/strong> y objetivos, la comunicaci\u00f3n interna, la <strong>Coordinaci\u00f3n de actividades empresariales<\/strong> y la integraci\u00f3n de la seguridad y la salud en el trabajo en procesos clave como la contrataci\u00f3n p\u00fablica o la subcontrataci\u00f3n. El contenido se ajusta a los requisitos de la <strong>Convenio colectivo para la industria metal\u00fargica<\/strong> y contribuye a cumplir con las obligaciones de formaci\u00f3n del sector, aportando conocimientos de gesti\u00f3n, eficiencia organizativa y mejoras reales en materia de seguridad. La metodolog\u00eda es pr\u00e1ctica, flexible y est\u00e1 dirigida por un tutor experto, lo que te permite aplicar mejoras inmediatas que repercuten en la <strong>productividad<\/strong> y el <strong>bienestar<\/strong> de personas.<\/p>","protected":false},"excerpt":{"rendered":"<p>La Formaci\u00f3 per a directius d\u2019empresa del metall \u00e9s un programa orientat a integrar la prevenci\u00f3 de riscos laborals en l\u2019estrat\u00e8gia empresarial i en la gesti\u00f3 del dia a dia. En modalitat 100% online (teleformaci\u00f3) i amb una durada de 6 hores, el curs facilita eines perqu\u00e8 els equips directius del sector prenguin decisions informades, [&hellip;]<\/p>\n","protected":false},"featured_media":4904,"comment_status":"open","ping_status":"closed","template":"","meta":{"_acf_changed":false},"product_brand":[],"product_cat":[41],"product_tag":[],"class_list":{"0":"post-4900","1":"product","2":"type-product","3":"status-publish","4":"has-post-thumbnail","6":"product_cat-metall","8":"first","9":"instock","10":"virtual","11":"taxable","12":"purchasable","13":"product-type-curso"},"acf":[],"precio_regular_curso":85.91,"precio_bonificado_curso":85.91,"_links":{"self":[{"href":"https:\/\/previntegral.com\/es\/wp-json\/wp\/v2\/product\/4900","targetHints":{"allow":["GET"]}}],"collection":[{"href":"https:\/\/previntegral.com\/es\/wp-json\/wp\/v2\/product"}],"about":[{"href":"https:\/\/previntegral.com\/es\/wp-json\/wp\/v2\/types\/product"}],"replies":[{"embeddable":true,"href":"https:\/\/previntegral.com\/es\/wp-json\/wp\/v2\/comments?post=4900"}],"wp:featuredmedia":[{"embeddable":true,"href":"https:\/\/previntegral.com\/es\/wp-json\/wp\/v2\/media\/4904"}],"wp:attachment":[{"href":"https:\/\/previntegral.com\/es\/wp-json\/wp\/v2\/media?parent=4900"}],"wp:term":[{"taxonomy":"product_brand","embeddable":true,"href":"https:\/\/previntegral.com\/es\/wp-json\/wp\/v2\/product_brand?post=4900"},{"taxonomy":"product_cat","embeddable":true,"href":"https:\/\/previntegral.com\/es\/wp-json\/wp\/v2\/product_cat?post=4900"},{"taxonomy":"product_tag","embeddable":true,"href":"https:\/\/previntegral.com\/es\/wp-json\/wp\/v2\/product_tag?post=4900"}],"curies":[{"name":"WordPress","href":"https:\/\/api.w.org\/{rel}","templated":true}]}}