{"id":4901,"date":"2025-12-05T12:30:25","date_gmt":"2025-12-05T12:30:25","guid":{"rendered":"https:\/\/previntegral.com\/producto\/nivell-basic-metall\/"},"modified":"2026-03-16T18:32:32","modified_gmt":"2026-03-16T18:32:32","slug":"nivell-basic-metall","status":"publish","type":"product","link":"https:\/\/previntegral.com\/es\/producto\/nivell-basic-metall\/","title":{"rendered":"Metal de nivel b\u00e1sico"},"content":{"rendered":"<p>El curs Nivell b\u00e0sic metall capacita treballadors i comandaments del sector per exercir <strong>Funciones preventivas de nivel b\u00e1sico<\/strong> dins l\u2019empresa, d\u2019acord amb el Conveni Col\u00b7lectiu Estatal del Metall. Amb una <strong>modalidad mixta<\/strong> de <strong>50 horas<\/strong> \u2014<strong>20 h presencials<\/strong> i <strong>30 h de teleformaci\u00f3<\/strong>\u2014 combina teoria i pr\u00e0ctica perqu\u00e8 puguis aplicar la prevenci\u00f3 a peu de taller, oficines, producci\u00f3 o manteniment. Treballarem la <strong>detecci\u00f3 de riscos<\/strong>, la planificaci\u00f3 de <strong>medidas preventivas<\/strong>, la coordinaci\u00f3 d\u2019activitats, la gesti\u00f3 d\u2019emerg\u00e8ncies i la comunicaci\u00f3 segura, amb continguts <strong>espec\u00edfics per especialitat d\u2019ofici<\/strong>. A partir de casos i situacions reals, adquirir\u00e0s criteri per col\u00b7laborar en la implantaci\u00f3 de procediments, fer seguiment d\u2019equips de treball i impulsar millores en <strong>seguridad y salud<\/strong>. Aquesta formaci\u00f3 dona resposta a l\u2019exig\u00e8ncia sectorial de disposar de personal acreditat en cada ofici i facilita l\u2019actualitzaci\u00f3 cont\u00ednua. Ideal per a operaris, t\u00e8cnics i responsables que necessiten una acreditaci\u00f3 s\u00f2lida i flexible, sense renunciar a espais de pr\u00e0ctica guiada.<\/p>","protected":false},"excerpt":{"rendered":"<p>El curs Nivell b\u00e0sic metall capacita treballadors i comandaments del sector per exercir funcions preventives de nivell b\u00e0sic dins l\u2019empresa, d\u2019acord amb el Conveni Col\u00b7lectiu Estatal del Metall. Amb una modalitat mixta de 50 hores \u201420 h presencials i 30 h de teleformaci\u00f3\u2014 combina teoria i pr\u00e0ctica perqu\u00e8 puguis aplicar la prevenci\u00f3 a peu de [&hellip;]<\/p>\n","protected":false},"featured_media":4905,"comment_status":"open","ping_status":"closed","template":"","meta":{"_acf_changed":false},"product_brand":[],"product_cat":[41],"product_tag":[],"class_list":{"0":"post-4901","1":"product","2":"type-product","3":"status-publish","4":"has-post-thumbnail","6":"product_cat-metall","8":"first","9":"instock","10":"virtual","11":"taxable","12":"purchasable","13":"product-type-curso"},"acf":[],"precio_regular_curso":436.81,"precio_bonificado_curso":459.8,"_links":{"self":[{"href":"https:\/\/previntegral.com\/es\/wp-json\/wp\/v2\/product\/4901","targetHints":{"allow":["GET"]}}],"collection":[{"href":"https:\/\/previntegral.com\/es\/wp-json\/wp\/v2\/product"}],"about":[{"href":"https:\/\/previntegral.com\/es\/wp-json\/wp\/v2\/types\/product"}],"replies":[{"embeddable":true,"href":"https:\/\/previntegral.com\/es\/wp-json\/wp\/v2\/comments?post=4901"}],"wp:featuredmedia":[{"embeddable":true,"href":"https:\/\/previntegral.com\/es\/wp-json\/wp\/v2\/media\/4905"}],"wp:attachment":[{"href":"https:\/\/previntegral.com\/es\/wp-json\/wp\/v2\/media?parent=4901"}],"wp:term":[{"taxonomy":"product_brand","embeddable":true,"href":"https:\/\/previntegral.com\/es\/wp-json\/wp\/v2\/product_brand?post=4901"},{"taxonomy":"product_cat","embeddable":true,"href":"https:\/\/previntegral.com\/es\/wp-json\/wp\/v2\/product_cat?post=4901"},{"taxonomy":"product_tag","embeddable":true,"href":"https:\/\/previntegral.com\/es\/wp-json\/wp\/v2\/product_tag?post=4901"}],"curies":[{"name":"WordPress","href":"https:\/\/api.w.org\/{rel}","templated":true}]}}