{"id":4906,"date":"2025-12-05T12:30:36","date_gmt":"2025-12-05T12:30:36","guid":{"rendered":"https:\/\/previntegral.com\/producto\/formacio-per-a-personal-doficines\/"},"modified":"2026-03-26T07:37:29","modified_gmt":"2026-03-26T07:37:29","slug":"formacion-para-el-personal-de-oficina","status":"publish","type":"product","link":"https:\/\/previntegral.com\/es\/producto\/formacio-per-a-personal-doficines\/","title":{"rendered":"Formaci\u00f3n para el personal administrativo"},"content":{"rendered":"<p>Este curso ofrece formaci\u00f3n b\u00e1sica en <strong>6 horas<\/strong> para el personal administrativo del sector <strong>Acuerdo sobre metales<\/strong>, con una estructura \u00e1gil y pr\u00e1ctica similar a la de los directivos, pero centrada en los riesgos inherentes a los entornos administrativos. Trabajaremos en el <strong>ergonom\u00eda<\/strong> del lugar de trabajo (posturas, organizaci\u00f3n, iluminaci\u00f3n y microclima), el uso seguro de <strong>pantallas<\/strong> i <strong>equipos inform\u00e1ticos<\/strong>, la gesti\u00f3n de la carga visual y mental, as\u00ed como directrices para <strong>teletrabajo<\/strong> Seguridad, orden y limpieza, y medidas b\u00e1sicas de respuesta ante emergencias. Disponible en formato modular. <strong>presencial<\/strong> i <strong>en l\u00ednea<\/strong> (con una opci\u00f3n semipresencial), se adapta al horario de la empresa para facilitar la participaci\u00f3n sin interrumpir las operaciones. A trav\u00e9s de casos pr\u00e1cticos, listas de verificaci\u00f3n y autoevaluaciones, los participantes aprender\u00e1n a identificar riesgos, aplicar medidas preventivas inmediatas e incorporar h\u00e1bitos saludables que mejoren el bienestar y la productividad. La certificaci\u00f3n obtenida es \u00fatil para su <strong>Cumplimiento normativo<\/strong>. Previntegral es un centro acreditado por la FLC (n.\u00ba 0505080031), lo que garantiza su calidad metodol\u00f3gica y su rigor t\u00e9cnico.<\/p>","protected":false},"excerpt":{"rendered":"<p>Aquest curs ofereix una formaci\u00f3 essencial de 6 hores per al personal d\u2019oficines del sector del Conveni del Metall, amb una estructura \u00e0gil i pr\u00e0ctica similar a la dels directius, per\u00f2 enfocada als riscos propis dels entorns administratius. Treballarem la ergonomia del lloc de treball (postures, organitzaci\u00f3, il\u00b7luminaci\u00f3 i microclima), l\u2019\u00fas segur de pantalles de [&hellip;]<\/p>\n","protected":false},"featured_media":4908,"comment_status":"open","ping_status":"closed","template":"","meta":{"_acf_changed":false},"product_brand":[],"product_cat":[41],"product_tag":[],"class_list":{"0":"post-4906","1":"product","2":"type-product","3":"status-publish","4":"has-post-thumbnail","6":"product_cat-metall","8":"first","9":"instock","10":"virtual","11":"taxable","12":"purchasable","13":"product-type-curso"},"acf":[],"precio_regular_curso":85.91,"precio_bonificado_curso":90.75,"_links":{"self":[{"href":"https:\/\/previntegral.com\/es\/wp-json\/wp\/v2\/product\/4906","targetHints":{"allow":["GET"]}}],"collection":[{"href":"https:\/\/previntegral.com\/es\/wp-json\/wp\/v2\/product"}],"about":[{"href":"https:\/\/previntegral.com\/es\/wp-json\/wp\/v2\/types\/product"}],"replies":[{"embeddable":true,"href":"https:\/\/previntegral.com\/es\/wp-json\/wp\/v2\/comments?post=4906"}],"wp:featuredmedia":[{"embeddable":true,"href":"https:\/\/previntegral.com\/es\/wp-json\/wp\/v2\/media\/4908"}],"wp:attachment":[{"href":"https:\/\/previntegral.com\/es\/wp-json\/wp\/v2\/media?parent=4906"}],"wp:term":[{"taxonomy":"product_brand","embeddable":true,"href":"https:\/\/previntegral.com\/es\/wp-json\/wp\/v2\/product_brand?post=4906"},{"taxonomy":"product_cat","embeddable":true,"href":"https:\/\/previntegral.com\/es\/wp-json\/wp\/v2\/product_cat?post=4906"},{"taxonomy":"product_tag","embeddable":true,"href":"https:\/\/previntegral.com\/es\/wp-json\/wp\/v2\/product_tag?post=4906"}],"curies":[{"name":"WordPress","href":"https:\/\/api.w.org\/{rel}","templated":true}]}}